{"id":8953,"date":"2024-11-27T10:41:15","date_gmt":"2024-11-27T08:41:15","guid":{"rendered":"https:\/\/secihouse.lt\/?post_type=product&#038;p=8953"},"modified":"2025-10-13T09:31:09","modified_gmt":"2025-10-13T07:31:09","slug":"konges-slojd-muzikinis-pieninas","status":"publish","type":"product","link":"https:\/\/secihouse.lt\/index.php\/product\/konges-slojd-muzikinis-pieninas\/","title":{"rendered":"Konges Slojd muzikinis pianinas"},"content":{"rendered":"<p>Nori J\u016bs\u0173 ma\u017eylis b\u016bti muzikantu ? Su muzikiniu pianinu tai padaryti bus linksma ir visai lengva, o namuose skamb\u0117s daug juoko.<\/p>\n<p>Muzikin\u0117 klaviat\u016bra su 37 klasikiniais klavi\u0161ais ir keliomis garso bei \u012fra\u0161ymo funkcijomis. Apima skirtingus b\u016bgno, fono ir ritmo garsus, kad gal\u0117tum\u0117te sukurti piln\u0105 melodij\u0105.<\/p>\n<p><strong>Prie\u0161 naudodami \u012fd\u0117kite 2 x AAA baterijas (nepridedama)<\/strong><\/p>\n<p><strong>Rekomenduojamas am\u017eius: 3 metai +<\/strong><\/p>\n<p>Nenaudokite arti ausy\u010di\u0173!<\/p>\n<p>&nbsp;<\/p>\n","protected":false},"excerpt":{"rendered":"<p>Nori J\u016bs\u0173 ma\u017eylis b\u016bti muzikantu ? Su muzikiniu pianinu tai padaryti bus linksma ir visai lengva, o namuose skamb\u0117s daug juoko. Muzikin\u0117 klaviat\u016bra su 37 klasikiniais klavi\u0161ais ir keliomis garso bei \u012fra\u0161ymo funkcijomis. Apima skirtingus b\u016bgno, fono ir ritmo garsus, kad gal\u0117tum\u0117te sukurti piln\u0105 melodij\u0105. Prie\u0161 naudodami \u012fd\u0117kite 2 x AAA baterijas (nepridedama) Rekomenduojamas am\u017eius: [&hellip;]<\/p>\n","protected":false},"featured_media":8954,"template":"","meta":[],"product_brand":[],"product_cat":[186,66],"product_tag":[236,759,450,632,42],"class_list":{"0":"post-8953","1":"product","2":"type-product","3":"status-publish","4":"has-post-thumbnail","6":"product_cat-naujienos","7":"product_cat-zaislai","8":"product_tag-konges-slojd","9":"product_tag-konges-slojd-muzikinis-pieninas","10":"product_tag-konges-slojd-zaislai","11":"product_tag-muzikinis-zaislas","12":"product_tag-zaislai","13":"","15":"first","16":"outofstock","17":"taxable","18":"shipping-taxable","19":"purchasable","20":"product-type-simple"},"_links":{"self":[{"href":"https:\/\/secihouse.lt\/index.php\/wp-json\/wp\/v2\/product\/8953","targetHints":{"allow":["GET"]}}],"collection":[{"href":"https:\/\/secihouse.lt\/index.php\/wp-json\/wp\/v2\/product"}],"about":[{"href":"https:\/\/secihouse.lt\/index.php\/wp-json\/wp\/v2\/types\/product"}],"wp:featuredmedia":[{"embeddable":true,"href":"https:\/\/secihouse.lt\/index.php\/wp-json\/wp\/v2\/media\/8954"}],"wp:attachment":[{"href":"https:\/\/secihouse.lt\/index.php\/wp-json\/wp\/v2\/media?parent=8953"}],"wp:term":[{"taxonomy":"product_brand","embeddable":true,"href":"https:\/\/secihouse.lt\/index.php\/wp-json\/wp\/v2\/product_brand?post=8953"},{"taxonomy":"product_cat","embeddable":true,"href":"https:\/\/secihouse.lt\/index.php\/wp-json\/wp\/v2\/product_cat?post=8953"},{"taxonomy":"product_tag","embeddable":true,"href":"https:\/\/secihouse.lt\/index.php\/wp-json\/wp\/v2\/product_tag?post=8953"}],"curies":[{"name":"wp","href":"https:\/\/api.w.org\/{rel}","templated":true}]}}