{"id":8910,"date":"2024-11-05T16:12:51","date_gmt":"2024-11-05T14:12:51","guid":{"rendered":"https:\/\/secihouse.lt\/?post_type=product&#038;p=8910"},"modified":"2025-02-16T15:27:45","modified_gmt":"2025-02-16T13:27:45","slug":"olli-ella-cozy-dinkums-lapiukas-finnley","status":"publish","type":"product","link":"https:\/\/secihouse.lt\/index.php\/product\/olli-ella-cozy-dinkums-lapiukas-finnley\/","title":{"rendered":"Olli Ella Cozy Dinkums lapiukas &#8211; Finnley"},"content":{"rendered":"<p>Svajingasis mi\u0161ko gyventojas lapiukas ! Su \u0161velniausiu kailiu, kur\u012f bus be galo gera glostyti ar glausti prie veidelio ir sapnuoti kartu sald\u017eius sapnus.<\/p>\n<p>\u0160is lapiukas pagamintas i\u0161 auk\u0161\u010diausios kokyb\u0117s, jo veidelis yra i\u0161siuvin\u0117tas ir turi nedidel\u012f plauk\u0173 kuok\u0161tel\u012f, kur\u012f ma\u017eylis gal\u0117s \u0161ukuoti. \u00a0Kiekvienas Cozy Dinkum d\u0117vi nenuimam\u0105 kostium\u0105 su nuostabiomis unikaliomis detal\u0117mis ir vaivoryk\u0161te ant \u0161irdel\u0117s.<\/p>\n<p>L\u0117lyt\u0119 rasite\u00a0medvilniniam mai\u0161elyje.<\/p>\n<p><strong>Dydis:<\/strong>\u00a0 32 cm auk\u0161\u010dio ir 8 cm plo\u010dio ties pilvu.<\/p>\n<p><strong>Svoris:<\/strong> 0,16 kg<\/p>\n<p><strong>Prie\u017ei\u016bra:<\/strong>\u0160velnus \u0161altas skalbimas ma\u0161inoje skalbini\u0173 mai\u0161elyje.<br \/>\nNebalinkite, nemirkykite ir netrinkite.<br \/>\nNedelsdami i\u0161d\u017eiovinkite.<br \/>\nNelyginkite ir nevalykite sausai.<\/p>\n<p>\u0160is gaminys yra i\u0161bandytas ir atitinka 0+ am\u017eiaus standartus. Ta\u010diau Olli Ella rekomenduoja vis\u0105 laik\u0105 pri\u017ei\u016br\u0117ti k\u016bdikius su \u017eaislais. Reguliariai tikrinkite, ar \u017eaislas nesusid\u0117v\u0117j\u0119s.<\/p>\n","protected":false},"excerpt":{"rendered":"<p>Svajingasis mi\u0161ko gyventojas lapiukas ! Su \u0161velniausiu kailiu, kur\u012f bus be galo gera glostyti ar glausti prie veidelio ir sapnuoti kartu sald\u017eius sapnus. \u0160is lapiukas pagamintas i\u0161 auk\u0161\u010diausios kokyb\u0117s, jo veidelis yra i\u0161siuvin\u0117tas ir turi nedidel\u012f plauk\u0173 kuok\u0161tel\u012f, kur\u012f ma\u017eylis gal\u0117s \u0161ukuoti. \u00a0Kiekvienas Cozy Dinkum d\u0117vi nenuimam\u0105 kostium\u0105 su nuostabiomis unikaliomis detal\u0117mis ir vaivoryk\u0161te ant [&hellip;]<\/p>\n","protected":false},"featured_media":8911,"template":"","meta":[],"product_brand":[],"product_cat":[186,66],"product_tag":[184,724,250,758,257,694,42],"class_list":{"0":"post-8910","1":"product","2":"type-product","3":"status-publish","4":"has-post-thumbnail","6":"product_cat-naujienos","7":"product_cat-zaislai","8":"product_tag-lele","9":"product_tag-minksta-lele","10":"product_tag-olli-ella","11":"product_tag-olli-ella-lape","12":"product_tag-olli-ella-lele","13":"product_tag-vaikams-zaislai","14":"product_tag-zaislai","15":"","17":"first","18":"instock","19":"taxable","20":"shipping-taxable","21":"purchasable","22":"product-type-simple"},"_links":{"self":[{"href":"https:\/\/secihouse.lt\/index.php\/wp-json\/wp\/v2\/product\/8910","targetHints":{"allow":["GET"]}}],"collection":[{"href":"https:\/\/secihouse.lt\/index.php\/wp-json\/wp\/v2\/product"}],"about":[{"href":"https:\/\/secihouse.lt\/index.php\/wp-json\/wp\/v2\/types\/product"}],"wp:featuredmedia":[{"embeddable":true,"href":"https:\/\/secihouse.lt\/index.php\/wp-json\/wp\/v2\/media\/8911"}],"wp:attachment":[{"href":"https:\/\/secihouse.lt\/index.php\/wp-json\/wp\/v2\/media?parent=8910"}],"wp:term":[{"taxonomy":"product_brand","embeddable":true,"href":"https:\/\/secihouse.lt\/index.php\/wp-json\/wp\/v2\/product_brand?post=8910"},{"taxonomy":"product_cat","embeddable":true,"href":"https:\/\/secihouse.lt\/index.php\/wp-json\/wp\/v2\/product_cat?post=8910"},{"taxonomy":"product_tag","embeddable":true,"href":"https:\/\/secihouse.lt\/index.php\/wp-json\/wp\/v2\/product_tag?post=8910"}],"curies":[{"name":"wp","href":"https:\/\/api.w.org\/{rel}","templated":true}]}}