{"id":8892,"date":"2024-10-28T15:36:41","date_gmt":"2024-10-28T13:36:41","guid":{"rendered":"https:\/\/secihouse.lt\/?post_type=product&#038;p=8892"},"modified":"2024-12-09T10:38:34","modified_gmt":"2024-12-09T08:38:34","slug":"olli-ella-dinkum-sunelis-gizmo","status":"publish","type":"product","link":"https:\/\/secihouse.lt\/index.php\/product\/olli-ella-dinkum-sunelis-gizmo\/","title":{"rendered":"Olli Ella Dinkum \u0161unelis &#8211; Gizmo"},"content":{"rendered":"<p>Dinkum \u0161unelis Gizmo yra \u010dia, kad suteikt\u0173 meil\u0117s ma\u017eyliui, o gal pavogt\u0173 ir \u0161lepetes ! \u0160is p\u016bkuotas Dinkum Dog visada pasiruo\u0161\u0119s nuotykiams ar jaukiems prisiglaudimams.<br \/>\nGizmo \u0161unelis kupinas smalsumo ir \u017eaismingumo.<\/p>\n<p>D\u0117l itin \u0161velnaus Gizmo kailio jis yra puikus apkabinim\u0173 draugas. Gizmo turi slapt\u0105 manij\u0105 skan\u0117stams, da\u017enai m\u0117gaujasi magnetiniu kaulu. Gizmo yra paruo\u0161tas \u017eaisti, vaik\u0161\u010dioti ir u\u017ek\u0105sti su nuimamau dir\u017eeliu, kauliuku \u2013 nes kiekvienam geram \u0161uniui reikia skan\u0117sto, tiesa!<\/p>\n<p>&nbsp;<\/p>\n<p><strong>Pagaminta:<\/strong> I\u0161 medviln\u0117s ir poliesterio.<\/p>\n<p><strong>Savyb\u0117s:<\/strong>\u00a0Mink\u0161tas ir \u0161velnus<\/p>\n<p><strong>Am\u017eiaus rekomendacija:<\/strong>\u00a00 + m\u0117n.<\/p>\n<p><strong>Dydis:\u00a0<\/strong>27x19x22cm<\/p>\n<p><strong>Svoris:<\/strong> 0, 339kg<\/p>\n<p><strong>PRIE\u017dI\u016aRA:\u00a0<\/strong>\u0160velnus \u0161altas skalbimas ma\u0161inoje (skalbini\u0173 mai\u0161elyje) .<br \/>\nI\u0161imkite i\u0161 mai\u0161elio ir pad\u0117kite, kad i\u0161d\u017ei\u016bt\u0173 \u0161e\u0161\u0117lyje.<br \/>\nNebalinkite, nemirkykite ir netrinkite.<br \/>\nNetinka d\u017eiovinti d\u017eiovykl\u0117je, lyginti.<\/p>\n","protected":false},"excerpt":{"rendered":"<p>Dinkum \u0161unelis Gizmo yra \u010dia, kad suteikt\u0173 meil\u0117s ma\u017eyliui, o gal pavogt\u0173 ir \u0161lepetes ! \u0160is p\u016bkuotas Dinkum Dog visada pasiruo\u0161\u0119s nuotykiams ar jaukiems prisiglaudimams. Gizmo \u0161unelis kupinas smalsumo ir \u017eaismingumo. D\u0117l itin \u0161velnaus Gizmo kailio jis yra puikus apkabinim\u0173 draugas. Gizmo turi slapt\u0105 manij\u0105 skan\u0117stams, da\u017enai m\u0117gaujasi magnetiniu kaulu. Gizmo yra paruo\u0161tas \u017eaisti, vaik\u0161\u010dioti [&hellip;]<\/p>\n","protected":false},"featured_media":8893,"template":"","meta":[],"product_brand":[],"product_cat":[186,66],"product_tag":[756,757,181,250,602,750,42],"class_list":{"0":"post-8892","1":"product","2":"type-product","3":"status-publish","4":"has-post-thumbnail","6":"product_cat-naujienos","7":"product_cat-zaislai","8":"product_tag-dog","9":"product_tag-minkstas-sunelis","10":"product_tag-minkstuolis","11":"product_tag-olli-ella","12":"product_tag-olli-ella-sunelis","13":"product_tag-vienaragis","14":"product_tag-zaislai","15":"","17":"first","18":"instock","19":"taxable","20":"shipping-taxable","21":"purchasable","22":"product-type-simple"},"_links":{"self":[{"href":"https:\/\/secihouse.lt\/index.php\/wp-json\/wp\/v2\/product\/8892","targetHints":{"allow":["GET"]}}],"collection":[{"href":"https:\/\/secihouse.lt\/index.php\/wp-json\/wp\/v2\/product"}],"about":[{"href":"https:\/\/secihouse.lt\/index.php\/wp-json\/wp\/v2\/types\/product"}],"wp:featuredmedia":[{"embeddable":true,"href":"https:\/\/secihouse.lt\/index.php\/wp-json\/wp\/v2\/media\/8893"}],"wp:attachment":[{"href":"https:\/\/secihouse.lt\/index.php\/wp-json\/wp\/v2\/media?parent=8892"}],"wp:term":[{"taxonomy":"product_brand","embeddable":true,"href":"https:\/\/secihouse.lt\/index.php\/wp-json\/wp\/v2\/product_brand?post=8892"},{"taxonomy":"product_cat","embeddable":true,"href":"https:\/\/secihouse.lt\/index.php\/wp-json\/wp\/v2\/product_cat?post=8892"},{"taxonomy":"product_tag","embeddable":true,"href":"https:\/\/secihouse.lt\/index.php\/wp-json\/wp\/v2\/product_tag?post=8892"}],"curies":[{"name":"wp","href":"https:\/\/api.w.org\/{rel}","templated":true}]}}