{"id":8876,"date":"2024-10-28T15:17:00","date_gmt":"2024-10-28T13:17:00","guid":{"rendered":"https:\/\/secihouse.lt\/?post_type=product&#038;p=8876"},"modified":"2025-12-10T09:08:48","modified_gmt":"2025-12-10T07:08:48","slug":"olli-ella-unicorn-kuprine-lilac","status":"publish","type":"product","link":"https:\/\/secihouse.lt\/index.php\/product\/olli-ella-unicorn-kuprine-lilac\/","title":{"rendered":"Olli Ella Unicorn kuprin\u0117 &#8211;  Lilac"},"content":{"rendered":"<p>\u017denkite \u012f stebukl\u0173 pasaul\u012f su \u017eaismingo alyvinio atspalvio \u201eHopalong Unicorn\u201c kuprine, kuri yra stebuklinga kiekvieno ma\u017eo nuotykio kompanione. Su \u0161velniomis vienaragio ausimis \u00a0ir blizgan\u010diu vaivoryk\u0161tiniu ragu. Kuprin\u0117 \u017eavi ir yra maloni.<\/p>\n<p>Priekyje esanti pliu\u0161in\u0117 vaivoryk\u0161t\u0117s ki\u0161en\u0117 yra tokio dyd\u017eio, kad \u012f j\u0105 gal\u0117t\u0173 \u012fsid\u0117ti ma\u017eylis savo draug\u0105 \u017eaisliuk\u0105. Vaivoryk\u0161t\u0117s ki\u0161en\u0117je rasite ma\u017e\u0105 slapt\u0105 erdv\u0119, puikiai tinkan\u010di\u0105 ma\u017eiems lobiams saugoti.<\/p>\n<p>\u201eHopalong Unicorn\u201c kuprin\u0117, paruo\u0161ta \u017eaisti ir svajoti bei kartu su savimi pasiimti brangius daiktelius.<\/p>\n<p>&nbsp;<\/p>\n<p><strong>Savyb\u0117s:<\/strong>\u00a0Mink\u0161tas ir \u0161velnus<\/p>\n<p><strong>Am\u017eiaus rekomendacija:<\/strong>\u00a03 + metai.<\/p>\n<p><strong>Dydis:\u00a0<\/strong>26x22x9cm<\/p>\n<p><strong>Svoris:<\/strong> 0, 219 kg<\/p>\n<p><strong>PRIE\u017dI\u016aRA:\u00a0<\/strong>\u0160velnus \u0161altas skalbimas ma\u0161inoje .<br \/>\nNebalinkite, nemirkykite ir netrinkite.<br \/>\nNetinka d\u017eiovinti d\u017eiovykl\u0117je, lyginti.<\/p>\n","protected":false},"excerpt":{"rendered":"<p>\u017denkite \u012f stebukl\u0173 pasaul\u012f su \u017eaismingo alyvinio atspalvio \u201eHopalong Unicorn\u201c kuprine, kuri yra stebuklinga kiekvieno ma\u017eo nuotykio kompanione. Su \u0161velniomis vienaragio ausimis \u00a0ir blizgan\u010diu vaivoryk\u0161tiniu ragu. Kuprin\u0117 \u017eavi ir yra maloni. Priekyje esanti pliu\u0161in\u0117 vaivoryk\u0161t\u0117s ki\u0161en\u0117 yra tokio dyd\u017eio, kad \u012f j\u0105 gal\u0117t\u0173 \u012fsid\u0117ti ma\u017eylis savo draug\u0105 \u017eaisliuk\u0105. Vaivoryk\u0161t\u0117s ki\u0161en\u0117je rasite ma\u017e\u0105 slapt\u0105 erdv\u0119, puikiai [&hellip;]<\/p>\n","protected":false},"featured_media":8877,"template":"","meta":[],"product_brand":[],"product_cat":[67,186],"product_tag":[250,745,748,746,747],"class_list":{"0":"post-8876","1":"product","2":"type-product","3":"status-publish","4":"has-post-thumbnail","6":"product_cat-apranga-aksesuarai","7":"product_cat-naujienos","8":"product_tag-olli-ella","9":"product_tag-olli-ella-kuprine","10":"product_tag-olli-ella-unicorn-backpack","11":"product_tag-unicorn","12":"product_tag-vienaragio-kuprine","13":"","15":"first","16":"instock","17":"taxable","18":"shipping-taxable","19":"purchasable","20":"product-type-simple"},"_links":{"self":[{"href":"https:\/\/secihouse.lt\/index.php\/wp-json\/wp\/v2\/product\/8876","targetHints":{"allow":["GET"]}}],"collection":[{"href":"https:\/\/secihouse.lt\/index.php\/wp-json\/wp\/v2\/product"}],"about":[{"href":"https:\/\/secihouse.lt\/index.php\/wp-json\/wp\/v2\/types\/product"}],"wp:featuredmedia":[{"embeddable":true,"href":"https:\/\/secihouse.lt\/index.php\/wp-json\/wp\/v2\/media\/8877"}],"wp:attachment":[{"href":"https:\/\/secihouse.lt\/index.php\/wp-json\/wp\/v2\/media?parent=8876"}],"wp:term":[{"taxonomy":"product_brand","embeddable":true,"href":"https:\/\/secihouse.lt\/index.php\/wp-json\/wp\/v2\/product_brand?post=8876"},{"taxonomy":"product_cat","embeddable":true,"href":"https:\/\/secihouse.lt\/index.php\/wp-json\/wp\/v2\/product_cat?post=8876"},{"taxonomy":"product_tag","embeddable":true,"href":"https:\/\/secihouse.lt\/index.php\/wp-json\/wp\/v2\/product_tag?post=8876"}],"curies":[{"name":"wp","href":"https:\/\/api.w.org\/{rel}","templated":true}]}}