{"id":8868,"date":"2024-10-28T15:11:50","date_gmt":"2024-10-28T13:11:50","guid":{"rendered":"https:\/\/secihouse.lt\/?post_type=product&#038;p=8868"},"modified":"2024-12-04T09:39:20","modified_gmt":"2024-12-04T07:39:20","slug":"olli-ella-binky-baby-unicorn-sparkle","status":"publish","type":"product","link":"https:\/\/secihouse.lt\/index.php\/product\/olli-ella-binky-baby-unicorn-sparkle\/","title":{"rendered":"Olli Ella Binky baby unicorn &#8211; Sparkle"},"content":{"rendered":"<p>Vienaragis Baby Sparkle \u0161velnios ro\u017ein\u0117s spalvyt\u0117s jau \u010dia ir pasiruo\u0161\u0119s pa\u017eaisti !<br \/>\nItin mink\u0161tu ro\u017einiu kailiu, \u017eybsin\u010diu ragu. Baby Sparkle turi magnetin\u0119 burn\u0105, kurioje galima laikyti \u017eaving\u0105 \u010diulptuk\u0105, nes gi ma\u017easis leliukas, kad b\u016bt\u0173 smagiau pasir\u016bpinti juo. Nesvarbu, ar tai b\u016bt\u0173 prisiglaudimai, kikenimas ar stebuklingi i\u0161dykavimai, \u0161is \u017eaismingas vienaragis leliukas visada pasiruo\u0161\u0119s nuotykiams, kupiniems stebukl\u0173!<\/p>\n<p>Taip pat \u00a0turi plok\u0161tel\u0119 u\u017epakalin\u0117je kaklo dalyje, tod\u0117l jie gali b\u016bti ne\u0161ioti Dinkum didesnio vienaragio burnoje.<\/p>\n<p>&nbsp;<\/p>\n<p><strong>Vieneragis pagaminta:<\/strong> I\u0161 medviln\u0117s ir poliesterio.<\/p>\n<p><strong>Savyb\u0117s:<\/strong>\u00a0Mink\u0161tas ir \u0161velnus<\/p>\n<p><strong>Am\u017eiaus rekomendacija:<\/strong>\u00a010 + m\u0117n.<\/p>\n<p><strong>Dydis:\u00a0<\/strong>16x6x9cm<\/p>\n<p><strong>Svoris:<\/strong> 0, 124 kg<\/p>\n<p><strong>PRIE\u017dI\u016aRA:\u00a0<\/strong>\u0160velnus \u0161altas skalbimas ma\u0161inoje (skalbini\u0173 mai\u0161elyje) .<br \/>\nI\u0161imkite i\u0161 mai\u0161elio ir pad\u0117kite, kad i\u0161d\u017ei\u016bt\u0173 \u0161e\u0161\u0117lyje.<br \/>\nNebalinkite, nemirkykite ir netrinkite.<br \/>\nNetinka d\u017eiovinti d\u017eiovykl\u0117je, lyginti.<\/p>\n","protected":false},"excerpt":{"rendered":"<p>Vienaragis Baby Sparkle \u0161velnios ro\u017ein\u0117s spalvyt\u0117s jau \u010dia ir pasiruo\u0161\u0119s pa\u017eaisti ! Itin mink\u0161tu ro\u017einiu kailiu, \u017eybsin\u010diu ragu. Baby Sparkle turi magnetin\u0119 burn\u0105, kurioje galima laikyti \u017eaving\u0105 \u010diulptuk\u0105, nes gi ma\u017easis leliukas, kad b\u016bt\u0173 smagiau pasir\u016bpinti juo. Nesvarbu, ar tai b\u016bt\u0173 prisiglaudimai, kikenimas ar stebuklingi i\u0161dykavimai, \u0161is \u017eaismingas vienaragis leliukas visada pasiruo\u0161\u0119s nuotykiams, kupiniems stebukl\u0173! [&hellip;]<\/p>\n","protected":false},"featured_media":8869,"template":"","meta":[],"product_brand":[],"product_cat":[186,66],"product_tag":[181,250,755,752,746,750,42],"class_list":{"0":"post-8868","1":"product","2":"type-product","3":"status-publish","4":"has-post-thumbnail","6":"product_cat-naujienos","7":"product_cat-zaislai","8":"product_tag-minkstuolis","9":"product_tag-olli-ella","10":"product_tag-olli-ella-baby-unicorn","11":"product_tag-olli-ella-vienaragis","12":"product_tag-unicorn","13":"product_tag-vienaragis","14":"product_tag-zaislai","15":"","17":"first","18":"instock","19":"taxable","20":"shipping-taxable","21":"purchasable","22":"product-type-simple"},"_links":{"self":[{"href":"https:\/\/secihouse.lt\/index.php\/wp-json\/wp\/v2\/product\/8868","targetHints":{"allow":["GET"]}}],"collection":[{"href":"https:\/\/secihouse.lt\/index.php\/wp-json\/wp\/v2\/product"}],"about":[{"href":"https:\/\/secihouse.lt\/index.php\/wp-json\/wp\/v2\/types\/product"}],"wp:featuredmedia":[{"embeddable":true,"href":"https:\/\/secihouse.lt\/index.php\/wp-json\/wp\/v2\/media\/8869"}],"wp:attachment":[{"href":"https:\/\/secihouse.lt\/index.php\/wp-json\/wp\/v2\/media?parent=8868"}],"wp:term":[{"taxonomy":"product_brand","embeddable":true,"href":"https:\/\/secihouse.lt\/index.php\/wp-json\/wp\/v2\/product_brand?post=8868"},{"taxonomy":"product_cat","embeddable":true,"href":"https:\/\/secihouse.lt\/index.php\/wp-json\/wp\/v2\/product_cat?post=8868"},{"taxonomy":"product_tag","embeddable":true,"href":"https:\/\/secihouse.lt\/index.php\/wp-json\/wp\/v2\/product_tag?post=8868"}],"curies":[{"name":"wp","href":"https:\/\/api.w.org\/{rel}","templated":true}]}}