{"id":8845,"date":"2024-10-28T14:44:15","date_gmt":"2024-10-28T12:44:15","guid":{"rendered":"https:\/\/secihouse.lt\/?post_type=product&#038;p=8845"},"modified":"2024-12-04T09:38:12","modified_gmt":"2024-12-04T07:38:12","slug":"olli-ella-dinkum-unicorn-glimmer","status":"publish","type":"product","link":"https:\/\/secihouse.lt\/index.php\/product\/olli-ella-dinkum-unicorn-glimmer\/","title":{"rendered":"Olli Ella Dinkum unicorn Glimmer"},"content":{"rendered":"<p>Pasiruo\u0161kite \u017eai\u017earuojantiems nuotykiams su nuostabios alyvin\u0117s spalvos Dinkum Unicorn Glimmer! \u0160is vienaragis yra pasireng\u0119s kiekvien\u0105 dien\u0105 prid\u0117ti magijos \u0161lakel\u012f. Su pliu\u0161iniu alyvin\u0117s spalvos korpusu, blizgan\u010diomis savyb\u0117mis ir magi\u0161kais aksesuarais Glimmer yra puikus pliu\u0161inis kompanionas begaliniam magi\u0161k\u0173 pab\u0117gim\u0173 spektrui.<\/p>\n<p>Pagaminta i\u0161 \u0161velniausio audinio, Glimmer yra malonus kaip debes\u0117lis ir pasiruo\u0161\u0119s \u012fgyvendinti J\u016bs\u0173 ma\u017eyli\u0173 svajones! Magnetin\u0117je burnoje galima laikyti j\u0173 aksomin\u0119 mork\u0105 arba ne\u0161ioti k\u016bdik\u012f vienarag\u012f, tod\u0117l kiekvienas \u017eaidimo u\u017esi\u0117mimas bus \u0161iek tiek \u017eavesnis.<br \/>\nGlimmer, kur\u012f galima naudoti su 360 laipsni\u0173 kampu besisukan\u010dia galva, yra pasireng\u0119s \u00a0d\u017eiuginti. Vaivoryk\u0161tiniai kanop\u0173 ir sparn\u0173 akcentai, aksomin\u0117s vidin\u0117s ausys ir pliu\u0161iniai vaivoryk\u0161tiniai kar\u010diai bei uodega suteikia papildom\u0105 vienaragiui magijos.<\/p>\n<ul>\n<li>Vienaragio burna yra magnetin\u0117, kad b\u016bt\u0173 galima laikyti \u012fmagnetint\u0105 mork\u0105 arba ne\u0161ti vienarag\u012f<\/li>\n<li>Vienaragis turi 360 laipsni\u0173 judan\u010di\u0105 galvut\u0119<\/li>\n<li>Vienaragis taip pat yra su aksominiu mork\u0173 skan\u0117stu<\/li>\n<li>I\u0161siuvin\u0117tas veidas, spindin\u010diomis akimis ir vaivoryk\u0161t\u0117 \u00a0i\u0161siuvin\u0117ta ant leten\u0117l\u0117s.<\/li>\n<\/ul>\n<p>&nbsp;<\/p>\n<p><strong>Vieneragis pagaminta:<\/strong> I\u0161 medviln\u0117s ir poliesterio.<\/p>\n<p><strong>Savyb\u0117s:<\/strong>\u00a0Mink\u0161tas ir \u0161velnus<\/p>\n<p><strong>Am\u017eiaus rekomendacija:<\/strong>\u00a00 + m\u0117n.<\/p>\n<p><strong>Dydis:\u00a0<\/strong>23x18x26cm<\/p>\n<p><strong>Svoris:<\/strong> 0, 285 kg<\/p>\n<p><strong>PRIE\u017dI\u016aRA:\u00a0<\/strong>\u0160velnus \u0161altas skalbimas ma\u0161inoje (skalbini\u0173 mai\u0161elyje) .<br \/>\nI\u0161imkite i\u0161 mai\u0161elio ir pad\u0117kite, kad i\u0161d\u017ei\u016bt\u0173 \u0161e\u0161\u0117lyje.<br \/>\nNebalinkite, nemirkykite ir netrinkite.<br \/>\nNetinka d\u017eiovinti d\u017eiovykl\u0117je, lyginti.<\/p>\n","protected":false},"excerpt":{"rendered":"<p>Pasiruo\u0161kite \u017eai\u017earuojantiems nuotykiams su nuostabios alyvin\u0117s spalvos Dinkum Unicorn Glimmer! \u0160is vienaragis yra pasireng\u0119s kiekvien\u0105 dien\u0105 prid\u0117ti magijos \u0161lakel\u012f. Su pliu\u0161iniu alyvin\u0117s spalvos korpusu, blizgan\u010diomis savyb\u0117mis ir magi\u0161kais aksesuarais Glimmer yra puikus pliu\u0161inis kompanionas begaliniam magi\u0161k\u0173 pab\u0117gim\u0173 spektrui. Pagaminta i\u0161 \u0161velniausio audinio, Glimmer yra malonus kaip debes\u0117lis ir pasiruo\u0161\u0119s \u012fgyvendinti J\u016bs\u0173 ma\u017eyli\u0173 svajones! Magnetin\u0117je burnoje [&hellip;]<\/p>\n","protected":false},"featured_media":8846,"template":"","meta":[],"product_brand":[],"product_cat":[186,66],"product_tag":[754,181,250,753,752,746,750,42],"class_list":{"0":"post-8845","1":"product","2":"type-product","3":"status-publish","4":"has-post-thumbnail","6":"product_cat-naujienos","7":"product_cat-zaislai","8":"product_tag-arkliukas","9":"product_tag-minkstuolis","10":"product_tag-olli-ella","11":"product_tag-olli-ella-unicorn","12":"product_tag-olli-ella-vienaragis","13":"product_tag-unicorn","14":"product_tag-vienaragis","15":"product_tag-zaislai","16":"","18":"first","19":"instock","20":"taxable","21":"shipping-taxable","22":"purchasable","23":"product-type-simple"},"_links":{"self":[{"href":"https:\/\/secihouse.lt\/index.php\/wp-json\/wp\/v2\/product\/8845","targetHints":{"allow":["GET"]}}],"collection":[{"href":"https:\/\/secihouse.lt\/index.php\/wp-json\/wp\/v2\/product"}],"about":[{"href":"https:\/\/secihouse.lt\/index.php\/wp-json\/wp\/v2\/types\/product"}],"wp:featuredmedia":[{"embeddable":true,"href":"https:\/\/secihouse.lt\/index.php\/wp-json\/wp\/v2\/media\/8846"}],"wp:attachment":[{"href":"https:\/\/secihouse.lt\/index.php\/wp-json\/wp\/v2\/media?parent=8845"}],"wp:term":[{"taxonomy":"product_brand","embeddable":true,"href":"https:\/\/secihouse.lt\/index.php\/wp-json\/wp\/v2\/product_brand?post=8845"},{"taxonomy":"product_cat","embeddable":true,"href":"https:\/\/secihouse.lt\/index.php\/wp-json\/wp\/v2\/product_cat?post=8845"},{"taxonomy":"product_tag","embeddable":true,"href":"https:\/\/secihouse.lt\/index.php\/wp-json\/wp\/v2\/product_tag?post=8845"}],"curies":[{"name":"wp","href":"https:\/\/api.w.org\/{rel}","templated":true}]}}