{"id":8838,"date":"2024-10-28T14:44:10","date_gmt":"2024-10-28T12:44:10","guid":{"rendered":"https:\/\/secihouse.lt\/?post_type=product&#038;p=8838"},"modified":"2024-12-15T23:06:39","modified_gmt":"2024-12-15T21:06:39","slug":"olli-ella-dinky-dinkums-unicorns-uma","status":"publish","type":"product","link":"https:\/\/secihouse.lt\/index.php\/product\/olli-ella-dinky-dinkums-unicorns-uma\/","title":{"rendered":"Olli Ella Dinky Dinkums unicorns &#8211; Uma"},"content":{"rendered":"<p>Dinky Dinkum Dolls \u2013 Uma Unicorn yra alyvin\u0117s ir violetin\u0117s spalvos d\u017eiaugsmo vieneragis, su kiekvienu apkabinimu suteikiantis magijos s\u016bkur\u012f. Trumpais garbanotais plaukais, p\u016bkuotu gobtuvu, papuo\u0161tu tviskan\u010diu sidabriniu ragu, ir \u0161velniai violetin\u0117mis ausimis Uma pasiruo\u0161usi leistis \u012f vaizduot\u0117s kupinus nuotykius. \u0160is vienaragis draugas, puikiai pritaikytas ma\u017eoms rankyt\u0117ms, yra patogus ir linksmas, \u017eaidimui suteikiantis \u017eavesio.<\/p>\n<p><strong>Lelyt\u0117 pagaminta:<\/strong> I\u0161 medviln\u0117s ir poliesterio.<\/p>\n<p><strong>Savyb\u0117s:<\/strong>\u00a0Mink\u0161tas ir \u0161velnus<\/p>\n<p><strong>Am\u017eiaus rekomendacija:<\/strong> 18+ m\u0117n.<\/p>\n<p><strong>Dydis<\/strong>: 22x12x8cm<\/p>\n<p><strong>Svoris:<\/strong> 0,16 kg<\/p>\n<p><strong>PRIE\u017dI\u016aRA:\u00a0<\/strong>\u0160velnus \u0161altas skalbimas ma\u0161inoje skalbini\u0173 mai\u0161elyje.<br \/>\nI\u0161imkite i\u0161 mai\u0161elio ir pad\u0117kite, kad i\u0161d\u017ei\u016bt\u0173 \u0161e\u0161\u0117lyje.<br \/>\nNebalinkite, nemirkykite ir netrinkite.<br \/>\nNetinka d\u017eiovinti d\u017eiovykl\u0117je, lyginti.<\/p>\n","protected":false},"excerpt":{"rendered":"<p>Dinky Dinkum Dolls \u2013 Uma Unicorn yra alyvin\u0117s ir violetin\u0117s spalvos d\u017eiaugsmo vieneragis, su kiekvienu apkabinimu suteikiantis magijos s\u016bkur\u012f. Trumpais garbanotais plaukais, p\u016bkuotu gobtuvu, papuo\u0161tu tviskan\u010diu sidabriniu ragu, ir \u0161velniai violetin\u0117mis ausimis Uma pasiruo\u0161usi leistis \u012f vaizduot\u0117s kupinus nuotykius. \u0160is vienaragis draugas, puikiai pritaikytas ma\u017eoms rankyt\u0117ms, yra patogus ir linksmas, \u017eaidimui suteikiantis \u017eavesio. Lelyt\u0117 pagaminta: [&hellip;]<\/p>\n","protected":false},"featured_media":8839,"template":"","meta":[],"product_brand":[],"product_cat":[186,66],"product_tag":[572,184,751,724,250,257,749,750,42],"class_list":{"0":"post-8838","1":"product","2":"type-product","3":"status-publish","4":"has-post-thumbnail","6":"product_cat-naujienos","7":"product_cat-zaislai","8":"product_tag-doll","9":"product_tag-lele","10":"product_tag-lelyte-vienaragis","11":"product_tag-minksta-lele","12":"product_tag-olli-ella","13":"product_tag-olli-ella-lele","14":"product_tag-olli-ella-vieneragis","15":"product_tag-vienaragis","16":"product_tag-zaislai","17":"","19":"first","20":"instock","21":"taxable","22":"shipping-taxable","23":"purchasable","24":"product-type-simple"},"_links":{"self":[{"href":"https:\/\/secihouse.lt\/index.php\/wp-json\/wp\/v2\/product\/8838","targetHints":{"allow":["GET"]}}],"collection":[{"href":"https:\/\/secihouse.lt\/index.php\/wp-json\/wp\/v2\/product"}],"about":[{"href":"https:\/\/secihouse.lt\/index.php\/wp-json\/wp\/v2\/types\/product"}],"wp:featuredmedia":[{"embeddable":true,"href":"https:\/\/secihouse.lt\/index.php\/wp-json\/wp\/v2\/media\/8839"}],"wp:attachment":[{"href":"https:\/\/secihouse.lt\/index.php\/wp-json\/wp\/v2\/media?parent=8838"}],"wp:term":[{"taxonomy":"product_brand","embeddable":true,"href":"https:\/\/secihouse.lt\/index.php\/wp-json\/wp\/v2\/product_brand?post=8838"},{"taxonomy":"product_cat","embeddable":true,"href":"https:\/\/secihouse.lt\/index.php\/wp-json\/wp\/v2\/product_cat?post=8838"},{"taxonomy":"product_tag","embeddable":true,"href":"https:\/\/secihouse.lt\/index.php\/wp-json\/wp\/v2\/product_tag?post=8838"}],"curies":[{"name":"wp","href":"https:\/\/api.w.org\/{rel}","templated":true}]}}