{"id":8817,"date":"2024-10-16T14:31:39","date_gmt":"2024-10-16T12:31:39","guid":{"rendered":"https:\/\/secihouse.lt\/?post_type=product&#038;p=8817"},"modified":"2024-12-20T09:55:19","modified_gmt":"2024-12-20T07:55:19","slug":"moulin-roty-zaidimas-jenga","status":"publish","type":"product","link":"https:\/\/secihouse.lt\/index.php\/product\/moulin-roty-zaidimas-jenga\/","title":{"rendered":"Moulin Roty \u017eaidimas Jenga"},"content":{"rendered":"<p>Pastat\u0119 bok\u0161t\u0105, pakaitomis viena ranka nuimkite blokel\u012f ir u\u017ed\u0117kite j\u012f vir\u0161uje, bok\u0161tui nesugriuvus! \u0160is \u017eaidimas reikalauja \u012fg\u016bd\u017ei\u0173 ir susikaupimo tiek jauniems, tiek seniems!<\/p>\n<p>Kad \u017eaidimas b\u016bt\u0173 dar linksmesnis, naudokite kauliuk\u0105. Kuria spalvyt\u0119 i\u0161ridensite, tos spalvos kalad\u0117l\u0119 tur\u0117site i\u0161traukti.<\/p>\n<p>Tikslas nesugriauti ir kuo didesn\u012f bok\u0161t\u0105 pastatyti! Laikas su \u0161eima bus nepakartojamas \ud83d\ude42<\/p>\n<p><strong>Dydis:<\/strong> 8x8x33 cm<\/p>\n<p>&nbsp;<\/p>\n","protected":false},"excerpt":{"rendered":"<p>Pastat\u0119 bok\u0161t\u0105, pakaitomis viena ranka nuimkite blokel\u012f ir u\u017ed\u0117kite j\u012f vir\u0161uje, bok\u0161tui nesugriuvus! \u0160is \u017eaidimas reikalauja \u012fg\u016bd\u017ei\u0173 ir susikaupimo tiek jauniems, tiek seniems! Kad \u017eaidimas b\u016bt\u0173 dar linksmesnis, naudokite kauliuk\u0105. Kuria spalvyt\u0119 i\u0161ridensite, tos spalvos kalad\u0117l\u0119 tur\u0117site i\u0161traukti. Tikslas nesugriauti ir kuo didesn\u012f bok\u0161t\u0105 pastatyti! Laikas su \u0161eima bus nepakartojamas \ud83d\ude42 Dydis: 8x8x33 cm &nbsp;<\/p>\n","protected":false},"featured_media":8818,"template":"","meta":[],"product_brand":[],"product_cat":[186,66],"product_tag":[743,692,744,742],"class_list":{"0":"post-8817","1":"product","2":"type-product","3":"status-publish","4":"has-post-thumbnail","6":"product_cat-naujienos","7":"product_cat-zaislai","8":"product_tag-jenga","9":"product_tag-moulin-roty","10":"product_tag-moulin-roty-jenga","11":"product_tag-moulin-roty-zaidimas","12":"","14":"first","15":"instock","16":"taxable","17":"shipping-taxable","18":"purchasable","19":"product-type-simple"},"_links":{"self":[{"href":"https:\/\/secihouse.lt\/index.php\/wp-json\/wp\/v2\/product\/8817","targetHints":{"allow":["GET"]}}],"collection":[{"href":"https:\/\/secihouse.lt\/index.php\/wp-json\/wp\/v2\/product"}],"about":[{"href":"https:\/\/secihouse.lt\/index.php\/wp-json\/wp\/v2\/types\/product"}],"wp:featuredmedia":[{"embeddable":true,"href":"https:\/\/secihouse.lt\/index.php\/wp-json\/wp\/v2\/media\/8818"}],"wp:attachment":[{"href":"https:\/\/secihouse.lt\/index.php\/wp-json\/wp\/v2\/media?parent=8817"}],"wp:term":[{"taxonomy":"product_brand","embeddable":true,"href":"https:\/\/secihouse.lt\/index.php\/wp-json\/wp\/v2\/product_brand?post=8817"},{"taxonomy":"product_cat","embeddable":true,"href":"https:\/\/secihouse.lt\/index.php\/wp-json\/wp\/v2\/product_cat?post=8817"},{"taxonomy":"product_tag","embeddable":true,"href":"https:\/\/secihouse.lt\/index.php\/wp-json\/wp\/v2\/product_tag?post=8817"}],"curies":[{"name":"wp","href":"https:\/\/api.w.org\/{rel}","templated":true}]}}