{"id":8799,"date":"2024-10-09T07:42:32","date_gmt":"2024-10-09T05:42:32","guid":{"rendered":"https:\/\/secihouse.lt\/?post_type=product&#038;p=8799"},"modified":"2025-08-16T22:25:16","modified_gmt":"2025-08-16T20:25:16","slug":"moonie-organic-migdukas-zuikis-cappuccino","status":"publish","type":"product","link":"https:\/\/secihouse.lt\/index.php\/product\/moonie-organic-migdukas-zuikis-cappuccino\/","title":{"rendered":"Moonie Organic migdukas zuikis &#8211; Cappuccino"},"content":{"rendered":"<p>Moonie migdukas , tikras stebukl\u0117lis ! Sald\u017eiam bei ramiam miegeliui, o v\u0117liau vienas i\u0161 geriausi\u0173 vaikyst\u0117s draug\u0173. Be galo pam\u0117gtas t\u0117veli\u0173!<\/p>\n<p>Moonie yra profesionali k\u016bdikio miego pagalba su naktine lempa.<\/p>\n<ul>\n<li><strong>5 nat\u016bral\u016bs raminantys garsai<\/strong><\/li>\n<li><strong>Sertifikuota ekologi\u0161ka medviln\u0117<\/strong><\/li>\n<li><strong>Naktin\u0117 lempa<\/strong><\/li>\n<li><strong>I\u0161manusis verksmo detektorius<\/strong><\/li>\n<li><strong>USB \u012fkraunamas<\/strong><\/li>\n<\/ul>\n<p><strong>Nat\u016bral\u016bs Moonie garsai:<\/strong>\u00a0mamos \u012fs\u010di\u0173, v\u0117jo, mi\u0161ko upelio, lietaus, j\u016bros bang\u0173, lop\u0161in\u0117.<br \/>\nVisi Moonie garso modulyje naudojami garsai yra 100% tikras ro\u017einis triuk\u0161mas, o ne kompiuterio generuojami. \u0160irdies plakimas \u2013 tikras mamos pilvo viduje girdimo d\u016bzgimo \u012fra\u0161as, j\u016bros bangos \u2013 Baltijos j\u016broje ir mi\u0161ko gatv\u0117je, \u012fra\u0161as i\u0161 Tatr\u0173.<\/p>\n<p><strong>Didelis privalumas<\/strong>, kad i\u0161manusis verksmo jutiklis atpa\u017e\u012fsta k\u016bdikio verksm\u0105 ir automati\u0161kai j\u012f \u012fjungia, tokiu b\u016bdu ma\u017eylis gali nurimti ir v\u0117l u\u017emigti sald\u017eiam miegeliui.<\/p>\n<p><strong>\u0160vie\u010diantis Moonie pilvukas<\/strong> leid\u017eia nakt\u012f pri\u017ei\u016br\u0117ti k\u016bdik\u012f be papildomos \u0161viesel\u0117s. Moonie naktin\u0117 lempa puikiai tiks vyresniems vaikams, kurie da\u017enai sapnuoja ko\u0161marus ir bijo tamsos. Tada galite \u012fjungti tik lemp\u0105 ir palikti j\u0105 \u012fjungt\u0105 vis\u0105 nakt\u012f. Moonie naktin\u0117 lempa \u0161vie\u010dia nat\u016bralia \u0161ilta \u0161viesa, ta\u010diau taip pat galima rinktis i\u0161 7 \u0161viesos atspalvi\u0173. <strong>LED lempa ne\u012fkaista, yra visi\u0161kai saugi<\/strong>.<\/p>\n<p>Moonie yra su jau \u012fkrautu moduliu ir gali b\u016bti naudojamas i\u0161kart i\u0161\u0117mus i\u0161 d\u0117\u017eut\u0117s. \u201eMoonie\u201c modulis visi\u0161kai \u012fkraunamas ma\u017edaug per 3 valandas. Visi\u0161kai \u012fkrauta baterija pakanka iki 8 valand\u0173 nepertraukiamo veikimo, kai \u012fjungta \u0161viesa ir garsas.<\/p>\n<p><strong>TAI PUIKI DOVAN\u0116L\u0116 B\u016aSIMIEMS AR ESAMIEMS T\u0116VELIAMS<\/strong>, kad j\u0173 kasdienyb\u0117 b\u016bt\u0173 lengvesn\u0117 su \u0161io me\u0161ku\u010dio pagalba!<\/p>\n<p>&nbsp;<\/p>\n<p>&nbsp;<\/p>\n","protected":false},"excerpt":{"rendered":"<p>Moonie migdukas , tikras stebukl\u0117lis ! Sald\u017eiam bei ramiam miegeliui, o v\u0117liau vienas i\u0161 geriausi\u0173 vaikyst\u0117s draug\u0173. Be galo pam\u0117gtas t\u0117veli\u0173! Moonie yra profesionali k\u016bdikio miego pagalba su naktine lempa. 5 nat\u016bral\u016bs raminantys garsai Sertifikuota ekologi\u0161ka medviln\u0117 Naktin\u0117 lempa I\u0161manusis verksmo detektorius USB \u012fkraunamas Nat\u016bral\u016bs Moonie garsai:\u00a0mamos \u012fs\u010di\u0173, v\u0117jo, mi\u0161ko upelio, lietaus, j\u016bros bang\u0173, lop\u0161in\u0117. [&hellip;]<\/p>\n","protected":false},"featured_media":8800,"template":"","meta":[],"product_brand":[],"product_cat":[59,186],"product_tag":[213,212,732,741],"class_list":{"0":"post-8799","1":"product","2":"type-product","3":"status-publish","4":"has-post-thumbnail","6":"product_cat-miegas-prieziura","7":"product_cat-naujienos","8":"product_tag-migdukas","9":"product_tag-moonie","10":"product_tag-moonie-migdukas","11":"product_tag-moonie-zuikis","12":"","14":"first","15":"outofstock","16":"taxable","17":"shipping-taxable","18":"purchasable","19":"product-type-simple"},"_links":{"self":[{"href":"https:\/\/secihouse.lt\/index.php\/wp-json\/wp\/v2\/product\/8799","targetHints":{"allow":["GET"]}}],"collection":[{"href":"https:\/\/secihouse.lt\/index.php\/wp-json\/wp\/v2\/product"}],"about":[{"href":"https:\/\/secihouse.lt\/index.php\/wp-json\/wp\/v2\/types\/product"}],"wp:featuredmedia":[{"embeddable":true,"href":"https:\/\/secihouse.lt\/index.php\/wp-json\/wp\/v2\/media\/8800"}],"wp:attachment":[{"href":"https:\/\/secihouse.lt\/index.php\/wp-json\/wp\/v2\/media?parent=8799"}],"wp:term":[{"taxonomy":"product_brand","embeddable":true,"href":"https:\/\/secihouse.lt\/index.php\/wp-json\/wp\/v2\/product_brand?post=8799"},{"taxonomy":"product_cat","embeddable":true,"href":"https:\/\/secihouse.lt\/index.php\/wp-json\/wp\/v2\/product_cat?post=8799"},{"taxonomy":"product_tag","embeddable":true,"href":"https:\/\/secihouse.lt\/index.php\/wp-json\/wp\/v2\/product_tag?post=8799"}],"curies":[{"name":"wp","href":"https:\/\/api.w.org\/{rel}","templated":true}]}}