{"id":8721,"date":"2024-09-24T21:11:59","date_gmt":"2024-09-24T19:11:59","guid":{"rendered":"https:\/\/secihouse.lt\/?post_type=product&#038;p=8721"},"modified":"2026-02-17T17:26:35","modified_gmt":"2026-02-17T15:26:35","slug":"tinycottons-raktu-pakabukas-bear","status":"publish","type":"product","link":"https:\/\/secihouse.lt\/index.php\/product\/tinycottons-raktu-pakabukas-bear\/","title":{"rendered":"TinyCottons rakt\u0173 pakabukas &#8211; Bear"},"content":{"rendered":"<p>Rudos me\u0161kut\u0117s rakt\u0173 pakabukas su tvirtu \u017eiedu, idealiai tinkantis saugiai susid\u0117ti raktus ar papuo\u0161ti ma\u017eas kuprines.<\/p>\n<p>&nbsp;<\/p>\n<p>&nbsp;<\/p>\n<p><strong>Dydis:<\/strong>4,3 cm X 4 cm.<\/p>\n<p>&nbsp;<\/p>\n<p>&nbsp;<\/p>\n","protected":false},"excerpt":{"rendered":"<p>Rudos me\u0161kut\u0117s rakt\u0173 pakabukas su tvirtu \u017eiedu, idealiai tinkantis saugiai susid\u0117ti raktus ar papuo\u0161ti ma\u017eas kuprines. &nbsp; &nbsp; Dydis:4,3 cm X 4 cm. &nbsp; &nbsp;<\/p>\n","protected":false},"featured_media":8757,"template":"","meta":[],"product_brand":[],"product_cat":[67,186],"product_tag":[373,733,734,736,424],"class_list":{"0":"post-8721","1":"product","2":"type-product","3":"status-publish","4":"has-post-thumbnail","6":"product_cat-apranga-aksesuarai","7":"product_cat-naujienos","8":"product_tag-aksesuaras","9":"product_tag-pakabukas-ant-kaklo","10":"product_tag-papuosalai","11":"product_tag-raktu-pakabukas","12":"product_tag-tinycottons","13":"","15":"first","16":"instock","17":"taxable","18":"shipping-taxable","19":"purchasable","20":"product-type-simple"},"_links":{"self":[{"href":"https:\/\/secihouse.lt\/index.php\/wp-json\/wp\/v2\/product\/8721","targetHints":{"allow":["GET"]}}],"collection":[{"href":"https:\/\/secihouse.lt\/index.php\/wp-json\/wp\/v2\/product"}],"about":[{"href":"https:\/\/secihouse.lt\/index.php\/wp-json\/wp\/v2\/types\/product"}],"wp:featuredmedia":[{"embeddable":true,"href":"https:\/\/secihouse.lt\/index.php\/wp-json\/wp\/v2\/media\/8757"}],"wp:attachment":[{"href":"https:\/\/secihouse.lt\/index.php\/wp-json\/wp\/v2\/media?parent=8721"}],"wp:term":[{"taxonomy":"product_brand","embeddable":true,"href":"https:\/\/secihouse.lt\/index.php\/wp-json\/wp\/v2\/product_brand?post=8721"},{"taxonomy":"product_cat","embeddable":true,"href":"https:\/\/secihouse.lt\/index.php\/wp-json\/wp\/v2\/product_cat?post=8721"},{"taxonomy":"product_tag","embeddable":true,"href":"https:\/\/secihouse.lt\/index.php\/wp-json\/wp\/v2\/product_tag?post=8721"}],"curies":[{"name":"wp","href":"https:\/\/api.w.org\/{rel}","templated":true}]}}