{"id":8710,"date":"2024-09-25T11:01:00","date_gmt":"2024-09-25T09:01:00","guid":{"rendered":"https:\/\/secihouse.lt\/?post_type=product&#038;p=8710"},"modified":"2024-09-25T11:01:00","modified_gmt":"2024-09-25T09:01:00","slug":"tinycottons-grandinele-su-pakabuku-dog","status":"publish","type":"product","link":"https:\/\/secihouse.lt\/index.php\/product\/tinycottons-grandinele-su-pakabuku-dog\/","title":{"rendered":"TinyCottons grandin\u0117l\u0117 su pakabuku &#8211; Dog"},"content":{"rendered":"<p>\u0160is \u017eavus \u0161unelis kabo ant auksin\u0117s spalvos grandin\u0117l\u0117s su u\u017esegimu, kuris puikiai der\u0117s prie kiekvienos aprangos!<\/p>\n<p>&nbsp;<\/p>\n<p><strong>Dydis:<\/strong> grandin\u0117l\u0117s ilgis 40 cm.<\/p>\n<p><strong>Sud\u0117tis:<\/strong><br \/>\nCinko lydinys 60%<br \/>\nGele\u017eis 30%<br \/>\nDa\u017eai 10 %<\/p>\n<p>&nbsp;<\/p>\n","protected":false},"excerpt":{"rendered":"<p>\u0160is \u017eavus \u0161unelis kabo ant auksin\u0117s spalvos grandin\u0117l\u0117s su u\u017esegimu, kuris puikiai der\u0117s prie kiekvienos aprangos! &nbsp; Dydis: grandin\u0117l\u0117s ilgis 40 cm. Sud\u0117tis: Cinko lydinys 60% Gele\u017eis 30% Da\u017eai 10 % &nbsp;<\/p>\n","protected":false},"featured_media":8747,"template":"","meta":[],"product_brand":[],"product_cat":[67,186],"product_tag":[373,735,733,734,424],"class_list":{"0":"post-8710","1":"product","2":"type-product","3":"status-publish","4":"has-post-thumbnail","6":"product_cat-apranga-aksesuarai","7":"product_cat-naujienos","8":"product_tag-aksesuaras","9":"product_tag-grandinele-su-pakabuku","10":"product_tag-pakabukas-ant-kaklo","11":"product_tag-papuosalai","12":"product_tag-tinycottons","13":"","15":"first","16":"instock","17":"taxable","18":"shipping-taxable","19":"purchasable","20":"product-type-simple"},"_links":{"self":[{"href":"https:\/\/secihouse.lt\/index.php\/wp-json\/wp\/v2\/product\/8710","targetHints":{"allow":["GET"]}}],"collection":[{"href":"https:\/\/secihouse.lt\/index.php\/wp-json\/wp\/v2\/product"}],"about":[{"href":"https:\/\/secihouse.lt\/index.php\/wp-json\/wp\/v2\/types\/product"}],"wp:featuredmedia":[{"embeddable":true,"href":"https:\/\/secihouse.lt\/index.php\/wp-json\/wp\/v2\/media\/8747"}],"wp:attachment":[{"href":"https:\/\/secihouse.lt\/index.php\/wp-json\/wp\/v2\/media?parent=8710"}],"wp:term":[{"taxonomy":"product_brand","embeddable":true,"href":"https:\/\/secihouse.lt\/index.php\/wp-json\/wp\/v2\/product_brand?post=8710"},{"taxonomy":"product_cat","embeddable":true,"href":"https:\/\/secihouse.lt\/index.php\/wp-json\/wp\/v2\/product_cat?post=8710"},{"taxonomy":"product_tag","embeddable":true,"href":"https:\/\/secihouse.lt\/index.php\/wp-json\/wp\/v2\/product_tag?post=8710"}],"curies":[{"name":"wp","href":"https:\/\/api.w.org\/{rel}","templated":true}]}}