{"id":8665,"date":"2024-09-12T22:07:27","date_gmt":"2024-09-12T20:07:27","guid":{"rendered":"https:\/\/secihouse.lt\/?post_type=product&#038;p=8665"},"modified":"2025-12-10T12:45:25","modified_gmt":"2025-12-10T10:45:25","slug":"glo-pals-svieciantis-vandens-zaislas-party-pal","status":"publish","type":"product","link":"https:\/\/secihouse.lt\/index.php\/product\/glo-pals-svieciantis-vandens-zaislas-party-pal\/","title":{"rendered":"Glo Pals \u0161vie\u010diantis vandens \u017eaislas &#8211; Party Pal"},"content":{"rendered":"<p>Linksmieji Glo pals sensoriniai \u017eaisliukai, kurie \u0161vie\u010dia \u012fvairiausiomis spalvomis vandenyje. Komplekte rasite 2 kubelius ir persona\u017e\u0105 , kuriame gal\u0117site \u012fd\u0117ti vien\u0105 kubel\u012f, kad \u017eaidimas b\u016bt\u0173 dar smagesnis maudyni\u0173 metu.\u00a0Kiekvienas \u201eGlo Pals\u201c persona\u017eas turi lanks\u010dias rankas. Jas galima lankstyti ir tokiu b\u016bdu lavinti smulki\u0105j\u0105 motorik\u0105.<\/p>\n<p>\u0160ie kubeliai \u0161vie\u010dia vandenyje apie 16 valand\u0173.<\/p>\n<p>\u017daislus saugu naudoti vandenyje. Fig\u016br\u0117l\u0117 be ertmi\u0173, tod\u0117l juose nesirinks pel\u0117sis ar kiti nepageidaujantys mikrobai. \u017daislas Glo Pals atitinka auk\u0161\u010diausius saugos standartus, tod\u0117l baterija yra integruota ir jos negalima pakeisti.<\/p>\n<p>Kai kubeliai nebe\u0161vies, j\u0173 nei\u0161meskite, nes tai gali b\u016bti lavinamasis \u017eaislas mokintis skai\u010diuoti, statyti bok\u0161telius ir \u012fvairiausi kiti \u017eaidimai.<\/p>\n<p><strong>Med\u017eiaga:<\/strong> pagaminti i\u0161 100 % perdirbto plastiko!<br \/>\n<strong>Rekomenduojamas am\u017eius:<\/strong>\u00a0+ 3 metai<\/p>\n<p><strong>Prie\u017ei\u016bra:\u00a0<\/strong>Po maudyni\u0173 rekomenduojame juos i\u0161plauti nuo muilo ir nusausinti, tokiu b\u016bdu prailginsite j\u0173 veikimo laik\u0105.<\/p>\n<p><strong>\u0160vie\u010dia tik esant s\u0105ly\u010diui su vandeniu.<\/strong><\/p>\n<p>&nbsp;<\/p>\n<p>&nbsp;<\/p>\n","protected":false},"excerpt":{"rendered":"<p>Linksmieji Glo pals sensoriniai \u017eaisliukai, kurie \u0161vie\u010dia \u012fvairiausiomis spalvomis vandenyje. Komplekte rasite 2 kubelius ir persona\u017e\u0105 , kuriame gal\u0117site \u012fd\u0117ti vien\u0105 kubel\u012f, kad \u017eaidimas b\u016bt\u0173 dar smagesnis maudyni\u0173 metu.\u00a0Kiekvienas \u201eGlo Pals\u201c persona\u017eas turi lanks\u010dias rankas. Jas galima lankstyti ir tokiu b\u016bdu lavinti smulki\u0105j\u0105 motorik\u0105. \u0160ie kubeliai \u0161vie\u010dia vandenyje apie 16 valand\u0173. \u017daislus saugu naudoti vandenyje. [&hellip;]<\/p>\n","protected":false},"featured_media":8666,"template":"","meta":[],"product_brand":[],"product_cat":[63,186],"product_tag":[726,727,728,730,731,729,178],"class_list":{"0":"post-8665","1":"product","2":"type-product","3":"status-publish","4":"has-post-thumbnail","6":"product_cat-laikas-maudynems","7":"product_cat-naujienos","8":"product_tag-glo-pals","9":"product_tag-glo-pals-kubeliai","10":"product_tag-glo-pals-vandens-zaislas","11":"product_tag-svieciantis","12":"product_tag-svieciantis-vandens-zaislas","13":"product_tag-vandens-zaislas","14":"product_tag-zaislas","15":"","17":"first","18":"outofstock","19":"taxable","20":"shipping-taxable","21":"purchasable","22":"product-type-simple"},"_links":{"self":[{"href":"https:\/\/secihouse.lt\/index.php\/wp-json\/wp\/v2\/product\/8665","targetHints":{"allow":["GET"]}}],"collection":[{"href":"https:\/\/secihouse.lt\/index.php\/wp-json\/wp\/v2\/product"}],"about":[{"href":"https:\/\/secihouse.lt\/index.php\/wp-json\/wp\/v2\/types\/product"}],"wp:featuredmedia":[{"embeddable":true,"href":"https:\/\/secihouse.lt\/index.php\/wp-json\/wp\/v2\/media\/8666"}],"wp:attachment":[{"href":"https:\/\/secihouse.lt\/index.php\/wp-json\/wp\/v2\/media?parent=8665"}],"wp:term":[{"taxonomy":"product_brand","embeddable":true,"href":"https:\/\/secihouse.lt\/index.php\/wp-json\/wp\/v2\/product_brand?post=8665"},{"taxonomy":"product_cat","embeddable":true,"href":"https:\/\/secihouse.lt\/index.php\/wp-json\/wp\/v2\/product_cat?post=8665"},{"taxonomy":"product_tag","embeddable":true,"href":"https:\/\/secihouse.lt\/index.php\/wp-json\/wp\/v2\/product_tag?post=8665"}],"curies":[{"name":"wp","href":"https:\/\/api.w.org\/{rel}","templated":true}]}}