{"id":8644,"date":"2024-09-10T15:14:34","date_gmt":"2024-09-10T13:14:34","guid":{"rendered":"https:\/\/secihouse.lt\/?post_type=product&#038;p=8644"},"modified":"2025-10-28T14:06:07","modified_gmt":"2025-10-28T12:06:07","slug":"moulin-roty-lele-su-lagamineliu","status":"publish","type":"product","link":"https:\/\/secihouse.lt\/index.php\/product\/moulin-roty-lele-su-lagamineliu\/","title":{"rendered":"Moulin Roty l\u0117l\u0117 su lagamin\u0117liu"},"content":{"rendered":"<p>Miss Blanche kvie\u010dia mus \u012f savo persirengimo kambar\u012f! .I\u0161vykstant \u012f Pary\u017eiaus miest\u0105 ar pi\u017eam\u0173 vakar\u0117l\u012f, aprang\u0105 turite pasirinkti tik j\u016bs!<\/p>\n<p>Pliu\u0161inei l\u0117lei skirta lagamino spinta su \u012fmontuotu veidrod\u017eiu, medine ranken\u0117le, ra\u0161tuotomis pakab\u0117l\u0117mis ir trimis eleganti\u0161kais drabu\u017e\u0117liais, kuriuos galima gra\u017eiai sud\u0117lioti stal\u010diukyje. \u0160is rinkinys lavina smulki\u0105j\u0105 motorik\u0105, vaizduot\u0119 ir garantuoja geriausias emocijas :).<\/p>\n<p>&nbsp;<\/p>\n<p><strong>Dydis:<\/strong> 18,5 x 28,5 cm<\/p>\n<p><strong>Sud\u0117tis:\u00a0<\/strong>medviln\u0117, poliesteris, elastanas, kartonas<\/p>\n<p><strong>Rekomenduojamas am\u017eius:<\/strong> +3 met\u0173.<\/p>\n<p>&nbsp;<\/p>\n","protected":false},"excerpt":{"rendered":"<p>Miss Blanche kvie\u010dia mus \u012f savo persirengimo kambar\u012f! .I\u0161vykstant \u012f Pary\u017eiaus miest\u0105 ar pi\u017eam\u0173 vakar\u0117l\u012f, aprang\u0105 turite pasirinkti tik j\u016bs! Pliu\u0161inei l\u0117lei skirta lagamino spinta su \u012fmontuotu veidrod\u017eiu, medine ranken\u0117le, ra\u0161tuotomis pakab\u0117l\u0117mis ir trimis eleganti\u0161kais drabu\u017e\u0117liais, kuriuos galima gra\u017eiai sud\u0117lioti stal\u010diukyje. \u0160is rinkinys lavina smulki\u0105j\u0105 motorik\u0105, vaizduot\u0119 ir garantuoja geriausias emocijas :). &nbsp; Dydis: 18,5 [&hellip;]<\/p>\n","protected":false},"featured_media":8645,"template":"","meta":[],"product_brand":[],"product_cat":[186,66],"product_tag":[184,254,724,725,695,269,181,692,723,700,694,42,178],"class_list":{"0":"post-8644","1":"product","2":"type-product","3":"status-publish","4":"has-post-thumbnail","6":"product_cat-naujienos","7":"product_cat-zaislai","8":"product_tag-lele","9":"product_tag-lelyte","10":"product_tag-minksta-lele","11":"product_tag-minksta-lele-su-lagamineliu","12":"product_tag-minkstas","13":"product_tag-minkstas-zaislas","14":"product_tag-minkstuolis","15":"product_tag-moulin-roty","16":"product_tag-moulin-roty-lele","17":"product_tag-moulin-roty-minkstas-zaislas","18":"product_tag-vaikams-zaislai","19":"product_tag-zaislai","20":"product_tag-zaislas","21":"","23":"first","24":"outofstock","25":"taxable","26":"shipping-taxable","27":"purchasable","28":"product-type-simple"},"_links":{"self":[{"href":"https:\/\/secihouse.lt\/index.php\/wp-json\/wp\/v2\/product\/8644","targetHints":{"allow":["GET"]}}],"collection":[{"href":"https:\/\/secihouse.lt\/index.php\/wp-json\/wp\/v2\/product"}],"about":[{"href":"https:\/\/secihouse.lt\/index.php\/wp-json\/wp\/v2\/types\/product"}],"wp:featuredmedia":[{"embeddable":true,"href":"https:\/\/secihouse.lt\/index.php\/wp-json\/wp\/v2\/media\/8645"}],"wp:attachment":[{"href":"https:\/\/secihouse.lt\/index.php\/wp-json\/wp\/v2\/media?parent=8644"}],"wp:term":[{"taxonomy":"product_brand","embeddable":true,"href":"https:\/\/secihouse.lt\/index.php\/wp-json\/wp\/v2\/product_brand?post=8644"},{"taxonomy":"product_cat","embeddable":true,"href":"https:\/\/secihouse.lt\/index.php\/wp-json\/wp\/v2\/product_cat?post=8644"},{"taxonomy":"product_tag","embeddable":true,"href":"https:\/\/secihouse.lt\/index.php\/wp-json\/wp\/v2\/product_tag?post=8644"}],"curies":[{"name":"wp","href":"https:\/\/api.w.org\/{rel}","templated":true}]}}