{"id":8641,"date":"2024-09-10T15:10:15","date_gmt":"2024-09-10T13:10:15","guid":{"rendered":"https:\/\/secihouse.lt\/?post_type=product&#038;p=8641"},"modified":"2024-09-13T09:10:33","modified_gmt":"2024-09-13T07:10:33","slug":"moulin-roty-lele-fleur","status":"publish","type":"product","link":"https:\/\/secihouse.lt\/index.php\/product\/moulin-roty-lele-fleur\/","title":{"rendered":"Moulin Roty l\u0117l\u0117 &#8211; Fleur"},"content":{"rendered":"<p>\u017daidimui ir dekoravimui: ma\u017ea \u201eFleur\u201c mink\u0161ta l\u0117l\u0117, mielai iliustruota ir margintu veidu, ilgomis raudonomis pyn\u0117mis i\u0161 susukto trikota\u017eo. Ji d\u0117vi blizgu\u010diais puo\u0161tus batukus su atlasiniais kaspin\u0117liais ir vilki tunika su \u017eiedeliais<\/p>\n<p>.<\/p>\n<p>&nbsp;<\/p>\n<p><strong>Dydis:<\/strong>\u00a0 31cm<\/p>\n<p><strong>Sud\u0117tis:\u00a0<\/strong>Medviln\u0117, poliesteris, elastanas, poliamidas, metalizuoti pluo\u0161tai, viskoz\u0117<\/p>\n<p><strong>Rekomenduojamas am\u017eius:<\/strong> +12 m\u0117n.<\/p>\n<p><strong>Prie\u017ei\u016bros patarimai:\u00a0<\/strong>Galima skalbti skalbykl\u0117je 30 \u00b0C temperat\u016broje vilnos skalbimo ciklu. Ned\u017eiovinti d\u017eiovykloje.<\/p>\n","protected":false},"excerpt":{"rendered":"<p>\u017daidimui ir dekoravimui: ma\u017ea \u201eFleur\u201c mink\u0161ta l\u0117l\u0117, mielai iliustruota ir margintu veidu, ilgomis raudonomis pyn\u0117mis i\u0161 susukto trikota\u017eo. Ji d\u0117vi blizgu\u010diais puo\u0161tus batukus su atlasiniais kaspin\u0117liais ir vilki tunika su \u017eiedeliais . &nbsp; Dydis:\u00a0 31cm Sud\u0117tis:\u00a0Medviln\u0117, poliesteris, elastanas, poliamidas, metalizuoti pluo\u0161tai, viskoz\u0117 Rekomenduojamas am\u017eius: +12 m\u0117n. Prie\u017ei\u016bros patarimai:\u00a0Galima skalbti skalbykl\u0117je 30 \u00b0C temperat\u016broje vilnos skalbimo [&hellip;]<\/p>\n","protected":false},"featured_media":8642,"template":"","meta":[],"product_brand":[],"product_cat":[186,66],"product_tag":[184,254,724,695,269,181,692,723,700,694,42,178],"class_list":{"0":"post-8641","1":"product","2":"type-product","3":"status-publish","4":"has-post-thumbnail","6":"product_cat-naujienos","7":"product_cat-zaislai","8":"product_tag-lele","9":"product_tag-lelyte","10":"product_tag-minksta-lele","11":"product_tag-minkstas","12":"product_tag-minkstas-zaislas","13":"product_tag-minkstuolis","14":"product_tag-moulin-roty","15":"product_tag-moulin-roty-lele","16":"product_tag-moulin-roty-minkstas-zaislas","17":"product_tag-vaikams-zaislai","18":"product_tag-zaislai","19":"product_tag-zaislas","20":"","22":"first","23":"instock","24":"taxable","25":"shipping-taxable","26":"purchasable","27":"product-type-simple"},"_links":{"self":[{"href":"https:\/\/secihouse.lt\/index.php\/wp-json\/wp\/v2\/product\/8641","targetHints":{"allow":["GET"]}}],"collection":[{"href":"https:\/\/secihouse.lt\/index.php\/wp-json\/wp\/v2\/product"}],"about":[{"href":"https:\/\/secihouse.lt\/index.php\/wp-json\/wp\/v2\/types\/product"}],"wp:featuredmedia":[{"embeddable":true,"href":"https:\/\/secihouse.lt\/index.php\/wp-json\/wp\/v2\/media\/8642"}],"wp:attachment":[{"href":"https:\/\/secihouse.lt\/index.php\/wp-json\/wp\/v2\/media?parent=8641"}],"wp:term":[{"taxonomy":"product_brand","embeddable":true,"href":"https:\/\/secihouse.lt\/index.php\/wp-json\/wp\/v2\/product_brand?post=8641"},{"taxonomy":"product_cat","embeddable":true,"href":"https:\/\/secihouse.lt\/index.php\/wp-json\/wp\/v2\/product_cat?post=8641"},{"taxonomy":"product_tag","embeddable":true,"href":"https:\/\/secihouse.lt\/index.php\/wp-json\/wp\/v2\/product_tag?post=8641"}],"curies":[{"name":"wp","href":"https:\/\/api.w.org\/{rel}","templated":true}]}}