{"id":8633,"date":"2024-09-10T14:57:47","date_gmt":"2024-09-10T12:57:47","guid":{"rendered":"https:\/\/secihouse.lt\/?post_type=product&#038;p=8633"},"modified":"2024-09-13T09:10:46","modified_gmt":"2024-09-13T07:10:46","slug":"moulin-roty-printas-50x70-de-danse","status":"publish","type":"product","link":"https:\/\/secihouse.lt\/index.php\/product\/moulin-roty-printas-50x70-de-danse\/","title":{"rendered":"Moulin Roty printas 50&#215;70 &#8211; De Danse"},"content":{"rendered":"<p>50x70cm plakatas i\u0161 Little Dance School kolekcijos. 1,2,3&#8230; Anna su draugais repetuoja ir tobulina savo \u0161okio \u017eingsnelius did\u017eiajam baletui. Spausdinta Pranc\u016bzijoje augaliniais da\u017eais ant FSC sertifikuoto popieriaus.<\/p>\n<p>&nbsp;<\/p>\n<p>&nbsp;<\/p>\n<p>&nbsp;<\/p>\n","protected":false},"excerpt":{"rendered":"<p>50x70cm plakatas i\u0161 Little Dance School kolekcijos. 1,2,3&#8230; Anna su draugais repetuoja ir tobulina savo \u0161okio \u017eingsnelius did\u017eiajam baletui. Spausdinta Pranc\u016bzijoje augaliniais da\u017eais ant FSC sertifikuoto popieriaus. &nbsp; &nbsp; &nbsp;<\/p>\n","protected":false},"featured_media":8634,"template":"","meta":[],"product_brand":[],"product_cat":[186],"product_tag":[721,722,692,719,720],"class_list":{"0":"post-8633","1":"product","2":"type-product","3":"status-publish","4":"has-post-thumbnail","6":"product_cat-naujienos","7":"product_tag-kambariui","8":"product_tag-kambariui-paveikslai","9":"product_tag-moulin-roty","10":"product_tag-moulin-roty-printas","11":"product_tag-printai","12":"","14":"first","15":"instock","16":"taxable","17":"shipping-taxable","18":"purchasable","19":"product-type-simple"},"_links":{"self":[{"href":"https:\/\/secihouse.lt\/index.php\/wp-json\/wp\/v2\/product\/8633","targetHints":{"allow":["GET"]}}],"collection":[{"href":"https:\/\/secihouse.lt\/index.php\/wp-json\/wp\/v2\/product"}],"about":[{"href":"https:\/\/secihouse.lt\/index.php\/wp-json\/wp\/v2\/types\/product"}],"wp:featuredmedia":[{"embeddable":true,"href":"https:\/\/secihouse.lt\/index.php\/wp-json\/wp\/v2\/media\/8634"}],"wp:attachment":[{"href":"https:\/\/secihouse.lt\/index.php\/wp-json\/wp\/v2\/media?parent=8633"}],"wp:term":[{"taxonomy":"product_brand","embeddable":true,"href":"https:\/\/secihouse.lt\/index.php\/wp-json\/wp\/v2\/product_brand?post=8633"},{"taxonomy":"product_cat","embeddable":true,"href":"https:\/\/secihouse.lt\/index.php\/wp-json\/wp\/v2\/product_cat?post=8633"},{"taxonomy":"product_tag","embeddable":true,"href":"https:\/\/secihouse.lt\/index.php\/wp-json\/wp\/v2\/product_tag?post=8633"}],"curies":[{"name":"wp","href":"https:\/\/api.w.org\/{rel}","templated":true}]}}