{"id":8622,"date":"2024-09-10T14:35:42","date_gmt":"2024-09-10T12:35:42","guid":{"rendered":"https:\/\/secihouse.lt\/?post_type=product&#038;p=8622"},"modified":"2024-12-09T14:17:32","modified_gmt":"2024-12-09T12:17:32","slug":"moulin-roty-knygu-pasakojimu-dezute-chien-pourri","status":"publish","type":"product","link":"https:\/\/secihouse.lt\/index.php\/product\/moulin-roty-knygu-pasakojimu-dezute-chien-pourri\/","title":{"rendered":"Moulin Roty knyg\u0173 pasakojim\u0173 d\u0117\u017eut\u0117 &#8211; Chien pourri"},"content":{"rendered":"<p>Iliustruotas d\u0117\u017eut\u0117s rinkinys, sukurtas kaip stebuklinga knyga su projekturiumi, 5 diskais ir 5 kvietimai \u012f kino seans\u0105 su vokeliais. Ugdo ma\u017e\u0173 vaik\u0173 vaizduot\u0119 ir \u017einoma puiki galimyb\u0117 praleisti laik\u0105 kartu su ma\u017eyliu. Kiekvienas diskas, suprojektuotas knygoje ar ant sienos, pasakoja apie Chien Pourri, did\u012fj\u012f laisvalaikio mokyklos pok\u0161tinink\u0105.<\/p>\n<p>&nbsp;<\/p>\n<p><strong>Dydis:\u00a0<\/strong>12&#215;16,5 cm<\/p>\n<p><strong>Sud\u0117tis:<\/strong> Plastikas ABS<\/p>\n<p><strong>Rekomenduojamas am\u017eius:<\/strong>\u00a0+ 3 metai<\/p>\n<p>&nbsp;<\/p>\n","protected":false},"excerpt":{"rendered":"<p>Iliustruotas d\u0117\u017eut\u0117s rinkinys, sukurtas kaip stebuklinga knyga su projekturiumi, 5 diskais ir 5 kvietimai \u012f kino seans\u0105 su vokeliais. Ugdo ma\u017e\u0173 vaik\u0173 vaizduot\u0119 ir \u017einoma puiki galimyb\u0117 praleisti laik\u0105 kartu su ma\u017eyliu. Kiekvienas diskas, suprojektuotas knygoje ar ant sienos, pasakoja apie Chien Pourri, did\u012fj\u012f laisvalaikio mokyklos pok\u0161tinink\u0105. &nbsp; Dydis:\u00a012&#215;16,5 cm Sud\u0117tis: Plastikas ABS Rekomenduojamas am\u017eius:\u00a0+ [&hellip;]<\/p>\n","protected":false},"featured_media":8623,"template":"","meta":[],"product_brand":[],"product_cat":[186,66],"product_tag":[717,692,718,713,714,715,694,42,178,716],"class_list":{"0":"post-8622","1":"product","2":"type-product","3":"status-publish","4":"has-post-thumbnail","6":"product_cat-naujienos","7":"product_cat-zaislai","8":"product_tag-knygu-pasakojimu-dezute","9":"product_tag-moulin-roty","10":"product_tag-moulin-roty-knygu-pasakojimu-dezute","11":"product_tag-moulin-roty-projektorius","12":"product_tag-moulin-roty-zibintas","13":"product_tag-pasaku-zibintas","14":"product_tag-vaikams-zaislai","15":"product_tag-zaislai","16":"product_tag-zaislas","17":"product_tag-zibintas","18":"","20":"first","21":"instock","22":"taxable","23":"shipping-taxable","24":"purchasable","25":"product-type-simple"},"_links":{"self":[{"href":"https:\/\/secihouse.lt\/index.php\/wp-json\/wp\/v2\/product\/8622","targetHints":{"allow":["GET"]}}],"collection":[{"href":"https:\/\/secihouse.lt\/index.php\/wp-json\/wp\/v2\/product"}],"about":[{"href":"https:\/\/secihouse.lt\/index.php\/wp-json\/wp\/v2\/types\/product"}],"wp:featuredmedia":[{"embeddable":true,"href":"https:\/\/secihouse.lt\/index.php\/wp-json\/wp\/v2\/media\/8623"}],"wp:attachment":[{"href":"https:\/\/secihouse.lt\/index.php\/wp-json\/wp\/v2\/media?parent=8622"}],"wp:term":[{"taxonomy":"product_brand","embeddable":true,"href":"https:\/\/secihouse.lt\/index.php\/wp-json\/wp\/v2\/product_brand?post=8622"},{"taxonomy":"product_cat","embeddable":true,"href":"https:\/\/secihouse.lt\/index.php\/wp-json\/wp\/v2\/product_cat?post=8622"},{"taxonomy":"product_tag","embeddable":true,"href":"https:\/\/secihouse.lt\/index.php\/wp-json\/wp\/v2\/product_tag?post=8622"}],"curies":[{"name":"wp","href":"https:\/\/api.w.org\/{rel}","templated":true}]}}