{"id":8603,"date":"2024-09-10T14:09:57","date_gmt":"2024-09-10T12:09:57","guid":{"rendered":"https:\/\/secihouse.lt\/?post_type=product&#038;p=8603"},"modified":"2025-11-14T00:54:56","modified_gmt":"2025-11-13T22:54:56","slug":"moulin-roty-minkstas-zaislas-meskutis-emile","status":"publish","type":"product","link":"https:\/\/secihouse.lt\/index.php\/product\/moulin-roty-minkstas-zaislas-meskutis-emile\/","title":{"rendered":"Moulin Roty mink\u0161tas \u017eaislas me\u0161kutis &#8211; Emile"},"content":{"rendered":"<p>Emile ma\u017easis me\u0161kiukas yra i\u0161dyk\u0119s, bet be galo draugi\u0161kas. \u00a0Jis m\u0117gsta pyragus ir skai\u010diuoja kiekvien\u0105 drugel\u012f! \u00a0Ma\u017e\u0173j\u0173 draugijoje \u00c9mile \u017eada \u0161velnumo akimirkas ir nepamir\u0161tamus nuotykius. Su Emile tikrai li\u016bdna nebus !<\/p>\n<p>Me\u0161kiukas Emile supakuotas gra\u017eioje d\u0117\u017eut\u0117je.<\/p>\n<p>&nbsp;<\/p>\n<p><strong>Dydis:<\/strong>\u00a0 22,5 cm<\/p>\n<p><strong>Sud\u0117tis:\u00a0<\/strong>Medviln\u0117, poliesteris, linas, plastikin\u0117s detal\u0117s PP<\/p>\n<p><strong>Rekomenduojamas am\u017eius:<\/strong> +12 m\u0117n.<\/p>\n<p><strong>Prie\u017ei\u016bros patarimai:\u00a0<\/strong>Galima skalbti skalbykl\u0117je 30 \u00b0C temperat\u016broje vilnos skalbimo ciklu. Ned\u017eiovinti d\u017eiovykloje.<\/p>\n","protected":false},"excerpt":{"rendered":"<p>Emile ma\u017easis me\u0161kiukas yra i\u0161dyk\u0119s, bet be galo draugi\u0161kas. \u00a0Jis m\u0117gsta pyragus ir skai\u010diuoja kiekvien\u0105 drugel\u012f! \u00a0Ma\u017e\u0173j\u0173 draugijoje \u00c9mile \u017eada \u0161velnumo akimirkas ir nepamir\u0161tamus nuotykius. Su Emile tikrai li\u016bdna nebus ! Me\u0161kiukas Emile supakuotas gra\u017eioje d\u0117\u017eut\u0117je. &nbsp; Dydis:\u00a0 22,5 cm Sud\u0117tis:\u00a0Medviln\u0117, poliesteris, linas, plastikin\u0117s detal\u0117s PP Rekomenduojamas am\u017eius: +12 m\u0117n. Prie\u017ei\u016bros patarimai:\u00a0Galima skalbti skalbykl\u0117je 30 [&hellip;]<\/p>\n","protected":false},"featured_media":8604,"template":"","meta":[],"product_brand":[],"product_cat":[186,66],"product_tag":[216,695,709,269,181,692,710,700,694,42,178],"class_list":{"0":"post-8603","1":"product","2":"type-product","3":"status-publish","4":"has-post-thumbnail","6":"product_cat-naujienos","7":"product_cat-zaislai","8":"product_tag-meskutis","9":"product_tag-minkstas","10":"product_tag-minkstas-zaiskas-meskutis","11":"product_tag-minkstas-zaislas","12":"product_tag-minkstuolis","13":"product_tag-moulin-roty","14":"product_tag-moulin-roty-meskutis","15":"product_tag-moulin-roty-minkstas-zaislas","16":"product_tag-vaikams-zaislai","17":"product_tag-zaislai","18":"product_tag-zaislas","19":"","21":"first","22":"instock","23":"taxable","24":"shipping-taxable","25":"purchasable","26":"product-type-simple"},"_links":{"self":[{"href":"https:\/\/secihouse.lt\/index.php\/wp-json\/wp\/v2\/product\/8603","targetHints":{"allow":["GET"]}}],"collection":[{"href":"https:\/\/secihouse.lt\/index.php\/wp-json\/wp\/v2\/product"}],"about":[{"href":"https:\/\/secihouse.lt\/index.php\/wp-json\/wp\/v2\/types\/product"}],"wp:featuredmedia":[{"embeddable":true,"href":"https:\/\/secihouse.lt\/index.php\/wp-json\/wp\/v2\/media\/8604"}],"wp:attachment":[{"href":"https:\/\/secihouse.lt\/index.php\/wp-json\/wp\/v2\/media?parent=8603"}],"wp:term":[{"taxonomy":"product_brand","embeddable":true,"href":"https:\/\/secihouse.lt\/index.php\/wp-json\/wp\/v2\/product_brand?post=8603"},{"taxonomy":"product_cat","embeddable":true,"href":"https:\/\/secihouse.lt\/index.php\/wp-json\/wp\/v2\/product_cat?post=8603"},{"taxonomy":"product_tag","embeddable":true,"href":"https:\/\/secihouse.lt\/index.php\/wp-json\/wp\/v2\/product_tag?post=8603"}],"curies":[{"name":"wp","href":"https:\/\/api.w.org\/{rel}","templated":true}]}}