{"id":8588,"date":"2024-09-10T13:51:56","date_gmt":"2024-09-10T11:51:56","guid":{"rendered":"https:\/\/secihouse.lt\/?post_type=product&#038;p=8588"},"modified":"2025-05-08T20:30:11","modified_gmt":"2025-05-08T18:30:11","slug":"moulin-roty-minkstas-zaislas-katinas-leon","status":"publish","type":"product","link":"https:\/\/secihouse.lt\/index.php\/product\/moulin-roty-minkstas-zaislas-katinas-leon\/","title":{"rendered":"Moulin Roty mink\u0161tas \u017eaislas katinas &#8211; Leon"},"content":{"rendered":"<p>Katinas L\u00e9on yra be galo mielas pliu\u0161inis \u017eaisliukas. \u00a0Jam patinka mokslai ir jo spalvos paltas! Ma\u017e\u0173j\u0173 draugijoje L\u00e9onas \u017eada \u0161velnumo akimirkas ir nepamir\u0161tamus nuotykius. Su \u0161iuo katin\u0117liu tikrai li\u016bdna nebus.<\/p>\n<p>Katinas Leon supakuotas gra\u017eioje d\u0117\u017eut\u0117je.<\/p>\n<p>&nbsp;<\/p>\n<p><strong>Dydis:<\/strong>\u00a0 25,5 cm<\/p>\n<p><strong>Sud\u0117tis:\u00a0<\/strong>Medviln\u0117, poliesteris, linas, plastikin\u0117s detal\u0117s PP<\/p>\n<p><strong>Rekomenduojamas am\u017eius:<\/strong> +12 m\u0117n.<\/p>\n<p><strong>Prie\u017ei\u016bros patarimai:\u00a0<\/strong>Galima skalbti skalbykl\u0117je 30 \u00b0C temperat\u016broje vilnos skalbimo ciklu. Ned\u017eiovinti d\u017eiovykloje.<\/p>\n","protected":false},"excerpt":{"rendered":"<p>Katinas L\u00e9on yra be galo mielas pliu\u0161inis \u017eaisliukas. \u00a0Jam patinka mokslai ir jo spalvos paltas! Ma\u017e\u0173j\u0173 draugijoje L\u00e9onas \u017eada \u0161velnumo akimirkas ir nepamir\u0161tamus nuotykius. Su \u0161iuo katin\u0117liu tikrai li\u016bdna nebus. Katinas Leon supakuotas gra\u017eioje d\u0117\u017eut\u0117je. &nbsp; Dydis:\u00a0 25,5 cm Sud\u0117tis:\u00a0Medviln\u0117, poliesteris, linas, plastikin\u0117s detal\u0117s PP Rekomenduojamas am\u017eius: +12 m\u0117n. Prie\u017ei\u016bros patarimai:\u00a0Galima skalbti skalbykl\u0117je 30 \u00b0C [&hellip;]<\/p>\n","protected":false},"featured_media":8589,"template":"","meta":[],"product_brand":[],"product_cat":[186,66],"product_tag":[702,695,269,701,181,692,700,694,42,178],"class_list":{"0":"post-8588","1":"product","2":"type-product","3":"status-publish","4":"has-post-thumbnail","6":"product_cat-naujienos","7":"product_cat-zaislai","8":"product_tag-leon-katinas","9":"product_tag-minkstas","10":"product_tag-minkstas-zaislas","11":"product_tag-minkstas-zaislas-katinas","12":"product_tag-minkstuolis","13":"product_tag-moulin-roty","14":"product_tag-moulin-roty-minkstas-zaislas","15":"product_tag-vaikams-zaislai","16":"product_tag-zaislai","17":"product_tag-zaislas","18":"","20":"first","21":"instock","22":"taxable","23":"shipping-taxable","24":"purchasable","25":"product-type-simple"},"_links":{"self":[{"href":"https:\/\/secihouse.lt\/index.php\/wp-json\/wp\/v2\/product\/8588","targetHints":{"allow":["GET"]}}],"collection":[{"href":"https:\/\/secihouse.lt\/index.php\/wp-json\/wp\/v2\/product"}],"about":[{"href":"https:\/\/secihouse.lt\/index.php\/wp-json\/wp\/v2\/types\/product"}],"wp:featuredmedia":[{"embeddable":true,"href":"https:\/\/secihouse.lt\/index.php\/wp-json\/wp\/v2\/media\/8589"}],"wp:attachment":[{"href":"https:\/\/secihouse.lt\/index.php\/wp-json\/wp\/v2\/media?parent=8588"}],"wp:term":[{"taxonomy":"product_brand","embeddable":true,"href":"https:\/\/secihouse.lt\/index.php\/wp-json\/wp\/v2\/product_brand?post=8588"},{"taxonomy":"product_cat","embeddable":true,"href":"https:\/\/secihouse.lt\/index.php\/wp-json\/wp\/v2\/product_cat?post=8588"},{"taxonomy":"product_tag","embeddable":true,"href":"https:\/\/secihouse.lt\/index.php\/wp-json\/wp\/v2\/product_tag?post=8588"}],"curies":[{"name":"wp","href":"https:\/\/api.w.org\/{rel}","templated":true}]}}