{"id":8582,"date":"2024-09-13T09:12:00","date_gmt":"2024-09-13T07:12:00","guid":{"rendered":"https:\/\/secihouse.lt\/?post_type=product&#038;p=8582"},"modified":"2025-06-17T18:16:01","modified_gmt":"2025-06-17T16:16:01","slug":"moulin-roty-minkstas-zaislas-lokys-baba","status":"publish","type":"product","link":"https:\/\/secihouse.lt\/index.php\/product\/moulin-roty-minkstas-zaislas-lokys-baba\/","title":{"rendered":"Moulin Roty mink\u0161tas \u017eaislas lokys &#8211; Baba"},"content":{"rendered":"<p>Lokys Baba yra \u017eavingas \u017eaisliukas su be galo gra\u017eia apranga. Jam patinka groti band\u017ea ir tiesiog dievin\u0105 jazmin\u0173 kvap\u0105 ! Baba suteiks ma\u017eyliui \u0161velnumo akimirkas ir nepamir\u0161tamus nuotykius. Net neabejojame, kad \u0161is lokys keliaus i\u0161 kartos \u012f kart\u0105.<\/p>\n<p>Lokys Baba supakuotas gra\u017eioje d\u0117\u017eut\u0117je.<\/p>\n<p>&nbsp;<\/p>\n<p><strong>Dydis:<\/strong>\u00a0 25,5 cm<\/p>\n<p><strong>Sud\u0117tis:\u00a0<\/strong>Medviln\u0117, poliesteris, linas, plastikin\u0117s detal\u0117s PP<\/p>\n<p><strong>Rekomenduojamas am\u017eius:<\/strong> +12 m\u0117n.<\/p>\n<p><strong>Prie\u017ei\u016bros patarimai:\u00a0<\/strong>Galima skalbti skalbykl\u0117je 30 \u00b0C temperat\u016broje vilnos skalbimo ciklu. Ned\u017eiovinti d\u017eiovykloje.<\/p>\n","protected":false},"excerpt":{"rendered":"<p>Lokys Baba yra \u017eavingas \u017eaisliukas su be galo gra\u017eia apranga. Jam patinka groti band\u017ea ir tiesiog dievin\u0105 jazmin\u0173 kvap\u0105 ! Baba suteiks ma\u017eyliui \u0161velnumo akimirkas ir nepamir\u0161tamus nuotykius. Net neabejojame, kad \u0161is lokys keliaus i\u0161 kartos \u012f kart\u0105. Lokys Baba supakuotas gra\u017eioje d\u0117\u017eut\u0117je. &nbsp; Dydis:\u00a0 25,5 cm Sud\u0117tis:\u00a0Medviln\u0117, poliesteris, linas, plastikin\u0117s detal\u0117s PP Rekomenduojamas am\u017eius: [&hellip;]<\/p>\n","protected":false},"featured_media":8583,"template":"","meta":[],"product_brand":[],"product_cat":[186,66],"product_tag":[693,699,698,697,695,269,181,692,696,694,42,178],"class_list":{"0":"post-8582","1":"product","2":"type-product","3":"status-publish","4":"has-post-thumbnail","6":"product_cat-naujienos","7":"product_cat-zaislai","8":"product_tag-baba-lokys","9":"product_tag-lokys","10":"product_tag-meska","11":"product_tag-meskinas","12":"product_tag-minkstas","13":"product_tag-minkstas-zaislas","14":"product_tag-minkstuolis","15":"product_tag-moulin-roty","16":"product_tag-moulin-roty-lokys-baba","17":"product_tag-vaikams-zaislai","18":"product_tag-zaislai","19":"product_tag-zaislas","20":"","22":"first","23":"instock","24":"taxable","25":"shipping-taxable","26":"purchasable","27":"product-type-simple"},"_links":{"self":[{"href":"https:\/\/secihouse.lt\/index.php\/wp-json\/wp\/v2\/product\/8582","targetHints":{"allow":["GET"]}}],"collection":[{"href":"https:\/\/secihouse.lt\/index.php\/wp-json\/wp\/v2\/product"}],"about":[{"href":"https:\/\/secihouse.lt\/index.php\/wp-json\/wp\/v2\/types\/product"}],"wp:featuredmedia":[{"embeddable":true,"href":"https:\/\/secihouse.lt\/index.php\/wp-json\/wp\/v2\/media\/8583"}],"wp:attachment":[{"href":"https:\/\/secihouse.lt\/index.php\/wp-json\/wp\/v2\/media?parent=8582"}],"wp:term":[{"taxonomy":"product_brand","embeddable":true,"href":"https:\/\/secihouse.lt\/index.php\/wp-json\/wp\/v2\/product_brand?post=8582"},{"taxonomy":"product_cat","embeddable":true,"href":"https:\/\/secihouse.lt\/index.php\/wp-json\/wp\/v2\/product_cat?post=8582"},{"taxonomy":"product_tag","embeddable":true,"href":"https:\/\/secihouse.lt\/index.php\/wp-json\/wp\/v2\/product_tag?post=8582"}],"curies":[{"name":"wp","href":"https:\/\/api.w.org\/{rel}","templated":true}]}}