{"id":8515,"date":"2024-08-19T14:06:31","date_gmt":"2024-08-19T12:06:31","guid":{"rendered":"https:\/\/secihouse.lt\/?post_type=product&#038;p=8515"},"modified":"2024-08-19T14:08:12","modified_gmt":"2024-08-19T12:08:12","slug":"little-dutch-mini-lelyte-jim","status":"publish","type":"product","link":"https:\/\/secihouse.lt\/index.php\/product\/little-dutch-mini-lelyte-jim\/","title":{"rendered":"Little Dutch mini l\u0117lyt\u0117 &#8211; Jim"},"content":{"rendered":"<p>Ma\u017eas, bet be galo mielas D\u017eimas, kuris m\u0117gsta keliauti \u012f nuotyki\u0173 pasaul\u012f kartu su ma\u017eyliu. \u0160is \u017eaisliukas visai neu\u017eims daug vietos ir puikiai tiks net pa\u010dioms ma\u017eiausioms rankyt\u0117ms, o svarbiausia, kad \u0161i l\u0117lyt\u0117 labai mink\u0161ta tarsi debes\u0117lis.<\/p>\n<p><strong>Dydis:<\/strong> 10cm<\/p>\n<p>L\u0117lyt\u0117 pateikiama gra\u017eioje ma\u017eoje d\u0117\u017eut\u0117je<\/p>\n<p><strong>Galima skalbti skalbimo ma\u0161inoje:<\/strong> 30\u00b0<br \/>\n<strong>Sud\u0117tis:<\/strong> 95% poliesteris; 5% medviln\u0117 \/ u\u017epildas: 100% poliesteris<br \/>\n<strong>Rekomenduojamas am\u017eius:<\/strong> 12+ m\u0117n<\/p>\n<p>&nbsp;<\/p>\n","protected":false},"excerpt":{"rendered":"<p>Ma\u017eas, bet be galo mielas D\u017eimas, kuris m\u0117gsta keliauti \u012f nuotyki\u0173 pasaul\u012f kartu su ma\u017eyliu. \u0160is \u017eaisliukas visai neu\u017eims daug vietos ir puikiai tiks net pa\u010dioms ma\u017eiausioms rankyt\u0117ms, o svarbiausia, kad \u0161i l\u0117lyt\u0117 labai mink\u0161ta tarsi debes\u0117lis. Dydis: 10cm L\u0117lyt\u0117 pateikiama gra\u017eioje ma\u017eoje d\u0117\u017eut\u0117je Galima skalbti skalbimo ma\u0161inoje: 30\u00b0 Sud\u0117tis: 95% poliesteris; 5% medviln\u0117 \/ [&hellip;]<\/p>\n","protected":false},"featured_media":8516,"template":"","meta":[],"product_brand":[],"product_cat":[186,66],"product_tag":[184,254,182,582,690,269,42],"class_list":{"0":"post-8515","1":"product","2":"type-product","3":"status-publish","4":"has-post-thumbnail","6":"product_cat-naujienos","7":"product_cat-zaislai","8":"product_tag-lele","9":"product_tag-lelyte","10":"product_tag-little-dutch","11":"product_tag-little-dutch-zaislai","12":"product_tag-maza-lelyte","13":"product_tag-minkstas-zaislas","14":"product_tag-zaislai","15":"","17":"first","18":"instock","19":"taxable","20":"shipping-taxable","21":"purchasable","22":"product-type-simple"},"_links":{"self":[{"href":"https:\/\/secihouse.lt\/index.php\/wp-json\/wp\/v2\/product\/8515","targetHints":{"allow":["GET"]}}],"collection":[{"href":"https:\/\/secihouse.lt\/index.php\/wp-json\/wp\/v2\/product"}],"about":[{"href":"https:\/\/secihouse.lt\/index.php\/wp-json\/wp\/v2\/types\/product"}],"wp:featuredmedia":[{"embeddable":true,"href":"https:\/\/secihouse.lt\/index.php\/wp-json\/wp\/v2\/media\/8516"}],"wp:attachment":[{"href":"https:\/\/secihouse.lt\/index.php\/wp-json\/wp\/v2\/media?parent=8515"}],"wp:term":[{"taxonomy":"product_brand","embeddable":true,"href":"https:\/\/secihouse.lt\/index.php\/wp-json\/wp\/v2\/product_brand?post=8515"},{"taxonomy":"product_cat","embeddable":true,"href":"https:\/\/secihouse.lt\/index.php\/wp-json\/wp\/v2\/product_cat?post=8515"},{"taxonomy":"product_tag","embeddable":true,"href":"https:\/\/secihouse.lt\/index.php\/wp-json\/wp\/v2\/product_tag?post=8515"}],"curies":[{"name":"wp","href":"https:\/\/api.w.org\/{rel}","templated":true}]}}