{"id":8307,"date":"2024-06-27T19:28:48","date_gmt":"2024-06-27T17:28:48","guid":{"rendered":"https:\/\/secihouse.lt\/?post_type=product&#038;p=8307"},"modified":"2025-02-15T21:20:55","modified_gmt":"2025-02-15T19:20:55","slug":"konges-slojd-dazai","status":"publish","type":"product","link":"https:\/\/secihouse.lt\/index.php\/product\/konges-slojd-dazai\/","title":{"rendered":"Konges Slojd da\u017eai"},"content":{"rendered":"<p>24 vandens pagrindo spalvos metalin\u0117je d\u0117\u017eut\u0117je. Pridedamas medinis \u0161epet\u0117lis su nailoniniais plaukais, kur\u012f lengva valyti.<br \/>\nNaudokite ant popieriaus. Nor\u0117dami suaktyvinti spalvas, naudokite ir vanden\u012f<\/p>\n<p><strong>Ingridientai:<\/strong><br \/>\narabikas: 30%<br \/>\nMaltodekstrinas: 20%<br \/>\nKalcio karbonatas: 20%<br \/>\nPolietilenglikolis: 15%<br \/>\nGlicerinas: 10%<br \/>\nspalva 5%<\/p>\n<p><strong>Dydis:<\/strong> 8,5 cm x \u00a02,5 cm x \u00a019 cm<br \/>\n<strong>Rekomenduojamas am\u017eius:<\/strong> nuo 3 met\u0173<\/p>\n","protected":false},"excerpt":{"rendered":"<p>24 vandens pagrindo spalvos metalin\u0117je d\u0117\u017eut\u0117je. Pridedamas medinis \u0161epet\u0117lis su nailoniniais plaukais, kur\u012f lengva valyti. Naudokite ant popieriaus. Nor\u0117dami suaktyvinti spalvas, naudokite ir vanden\u012f Ingridientai: arabikas: 30% Maltodekstrinas: 20% Kalcio karbonatas: 20% Polietilenglikolis: 15% Glicerinas: 10% spalva 5% Dydis: 8,5 cm x \u00a02,5 cm x \u00a019 cm Rekomenduojamas am\u017eius: nuo 3 met\u0173<\/p>\n","protected":false},"featured_media":8322,"template":"","meta":[],"product_brand":[],"product_cat":[186,66],"product_tag":[],"class_list":{"0":"post-8307","1":"product","2":"type-product","3":"status-publish","4":"has-post-thumbnail","6":"product_cat-naujienos","7":"product_cat-zaislai","8":"","10":"first","11":"instock","12":"taxable","13":"shipping-taxable","14":"purchasable","15":"product-type-simple"},"_links":{"self":[{"href":"https:\/\/secihouse.lt\/index.php\/wp-json\/wp\/v2\/product\/8307","targetHints":{"allow":["GET"]}}],"collection":[{"href":"https:\/\/secihouse.lt\/index.php\/wp-json\/wp\/v2\/product"}],"about":[{"href":"https:\/\/secihouse.lt\/index.php\/wp-json\/wp\/v2\/types\/product"}],"wp:featuredmedia":[{"embeddable":true,"href":"https:\/\/secihouse.lt\/index.php\/wp-json\/wp\/v2\/media\/8322"}],"wp:attachment":[{"href":"https:\/\/secihouse.lt\/index.php\/wp-json\/wp\/v2\/media?parent=8307"}],"wp:term":[{"taxonomy":"product_brand","embeddable":true,"href":"https:\/\/secihouse.lt\/index.php\/wp-json\/wp\/v2\/product_brand?post=8307"},{"taxonomy":"product_cat","embeddable":true,"href":"https:\/\/secihouse.lt\/index.php\/wp-json\/wp\/v2\/product_cat?post=8307"},{"taxonomy":"product_tag","embeddable":true,"href":"https:\/\/secihouse.lt\/index.php\/wp-json\/wp\/v2\/product_tag?post=8307"}],"curies":[{"name":"wp","href":"https:\/\/api.w.org\/{rel}","templated":true}]}}