{"id":8303,"date":"2024-06-27T19:19:35","date_gmt":"2024-06-27T17:19:35","guid":{"rendered":"https:\/\/secihouse.lt\/?post_type=product&#038;p=8303"},"modified":"2025-06-18T10:07:42","modified_gmt":"2025-06-18T08:07:42","slug":"konges-slojd-segtukas-cherry","status":"publish","type":"product","link":"https:\/\/secihouse.lt\/index.php\/product\/konges-slojd-segtukas-cherry\/","title":{"rendered":"Konges Slojd segtukas &#8211; Cherry"},"content":{"rendered":"<p>Nertas \u00a0segtukas su vy\u0161niomis, plauku\u010diai atrodys nepriekai\u0161tingai.<\/p>\n<p><strong>Dydis:<\/strong> 8 cm x \u00a03,5 cm.<\/p>\n<p><strong>Tinka nuo 3 met\u0173 ir vyresniems.<\/strong><\/p>\n<p><strong>Sud\u0117tis:<\/strong> 100% akrilo ir 100% plieno.<\/p>\n<p>&nbsp;<\/p>\n<p>&nbsp;<\/p>\n","protected":false},"excerpt":{"rendered":"<p>Nertas \u00a0segtukas su vy\u0161niomis, plauku\u010diai atrodys nepriekai\u0161tingai. Dydis: 8 cm x \u00a03,5 cm. Tinka nuo 3 met\u0173 ir vyresniems. Sud\u0117tis: 100% akrilo ir 100% plieno. &nbsp; &nbsp;<\/p>\n","protected":false},"featured_media":8321,"template":"","meta":[],"product_brand":[],"product_cat":[67,186],"product_tag":[224,236,669,684,417,685],"class_list":{"0":"post-8303","1":"product","2":"type-product","3":"status-publish","4":"has-post-thumbnail","6":"product_cat-apranga-aksesuarai","7":"product_cat-naujienos","8":"product_tag-aksesuarai","9":"product_tag-konges-slojd","10":"product_tag-plaukams","11":"product_tag-plauku-aksesuarai","12":"product_tag-segtukai","13":"product_tag-segtukas","14":"","16":"first","17":"instock","18":"taxable","19":"shipping-taxable","20":"purchasable","21":"product-type-simple"},"_links":{"self":[{"href":"https:\/\/secihouse.lt\/index.php\/wp-json\/wp\/v2\/product\/8303","targetHints":{"allow":["GET"]}}],"collection":[{"href":"https:\/\/secihouse.lt\/index.php\/wp-json\/wp\/v2\/product"}],"about":[{"href":"https:\/\/secihouse.lt\/index.php\/wp-json\/wp\/v2\/types\/product"}],"wp:featuredmedia":[{"embeddable":true,"href":"https:\/\/secihouse.lt\/index.php\/wp-json\/wp\/v2\/media\/8321"}],"wp:attachment":[{"href":"https:\/\/secihouse.lt\/index.php\/wp-json\/wp\/v2\/media?parent=8303"}],"wp:term":[{"taxonomy":"product_brand","embeddable":true,"href":"https:\/\/secihouse.lt\/index.php\/wp-json\/wp\/v2\/product_brand?post=8303"},{"taxonomy":"product_cat","embeddable":true,"href":"https:\/\/secihouse.lt\/index.php\/wp-json\/wp\/v2\/product_cat?post=8303"},{"taxonomy":"product_tag","embeddable":true,"href":"https:\/\/secihouse.lt\/index.php\/wp-json\/wp\/v2\/product_tag?post=8303"}],"curies":[{"name":"wp","href":"https:\/\/api.w.org\/{rel}","templated":true}]}}