{"id":8300,"date":"2024-06-27T16:48:00","date_gmt":"2024-06-27T14:48:00","guid":{"rendered":"https:\/\/secihouse.lt\/?post_type=product&#038;p=8300"},"modified":"2026-04-28T10:17:52","modified_gmt":"2026-04-28T08:17:52","slug":"konges-slojd-zvakide-swan","status":"publish","type":"product","link":"https:\/\/secihouse.lt\/index.php\/product\/konges-slojd-zvakide-swan\/","title":{"rendered":"Konges Slojd \u017evakid\u0117 &#8211; Swan"},"content":{"rendered":"<p>\u017dvakid\u0117 su ma\u017ea skylute tinkanti gimtadienio \u017evakei<\/p>\n<p><strong>Sud\u0117tis:<\/strong> Fig\u016bra pagaminta i\u0161 100% polirezino \u017dvakid\u0117 i\u0161 100% metalo<\/p>\n<p><strong>Matmenys:<\/strong> 4cm x 8cm x 3 cm<\/p>\n<p>Tik dekoravimui. Saugoti nuo vaik\u0173<\/p>\n","protected":false},"excerpt":{"rendered":"<p>\u017dvakid\u0117 su ma\u017ea skylute tinkanti gimtadienio \u017evakei Sud\u0117tis: Fig\u016bra pagaminta i\u0161 100% polirezino \u017dvakid\u0117 i\u0161 100% metalo Matmenys: 4cm x 8cm x 3 cm Tik dekoravimui. Saugoti nuo vaik\u0173<\/p>\n","protected":false},"featured_media":8320,"template":"","meta":[],"product_brand":[],"product_cat":[186,243],"product_tag":[683,236,307,682],"class_list":{"0":"post-8300","1":"product","2":"type-product","3":"status-publish","4":"has-post-thumbnail","6":"product_cat-naujienos","7":"product_cat-vaiku-kambarys","8":"product_tag-dekoracija","9":"product_tag-konges-slojd","10":"product_tag-vaiku-kambarys","11":"product_tag-zvakide","12":"","14":"first","15":"instock","16":"taxable","17":"shipping-taxable","18":"purchasable","19":"product-type-simple"},"_links":{"self":[{"href":"https:\/\/secihouse.lt\/index.php\/wp-json\/wp\/v2\/product\/8300","targetHints":{"allow":["GET"]}}],"collection":[{"href":"https:\/\/secihouse.lt\/index.php\/wp-json\/wp\/v2\/product"}],"about":[{"href":"https:\/\/secihouse.lt\/index.php\/wp-json\/wp\/v2\/types\/product"}],"wp:featuredmedia":[{"embeddable":true,"href":"https:\/\/secihouse.lt\/index.php\/wp-json\/wp\/v2\/media\/8320"}],"wp:attachment":[{"href":"https:\/\/secihouse.lt\/index.php\/wp-json\/wp\/v2\/media?parent=8300"}],"wp:term":[{"taxonomy":"product_brand","embeddable":true,"href":"https:\/\/secihouse.lt\/index.php\/wp-json\/wp\/v2\/product_brand?post=8300"},{"taxonomy":"product_cat","embeddable":true,"href":"https:\/\/secihouse.lt\/index.php\/wp-json\/wp\/v2\/product_cat?post=8300"},{"taxonomy":"product_tag","embeddable":true,"href":"https:\/\/secihouse.lt\/index.php\/wp-json\/wp\/v2\/product_tag?post=8300"}],"curies":[{"name":"wp","href":"https:\/\/api.w.org\/{rel}","templated":true}]}}