{"id":8281,"date":"2024-06-27T16:33:23","date_gmt":"2024-06-27T14:33:23","guid":{"rendered":"https:\/\/secihouse.lt\/?post_type=product&#038;p=8281"},"modified":"2025-02-15T21:21:10","modified_gmt":"2025-02-15T19:21:10","slug":"konges-slojd-lipduku-knyga-blush","status":"publish","type":"product","link":"https:\/\/secihouse.lt\/index.php\/product\/konges-slojd-lipduku-knyga-blush\/","title":{"rendered":"Konges Slojd lipduk\u0173 knyga &#8211; Blush"},"content":{"rendered":"<p>Linksma lipduk\u0173 knygel\u0117 su daugkartiniais lipdukais. Apima 8 skirtingus \u00a0puslapius lipduk\u0173 su skirtingais pasauliais . Sukurkite savo pasaul\u012f naudodami skirtingus lipdukus.<\/p>\n<p><strong>Sud\u0117tis:<\/strong> 100% popieriaus. Spiral\u0117 pagaminta i\u0161 PVC.<\/p>\n<p>\u0160is gaminys pagamintas i\u0161 FSC\u2122 sertifikuotos ir kitos kontroliuojamos med\u017eiagos.<\/p>\n<p>Licencijos numeris: FSC C177572<\/p>\n<p><strong>Rekomenduojamas am\u017eius:<\/strong> 3metai +<\/p>\n","protected":false},"excerpt":{"rendered":"<p>Linksma lipduk\u0173 knygel\u0117 su daugkartiniais lipdukais. Apima 8 skirtingus \u00a0puslapius lipduk\u0173 su skirtingais pasauliais . Sukurkite savo pasaul\u012f naudodami skirtingus lipdukus. Sud\u0117tis: 100% popieriaus. Spiral\u0117 pagaminta i\u0161 PVC. \u0160is gaminys pagamintas i\u0161 FSC\u2122 sertifikuotos ir kitos kontroliuojamos med\u017eiagos. Licencijos numeris: FSC C177572 Rekomenduojamas am\u017eius: 3metai +<\/p>\n","protected":false},"featured_media":8317,"template":"","meta":[],"product_brand":[],"product_cat":[186,66],"product_tag":[236,680,681,232],"class_list":{"0":"post-8281","1":"product","2":"type-product","3":"status-publish","4":"has-post-thumbnail","6":"product_cat-naujienos","7":"product_cat-zaislai","8":"product_tag-konges-slojd","9":"product_tag-lipdukai","10":"product_tag-lipduku-knyga","11":"product_tag-zaidimas","12":"","14":"first","15":"instock","16":"taxable","17":"shipping-taxable","18":"purchasable","19":"product-type-simple"},"_links":{"self":[{"href":"https:\/\/secihouse.lt\/index.php\/wp-json\/wp\/v2\/product\/8281","targetHints":{"allow":["GET"]}}],"collection":[{"href":"https:\/\/secihouse.lt\/index.php\/wp-json\/wp\/v2\/product"}],"about":[{"href":"https:\/\/secihouse.lt\/index.php\/wp-json\/wp\/v2\/types\/product"}],"wp:featuredmedia":[{"embeddable":true,"href":"https:\/\/secihouse.lt\/index.php\/wp-json\/wp\/v2\/media\/8317"}],"wp:attachment":[{"href":"https:\/\/secihouse.lt\/index.php\/wp-json\/wp\/v2\/media?parent=8281"}],"wp:term":[{"taxonomy":"product_brand","embeddable":true,"href":"https:\/\/secihouse.lt\/index.php\/wp-json\/wp\/v2\/product_brand?post=8281"},{"taxonomy":"product_cat","embeddable":true,"href":"https:\/\/secihouse.lt\/index.php\/wp-json\/wp\/v2\/product_cat?post=8281"},{"taxonomy":"product_tag","embeddable":true,"href":"https:\/\/secihouse.lt\/index.php\/wp-json\/wp\/v2\/product_tag?post=8281"}],"curies":[{"name":"wp","href":"https:\/\/api.w.org\/{rel}","templated":true}]}}