{"id":8272,"date":"2024-06-27T18:56:32","date_gmt":"2024-06-27T16:56:32","guid":{"rendered":"https:\/\/secihouse.lt\/?post_type=product&#038;p=8272"},"modified":"2025-07-04T11:03:08","modified_gmt":"2025-07-04T09:03:08","slug":"konges-slojd-nesiojamas-vandens-sautuvas-lemon","status":"publish","type":"product","link":"https:\/\/secihouse.lt\/index.php\/product\/konges-slojd-nesiojamas-vandens-sautuvas-lemon\/","title":{"rendered":"Konges Slojd ne\u0161iojamas vandens \u0161autuvas &#8211; Lemon"},"content":{"rendered":"<p>\u017daislinis \u0161autuvas vandens purslams<\/p>\n<p>Lengva naudoti: pripildykite bak\u0105 \u0161varaus vandens, pastumkite siurblio ranken\u0117l\u0119 \u012f priek\u012f ir patraukite atgal, kad prad\u0117tum\u0117te ta\u0161kytis<\/p>\n<p>&nbsp;<\/p>\n<p><strong>Rekomenduojamas am\u017eius:<\/strong> 3 metai +<\/p>\n","protected":false},"excerpt":{"rendered":"<p>\u017daislinis \u0161autuvas vandens purslams Lengva naudoti: pripildykite bak\u0105 \u0161varaus vandens, pastumkite siurblio ranken\u0117l\u0119 \u012f priek\u012f ir patraukite atgal, kad prad\u0117tum\u0117te ta\u0161kytis &nbsp; Rekomenduojamas am\u017eius: 3 metai +<\/p>\n","protected":false},"featured_media":8315,"template":"","meta":[],"product_brand":[],"product_cat":[63,186],"product_tag":[236,195,679,196],"class_list":{"0":"post-8272","1":"product","2":"type-product","3":"status-publish","4":"has-post-thumbnail","6":"product_cat-laikas-maudynems","7":"product_cat-naujienos","8":"product_tag-konges-slojd","9":"product_tag-maudynes","10":"product_tag-vandens-sautuvas","11":"product_tag-vandens-zaislai","12":"","14":"first","15":"instock","16":"taxable","17":"shipping-taxable","18":"purchasable","19":"product-type-simple"},"_links":{"self":[{"href":"https:\/\/secihouse.lt\/index.php\/wp-json\/wp\/v2\/product\/8272","targetHints":{"allow":["GET"]}}],"collection":[{"href":"https:\/\/secihouse.lt\/index.php\/wp-json\/wp\/v2\/product"}],"about":[{"href":"https:\/\/secihouse.lt\/index.php\/wp-json\/wp\/v2\/types\/product"}],"wp:featuredmedia":[{"embeddable":true,"href":"https:\/\/secihouse.lt\/index.php\/wp-json\/wp\/v2\/media\/8315"}],"wp:attachment":[{"href":"https:\/\/secihouse.lt\/index.php\/wp-json\/wp\/v2\/media?parent=8272"}],"wp:term":[{"taxonomy":"product_brand","embeddable":true,"href":"https:\/\/secihouse.lt\/index.php\/wp-json\/wp\/v2\/product_brand?post=8272"},{"taxonomy":"product_cat","embeddable":true,"href":"https:\/\/secihouse.lt\/index.php\/wp-json\/wp\/v2\/product_cat?post=8272"},{"taxonomy":"product_tag","embeddable":true,"href":"https:\/\/secihouse.lt\/index.php\/wp-json\/wp\/v2\/product_tag?post=8272"}],"curies":[{"name":"wp","href":"https:\/\/api.w.org\/{rel}","templated":true}]}}