{"id":8256,"date":"2024-06-27T20:23:15","date_gmt":"2024-06-27T18:23:15","guid":{"rendered":"https:\/\/secihouse.lt\/?post_type=product&#038;p=8256"},"modified":"2026-02-15T20:28:34","modified_gmt":"2026-02-15T18:28:34","slug":"konges-slojd-maudymosi-liemene-fruity","status":"publish","type":"product","link":"https:\/\/secihouse.lt\/index.php\/product\/konges-slojd-maudymosi-liemene-fruity\/","title":{"rendered":"Konges Slojd maudymosi liemen\u0117 &#8211; Fruity"},"content":{"rendered":"<p>Pl\u016bduriuojanti liemen\u0117 yra puikus plaukimo aksesuaras, kai j\u016bs\u0173 ma\u017eyliai tik pradeda pliu\u0161kenti. Tai padidina nat\u016bral\u0173 pl\u016bdrum\u0105 ir padeda jiems patogiai jaustis vandenyje mokantis plaukti savaranki\u0161kai. Pl\u016bduriuojan\u010dios liemen\u0117s yra su vidin\u0117mis putplas\u010dio lazdel\u0117mis, kurias galima reguliuoti pagal vaiko \u012fg\u016bd\u017eius ir poreikius. Pl\u016bdines lazdas galima nesunkiai nuimti po vien\u0105, kai vaikas lavina savo plaukimo \u012fg\u016bd\u017eius.<\/p>\n<p>Visada i\u0161imkite lazdas poromis, prad\u0117dami nuo 1 ir 1, tada 2 ir 2 ir taip toliau, kol j\u016bs\u0173 vaikas visi\u0161kai prisitaikys plaukti pats. Kai vaikas yra saugus ir patogus vandenyje, pl\u016bdrumo lazdeles galima nuimti visas kartu.<\/p>\n<p><strong>Sud\u0117tis:<\/strong> 80 % neopreno ir 20 % poliesterio<\/p>\n<p>&nbsp;<\/p>\n","protected":false},"excerpt":{"rendered":"<p>Pl\u016bduriuojanti liemen\u0117 yra puikus plaukimo aksesuaras, kai j\u016bs\u0173 ma\u017eyliai tik pradeda pliu\u0161kenti. Tai padidina nat\u016bral\u0173 pl\u016bdrum\u0105 ir padeda jiems patogiai jaustis vandenyje mokantis plaukti savaranki\u0161kai. Pl\u016bduriuojan\u010dios liemen\u0117s yra su vidin\u0117mis putplas\u010dio lazdel\u0117mis, kurias galima reguliuoti pagal vaiko \u012fg\u016bd\u017eius ir poreikius. Pl\u016bdines lazdas galima nesunkiai nuimti po vien\u0105, kai vaikas lavina savo plaukimo \u012fg\u016bd\u017eius. Visada i\u0161imkite [&hellip;]<\/p>\n","protected":false},"featured_media":8368,"template":"","meta":[],"product_brand":[],"product_cat":[63,186],"product_tag":[236,355,347,44],"class_list":{"0":"post-8256","1":"product","2":"type-product","3":"status-publish","4":"has-post-thumbnail","6":"product_cat-laikas-maudynems","7":"product_cat-naujienos","8":"product_tag-konges-slojd","9":"product_tag-laikas-maudynems","10":"product_tag-liemene","11":"product_tag-maudynems","12":"","14":"first","15":"instock","16":"taxable","17":"shipping-taxable","18":"purchasable","19":"product-type-variable"},"_links":{"self":[{"href":"https:\/\/secihouse.lt\/index.php\/wp-json\/wp\/v2\/product\/8256","targetHints":{"allow":["GET"]}}],"collection":[{"href":"https:\/\/secihouse.lt\/index.php\/wp-json\/wp\/v2\/product"}],"about":[{"href":"https:\/\/secihouse.lt\/index.php\/wp-json\/wp\/v2\/types\/product"}],"wp:featuredmedia":[{"embeddable":true,"href":"https:\/\/secihouse.lt\/index.php\/wp-json\/wp\/v2\/media\/8368"}],"wp:attachment":[{"href":"https:\/\/secihouse.lt\/index.php\/wp-json\/wp\/v2\/media?parent=8256"}],"wp:term":[{"taxonomy":"product_brand","embeddable":true,"href":"https:\/\/secihouse.lt\/index.php\/wp-json\/wp\/v2\/product_brand?post=8256"},{"taxonomy":"product_cat","embeddable":true,"href":"https:\/\/secihouse.lt\/index.php\/wp-json\/wp\/v2\/product_cat?post=8256"},{"taxonomy":"product_tag","embeddable":true,"href":"https:\/\/secihouse.lt\/index.php\/wp-json\/wp\/v2\/product_tag?post=8256"}],"curies":[{"name":"wp","href":"https:\/\/api.w.org\/{rel}","templated":true}]}}