{"id":8254,"date":"2024-06-27T20:17:46","date_gmt":"2024-06-27T18:17:46","guid":{"rendered":"https:\/\/secihouse.lt\/?post_type=product&#038;p=8254"},"modified":"2026-02-17T17:02:33","modified_gmt":"2026-02-17T15:02:33","slug":"konges-slojd-kepure-nuo-saules-tiger-2","status":"publish","type":"product","link":"https:\/\/secihouse.lt\/index.php\/product\/konges-slojd-kepure-nuo-saules-tiger-2\/","title":{"rendered":"Konges Slojd kepur\u0117 nuo saul\u0117s &#8211; Tiger"},"content":{"rendered":"<p>Kepur\u0117 nuo saul\u0117s su papildomu audiniu nugaroje, kad ma\u017ei kakliukai b\u016bt\u0173 apsaugoti nuo saul\u0117s.<\/p>\n<p>UPF 50<\/p>\n<p><strong>Sud\u0117tis:<\/strong> 80% perdirbto poliesterio ir 20% elastano<\/p>\n<p>&nbsp;<\/p>\n","protected":false},"excerpt":{"rendered":"<p>Kepur\u0117 nuo saul\u0117s su papildomu audiniu nugaroje, kad ma\u017ei kakliukai b\u016bt\u0173 apsaugoti nuo saul\u0117s. UPF 50 Sud\u0117tis: 80% perdirbto poliesterio ir 20% elastano &nbsp;<\/p>\n","protected":false},"featured_media":8365,"template":"","meta":[],"product_brand":[],"product_cat":[772,67,186],"product_tag":[448,675,236,674],"class_list":{"0":"post-8254","1":"product","2":"type-product","3":"status-publish","4":"has-post-thumbnail","6":"product_cat-apranga","7":"product_cat-apranga-aksesuarai","8":"product_cat-naujienos","9":"product_tag-kepure","10":"product_tag-kepure-nuo-saules","11":"product_tag-konges-slojd","12":"product_tag-konges-slojd-kepure","13":"","15":"first","16":"instock","17":"taxable","18":"shipping-taxable","19":"purchasable","20":"product-type-variable"},"_links":{"self":[{"href":"https:\/\/secihouse.lt\/index.php\/wp-json\/wp\/v2\/product\/8254","targetHints":{"allow":["GET"]}}],"collection":[{"href":"https:\/\/secihouse.lt\/index.php\/wp-json\/wp\/v2\/product"}],"about":[{"href":"https:\/\/secihouse.lt\/index.php\/wp-json\/wp\/v2\/types\/product"}],"wp:featuredmedia":[{"embeddable":true,"href":"https:\/\/secihouse.lt\/index.php\/wp-json\/wp\/v2\/media\/8365"}],"wp:attachment":[{"href":"https:\/\/secihouse.lt\/index.php\/wp-json\/wp\/v2\/media?parent=8254"}],"wp:term":[{"taxonomy":"product_brand","embeddable":true,"href":"https:\/\/secihouse.lt\/index.php\/wp-json\/wp\/v2\/product_brand?post=8254"},{"taxonomy":"product_cat","embeddable":true,"href":"https:\/\/secihouse.lt\/index.php\/wp-json\/wp\/v2\/product_cat?post=8254"},{"taxonomy":"product_tag","embeddable":true,"href":"https:\/\/secihouse.lt\/index.php\/wp-json\/wp\/v2\/product_tag?post=8254"}],"curies":[{"name":"wp","href":"https:\/\/api.w.org\/{rel}","templated":true}]}}