{"id":8250,"date":"2024-06-27T20:10:04","date_gmt":"2024-06-27T18:10:04","guid":{"rendered":"https:\/\/secihouse.lt\/?post_type=product&#038;p=8250"},"modified":"2026-02-17T17:02:33","modified_gmt":"2026-02-17T15:02:33","slug":"konges-slojd-maudymosi-kostiumelis-tiger","status":"publish","type":"product","link":"https:\/\/secihouse.lt\/index.php\/product\/konges-slojd-maudymosi-kostiumelis-tiger\/","title":{"rendered":"Konges Slojd  maudymosi kostium\u0117lis &#8211; Tiger"},"content":{"rendered":"<p>Apsauginis nuo saul\u0117s maudymosi kostium\u0117lis ilgomis rankov\u0117mis.<\/p>\n<p>&nbsp;<\/p>\n<p><strong>Sud\u0117tis:<\/strong> 80 % perdirbto poliesterio ir 20 % elastano UPF 50 \u0160is gaminys yra OEKO-TEX STANDARD\u00ae 100<\/p>\n","protected":false},"excerpt":{"rendered":"<p>Apsauginis nuo saul\u0117s maudymosi kostium\u0117lis ilgomis rankov\u0117mis. &nbsp; Sud\u0117tis: 80 % perdirbto poliesterio ir 20 % elastano UPF 50 \u0160is gaminys yra OEKO-TEX STANDARD\u00ae 100<\/p>\n","protected":false},"featured_media":8357,"template":"","meta":[],"product_brand":[],"product_cat":[772,67,63,186],"product_tag":[236,355,678,44],"class_list":{"0":"post-8250","1":"product","2":"type-product","3":"status-publish","4":"has-post-thumbnail","6":"product_cat-apranga","7":"product_cat-apranga-aksesuarai","8":"product_cat-laikas-maudynems","9":"product_cat-naujienos","10":"product_tag-konges-slojd","11":"product_tag-laikas-maudynems","12":"product_tag-maudymosi-kostiumas","13":"product_tag-maudynems","14":"","16":"first","17":"instock","18":"taxable","19":"shipping-taxable","20":"purchasable","21":"product-type-variable"},"_links":{"self":[{"href":"https:\/\/secihouse.lt\/index.php\/wp-json\/wp\/v2\/product\/8250","targetHints":{"allow":["GET"]}}],"collection":[{"href":"https:\/\/secihouse.lt\/index.php\/wp-json\/wp\/v2\/product"}],"about":[{"href":"https:\/\/secihouse.lt\/index.php\/wp-json\/wp\/v2\/types\/product"}],"wp:featuredmedia":[{"embeddable":true,"href":"https:\/\/secihouse.lt\/index.php\/wp-json\/wp\/v2\/media\/8357"}],"wp:attachment":[{"href":"https:\/\/secihouse.lt\/index.php\/wp-json\/wp\/v2\/media?parent=8250"}],"wp:term":[{"taxonomy":"product_brand","embeddable":true,"href":"https:\/\/secihouse.lt\/index.php\/wp-json\/wp\/v2\/product_brand?post=8250"},{"taxonomy":"product_cat","embeddable":true,"href":"https:\/\/secihouse.lt\/index.php\/wp-json\/wp\/v2\/product_cat?post=8250"},{"taxonomy":"product_tag","embeddable":true,"href":"https:\/\/secihouse.lt\/index.php\/wp-json\/wp\/v2\/product_tag?post=8250"}],"curies":[{"name":"wp","href":"https:\/\/api.w.org\/{rel}","templated":true}]}}