{"id":8241,"date":"2024-06-27T20:14:40","date_gmt":"2024-06-27T18:14:40","guid":{"rendered":"https:\/\/secihouse.lt\/?post_type=product&#038;p=8241"},"modified":"2026-02-15T20:31:11","modified_gmt":"2026-02-15T18:31:11","slug":"konges-slojd-maudymosi-sortai-tiger","status":"publish","type":"product","link":"https:\/\/secihouse.lt\/index.php\/product\/konges-slojd-maudymosi-sortai-tiger\/","title":{"rendered":"Konges Slojd maudymosi \u0161ortai &#8211; Tiger"},"content":{"rendered":"<p>Maudymosi \u0161ortai su stilingu ra\u0161tu tigr\u0173.<\/p>\n<p>&nbsp;<\/p>\n<p><strong>Sud\u0117tis:<\/strong> 100% nailono<\/p>\n","protected":false},"excerpt":{"rendered":"<p>Maudymosi \u0161ortai su stilingu ra\u0161tu tigr\u0173. &nbsp; Sud\u0117tis: 100% nailono<\/p>\n","protected":false},"featured_media":8361,"template":"","meta":[],"product_brand":[],"product_cat":[63,186],"product_tag":[244,236,676,195,677],"class_list":{"0":"post-8241","1":"product","2":"type-product","3":"status-publish","4":"has-post-thumbnail","6":"product_cat-laikas-maudynems","7":"product_cat-naujienos","8":"product_tag-apranga","9":"product_tag-konges-slojd","10":"product_tag-maudymosi-sortai","11":"product_tag-maudynes","12":"product_tag-sortai","13":"","15":"first","16":"instock","17":"taxable","18":"shipping-taxable","19":"purchasable","20":"product-type-variable"},"_links":{"self":[{"href":"https:\/\/secihouse.lt\/index.php\/wp-json\/wp\/v2\/product\/8241","targetHints":{"allow":["GET"]}}],"collection":[{"href":"https:\/\/secihouse.lt\/index.php\/wp-json\/wp\/v2\/product"}],"about":[{"href":"https:\/\/secihouse.lt\/index.php\/wp-json\/wp\/v2\/types\/product"}],"wp:featuredmedia":[{"embeddable":true,"href":"https:\/\/secihouse.lt\/index.php\/wp-json\/wp\/v2\/media\/8361"}],"wp:attachment":[{"href":"https:\/\/secihouse.lt\/index.php\/wp-json\/wp\/v2\/media?parent=8241"}],"wp:term":[{"taxonomy":"product_brand","embeddable":true,"href":"https:\/\/secihouse.lt\/index.php\/wp-json\/wp\/v2\/product_brand?post=8241"},{"taxonomy":"product_cat","embeddable":true,"href":"https:\/\/secihouse.lt\/index.php\/wp-json\/wp\/v2\/product_cat?post=8241"},{"taxonomy":"product_tag","embeddable":true,"href":"https:\/\/secihouse.lt\/index.php\/wp-json\/wp\/v2\/product_tag?post=8241"}],"curies":[{"name":"wp","href":"https:\/\/api.w.org\/{rel}","templated":true}]}}