{"id":8231,"date":"2024-06-27T19:55:49","date_gmt":"2024-06-27T17:55:49","guid":{"rendered":"https:\/\/secihouse.lt\/?post_type=product&#038;p=8231"},"modified":"2026-02-15T21:17:52","modified_gmt":"2026-02-15T19:17:52","slug":"konges-slojd-palaidine-teddy-bear","status":"publish","type":"product","link":"https:\/\/secihouse.lt\/index.php\/product\/konges-slojd-palaidine-teddy-bear\/","title":{"rendered":"Konges Slojd palaidin\u0117 &#8211; Teddy bear"},"content":{"rendered":"<p>Mink\u0161tos tekst\u016bros lino mi\u0161inio mar\u0161kin\u0117liai. Klasikinio dizaino su trumpomis rankov\u0117mis.<\/p>\n<p>&nbsp;<\/p>\n<p><b>Sud\u0117tis: <\/b>70 % organin\u0117s medviln\u0117s ir 30 % lino \u0160iame gaminyje yra 70 % OCS sertifikuotos medviln\u0117s, sertifikuotos CU1094701<\/p>\n","protected":false},"excerpt":{"rendered":"<p>Mink\u0161tos tekst\u016bros lino mi\u0161inio mar\u0161kin\u0117liai. Klasikinio dizaino su trumpomis rankov\u0117mis. &nbsp; Sud\u0117tis: 70 % organin\u0117s medviln\u0117s ir 30 % lino \u0160iame gaminyje yra 70 % OCS sertifikuotos medviln\u0117s, sertifikuotos CU1094701<\/p>\n","protected":false},"featured_media":8348,"template":"","meta":[],"product_brand":[],"product_cat":[772,67,186],"product_tag":[244,236,469,294],"class_list":{"0":"post-8231","1":"product","2":"type-product","3":"status-publish","4":"has-post-thumbnail","6":"product_cat-apranga","7":"product_cat-apranga-aksesuarai","8":"product_cat-naujienos","9":"product_tag-apranga","10":"product_tag-konges-slojd","11":"product_tag-konges-slojd-apranga","12":"product_tag-palaidine","13":"","15":"first","16":"instock","17":"taxable","18":"shipping-taxable","19":"purchasable","20":"product-type-variable"},"_links":{"self":[{"href":"https:\/\/secihouse.lt\/index.php\/wp-json\/wp\/v2\/product\/8231","targetHints":{"allow":["GET"]}}],"collection":[{"href":"https:\/\/secihouse.lt\/index.php\/wp-json\/wp\/v2\/product"}],"about":[{"href":"https:\/\/secihouse.lt\/index.php\/wp-json\/wp\/v2\/types\/product"}],"wp:featuredmedia":[{"embeddable":true,"href":"https:\/\/secihouse.lt\/index.php\/wp-json\/wp\/v2\/media\/8348"}],"wp:attachment":[{"href":"https:\/\/secihouse.lt\/index.php\/wp-json\/wp\/v2\/media?parent=8231"}],"wp:term":[{"taxonomy":"product_brand","embeddable":true,"href":"https:\/\/secihouse.lt\/index.php\/wp-json\/wp\/v2\/product_brand?post=8231"},{"taxonomy":"product_cat","embeddable":true,"href":"https:\/\/secihouse.lt\/index.php\/wp-json\/wp\/v2\/product_cat?post=8231"},{"taxonomy":"product_tag","embeddable":true,"href":"https:\/\/secihouse.lt\/index.php\/wp-json\/wp\/v2\/product_tag?post=8231"}],"curies":[{"name":"wp","href":"https:\/\/api.w.org\/{rel}","templated":true}]}}