{"id":8222,"date":"2024-06-27T19:52:04","date_gmt":"2024-06-27T17:52:04","guid":{"rendered":"https:\/\/secihouse.lt\/?post_type=product&#038;p=8222"},"modified":"2026-02-18T21:01:03","modified_gmt":"2026-02-18T19:01:03","slug":"konges-slojd-megzti-marskineliai","status":"publish","type":"product","link":"https:\/\/secihouse.lt\/index.php\/product\/konges-slojd-megzti-marskineliai\/","title":{"rendered":"Konges Slojd megzti mar\u0161kin\u0117liai"},"content":{"rendered":"<p>Polo stiliaus palaidin\u0117 su subtiliu skylu\u010di\u0173 mezgimo ra\u0161tu ir klasikine apykakle.<\/p>\n<p>&nbsp;<\/p>\n<p><strong>Sud\u0117tis:<\/strong> 100% organin\u0117s medviln\u0117s<\/p>\n<p>GOTS, ekologi\u0161kas, sertifikuotas CU1094701<\/p>\n","protected":false},"excerpt":{"rendered":"<p>Polo stiliaus palaidin\u0117 su subtiliu skylu\u010di\u0173 mezgimo ra\u0161tu ir klasikine apykakle. &nbsp; Sud\u0117tis: 100% organin\u0117s medviln\u0117s GOTS, ekologi\u0161kas, sertifikuotas CU1094701<\/p>\n","protected":false},"featured_media":8342,"template":"","meta":[],"product_brand":[],"product_cat":[772,67,186],"product_tag":[244,236,673,672],"class_list":{"0":"post-8222","1":"product","2":"type-product","3":"status-publish","4":"has-post-thumbnail","6":"product_cat-apranga","7":"product_cat-apranga-aksesuarai","8":"product_cat-naujienos","9":"product_tag-apranga","10":"product_tag-konges-slojd","11":"product_tag-megzti-marskiniai","12":"product_tag-polo-palaidine","13":"","15":"first","16":"instock","17":"taxable","18":"shipping-taxable","19":"purchasable","20":"product-type-variable"},"_links":{"self":[{"href":"https:\/\/secihouse.lt\/index.php\/wp-json\/wp\/v2\/product\/8222","targetHints":{"allow":["GET"]}}],"collection":[{"href":"https:\/\/secihouse.lt\/index.php\/wp-json\/wp\/v2\/product"}],"about":[{"href":"https:\/\/secihouse.lt\/index.php\/wp-json\/wp\/v2\/types\/product"}],"wp:featuredmedia":[{"embeddable":true,"href":"https:\/\/secihouse.lt\/index.php\/wp-json\/wp\/v2\/media\/8342"}],"wp:attachment":[{"href":"https:\/\/secihouse.lt\/index.php\/wp-json\/wp\/v2\/media?parent=8222"}],"wp:term":[{"taxonomy":"product_brand","embeddable":true,"href":"https:\/\/secihouse.lt\/index.php\/wp-json\/wp\/v2\/product_brand?post=8222"},{"taxonomy":"product_cat","embeddable":true,"href":"https:\/\/secihouse.lt\/index.php\/wp-json\/wp\/v2\/product_cat?post=8222"},{"taxonomy":"product_tag","embeddable":true,"href":"https:\/\/secihouse.lt\/index.php\/wp-json\/wp\/v2\/product_tag?post=8222"}],"curies":[{"name":"wp","href":"https:\/\/api.w.org\/{rel}","templated":true}]}}