{"id":8214,"date":"2024-06-27T19:48:57","date_gmt":"2024-06-27T17:48:57","guid":{"rendered":"https:\/\/secihouse.lt\/?post_type=product&#038;p=8214"},"modified":"2026-02-15T20:34:19","modified_gmt":"2026-02-15T18:34:19","slug":"konges-slojd-komplektukas-ramuneles","status":"publish","type":"product","link":"https:\/\/secihouse.lt\/index.php\/product\/konges-slojd-komplektukas-ramuneles\/","title":{"rendered":"Konges Slojd komplektukas &#8211; Ramun\u0117l\u0117s"},"content":{"rendered":"<p>Dviej\u0173 dali\u0173 rinkinys su dekoratyvin\u0117mis ramun\u0117li\u0173 detal\u0117mis.<\/p>\n<p>&nbsp;<\/p>\n<p><strong>Sud\u0117tis:<\/strong> 100% organin\u0117s medviln\u0117s GOTS, ekologi\u0161ka, sertifikuota CU1094701<\/p>\n","protected":false},"excerpt":{"rendered":"<p>Dviej\u0173 dali\u0173 rinkinys su dekoratyvin\u0117mis ramun\u0117li\u0173 detal\u0117mis. &nbsp; Sud\u0117tis: 100% organin\u0117s medviln\u0117s GOTS, ekologi\u0161ka, sertifikuota CU1094701<\/p>\n","protected":false},"featured_media":8336,"template":"","meta":[],"product_brand":[],"product_cat":[772,67,186],"product_tag":[244,268,469,671],"class_list":{"0":"post-8214","1":"product","2":"type-product","3":"status-publish","4":"has-post-thumbnail","6":"product_cat-apranga","7":"product_cat-apranga-aksesuarai","8":"product_cat-naujienos","9":"product_tag-apranga","10":"product_tag-komplektas","11":"product_tag-konges-slojd-apranga","12":"product_tag-konges-slojd-komplektas","13":"","15":"first","16":"instock","17":"taxable","18":"shipping-taxable","19":"purchasable","20":"product-type-variable"},"_links":{"self":[{"href":"https:\/\/secihouse.lt\/index.php\/wp-json\/wp\/v2\/product\/8214","targetHints":{"allow":["GET"]}}],"collection":[{"href":"https:\/\/secihouse.lt\/index.php\/wp-json\/wp\/v2\/product"}],"about":[{"href":"https:\/\/secihouse.lt\/index.php\/wp-json\/wp\/v2\/types\/product"}],"wp:featuredmedia":[{"embeddable":true,"href":"https:\/\/secihouse.lt\/index.php\/wp-json\/wp\/v2\/media\/8336"}],"wp:attachment":[{"href":"https:\/\/secihouse.lt\/index.php\/wp-json\/wp\/v2\/media?parent=8214"}],"wp:term":[{"taxonomy":"product_brand","embeddable":true,"href":"https:\/\/secihouse.lt\/index.php\/wp-json\/wp\/v2\/product_brand?post=8214"},{"taxonomy":"product_cat","embeddable":true,"href":"https:\/\/secihouse.lt\/index.php\/wp-json\/wp\/v2\/product_cat?post=8214"},{"taxonomy":"product_tag","embeddable":true,"href":"https:\/\/secihouse.lt\/index.php\/wp-json\/wp\/v2\/product_tag?post=8214"}],"curies":[{"name":"wp","href":"https:\/\/api.w.org\/{rel}","templated":true}]}}