{"id":8205,"date":"2024-06-27T19:41:10","date_gmt":"2024-06-27T17:41:10","guid":{"rendered":"https:\/\/secihouse.lt\/?post_type=product&#038;p=8205"},"modified":"2026-02-15T20:36:13","modified_gmt":"2026-02-15T18:36:13","slug":"konges-slojd-apranga-fruity","status":"publish","type":"product","link":"https:\/\/secihouse.lt\/index.php\/product\/konges-slojd-apranga-fruity\/","title":{"rendered":"Konges Slojd apranga &#8211; Fruity"},"content":{"rendered":"<p>Komplektukas su deran\u010diais mar\u0161kin\u0117liais ir \u0161ortais i\u0161 mink\u0161tos, lengvos med\u017eiagos.<\/p>\n<p>&nbsp;<\/p>\n<p><strong>Sud\u0117tis:<\/strong> \u00a095% organin\u0117s medviln\u0117s ir 5% elastano GOTS, ekologi\u0161ka, sertifikuota CU1094701<\/p>\n","protected":false},"excerpt":{"rendered":"<p>Komplektukas su deran\u010diais mar\u0161kin\u0117liais ir \u0161ortais i\u0161 mink\u0161tos, lengvos med\u017eiagos. &nbsp; Sud\u0117tis: \u00a095% organin\u0117s medviln\u0117s ir 5% elastano GOTS, ekologi\u0161ka, sertifikuota CU1094701<\/p>\n","protected":false},"featured_media":8324,"template":"","meta":[],"product_brand":[],"product_cat":[772,67,186],"product_tag":[236,469],"class_list":{"0":"post-8205","1":"product","2":"type-product","3":"status-publish","4":"has-post-thumbnail","6":"product_cat-apranga","7":"product_cat-apranga-aksesuarai","8":"product_cat-naujienos","9":"product_tag-konges-slojd","10":"product_tag-konges-slojd-apranga","11":"","13":"first","14":"instock","15":"taxable","16":"shipping-taxable","17":"purchasable","18":"product-type-variable"},"_links":{"self":[{"href":"https:\/\/secihouse.lt\/index.php\/wp-json\/wp\/v2\/product\/8205","targetHints":{"allow":["GET"]}}],"collection":[{"href":"https:\/\/secihouse.lt\/index.php\/wp-json\/wp\/v2\/product"}],"about":[{"href":"https:\/\/secihouse.lt\/index.php\/wp-json\/wp\/v2\/types\/product"}],"wp:featuredmedia":[{"embeddable":true,"href":"https:\/\/secihouse.lt\/index.php\/wp-json\/wp\/v2\/media\/8324"}],"wp:attachment":[{"href":"https:\/\/secihouse.lt\/index.php\/wp-json\/wp\/v2\/media?parent=8205"}],"wp:term":[{"taxonomy":"product_brand","embeddable":true,"href":"https:\/\/secihouse.lt\/index.php\/wp-json\/wp\/v2\/product_brand?post=8205"},{"taxonomy":"product_cat","embeddable":true,"href":"https:\/\/secihouse.lt\/index.php\/wp-json\/wp\/v2\/product_cat?post=8205"},{"taxonomy":"product_tag","embeddable":true,"href":"https:\/\/secihouse.lt\/index.php\/wp-json\/wp\/v2\/product_tag?post=8205"}],"curies":[{"name":"wp","href":"https:\/\/api.w.org\/{rel}","templated":true}]}}