{"id":8185,"date":"2024-06-27T20:38:59","date_gmt":"2024-06-27T18:38:59","guid":{"rendered":"https:\/\/secihouse.lt\/?post_type=product&#038;p=8185"},"modified":"2026-02-15T21:40:55","modified_gmt":"2026-02-15T19:40:55","slug":"konges-slojd-kojines-su-kaspineliais","status":"publish","type":"product","link":"https:\/\/secihouse.lt\/index.php\/product\/konges-slojd-kojines-su-kaspineliais\/","title":{"rendered":"Konges Slojd kojin\u0117s su kaspin\u0117liais"},"content":{"rendered":"<p>Mink\u0161tos kojin\u0117s su mielais kaspin\u0117liais .<\/p>\n<p>&nbsp;<\/p>\n<p><strong>Sud\u0117tis:<\/strong> \u00a075% organin\u0117s medviln\u0117s, 23% poliamido ir 2% elastano<\/p>\n","protected":false},"excerpt":{"rendered":"<p>Mink\u0161tos kojin\u0117s su mielais kaspin\u0117liais . &nbsp; Sud\u0117tis: \u00a075% organin\u0117s medviln\u0117s, 23% poliamido ir 2% elastano<\/p>\n","protected":false},"featured_media":8323,"template":"","meta":[],"product_brand":[],"product_cat":[67,186],"product_tag":[468,236,467,248],"class_list":{"0":"post-8185","1":"product","2":"type-product","3":"status-publish","4":"has-post-thumbnail","6":"product_cat-apranga-aksesuarai","7":"product_cat-naujienos","8":"product_tag-kojines","9":"product_tag-konges-slojd","10":"product_tag-konges-slojd-kojines","11":"product_tag-stilius","12":"","14":"first","15":"instock","16":"taxable","17":"shipping-taxable","18":"purchasable","19":"product-type-variable"},"_links":{"self":[{"href":"https:\/\/secihouse.lt\/index.php\/wp-json\/wp\/v2\/product\/8185","targetHints":{"allow":["GET"]}}],"collection":[{"href":"https:\/\/secihouse.lt\/index.php\/wp-json\/wp\/v2\/product"}],"about":[{"href":"https:\/\/secihouse.lt\/index.php\/wp-json\/wp\/v2\/types\/product"}],"wp:featuredmedia":[{"embeddable":true,"href":"https:\/\/secihouse.lt\/index.php\/wp-json\/wp\/v2\/media\/8323"}],"wp:attachment":[{"href":"https:\/\/secihouse.lt\/index.php\/wp-json\/wp\/v2\/media?parent=8185"}],"wp:term":[{"taxonomy":"product_brand","embeddable":true,"href":"https:\/\/secihouse.lt\/index.php\/wp-json\/wp\/v2\/product_brand?post=8185"},{"taxonomy":"product_cat","embeddable":true,"href":"https:\/\/secihouse.lt\/index.php\/wp-json\/wp\/v2\/product_cat?post=8185"},{"taxonomy":"product_tag","embeddable":true,"href":"https:\/\/secihouse.lt\/index.php\/wp-json\/wp\/v2\/product_tag?post=8185"}],"curies":[{"name":"wp","href":"https:\/\/api.w.org\/{rel}","templated":true}]}}