{"id":8092,"date":"2024-05-02T14:25:37","date_gmt":"2024-05-02T12:25:37","guid":{"rendered":"https:\/\/secihouse.lt\/?post_type=product&#038;p=8092"},"modified":"2025-04-28T08:37:47","modified_gmt":"2025-04-28T06:37:47","slug":"gommu-vezimelis-liberty","status":"publish","type":"product","link":"https:\/\/secihouse.lt\/index.php\/product\/gommu-vezimelis-liberty\/","title":{"rendered":"Gommu ve\u017eim\u0117lis &#8211; Liberty"},"content":{"rendered":"<p>Puikus aksesuaras su kuriuo gal\u0117site ve\u017eioti savo mylim\u0105 \u017eaisliuk\u0105. Ve\u017eim\u0117lis puikiai tinkamas keliauti \u012f \u012fvairias keliones<\/p>\n<p>&nbsp;<\/p>\n<p><strong>Pagaminta:<\/strong>\u00a0100% medviln\u0117s drob\u0117s,<\/p>\n<p>Sulankstoma konstrukcija ir ve\u017eim\u0117lis turintis guminius ratukus.<\/p>\n<p><strong>I\u0161matavimai:<\/strong> 30&#215;56 cm.<\/p>\n<p>&nbsp;<\/p>\n<p>Visi GOMMU gaminiai pagaminti i\u0161 auk\u0161tos kokyb\u0117s med\u017eiag\u0173. Laikykit\u0117s toliau pateikt\u0173 prie\u017ei\u016bros nurodym\u0173, kad u\u017etikrintum\u0117te kuo ilgesn\u012f gaminio tarnavimo laik\u0105:<\/p>\n<ul>\n<li>Skalbti skalbimo ma\u0161inoje \u0161altoje temperat\u016broje<\/li>\n<li>Nebalinkite auk\u0161toje temperat\u016broje.<\/li>\n<li>Ned\u017eiovinkite d\u017eiovykl\u0117je<\/li>\n<li>Nevalyti cheminiu valymu<\/li>\n<li>Skalbkite su pana\u0161iomis spalvomis<\/li>\n<\/ul>\n<p>&nbsp;<\/p>\n","protected":false},"excerpt":{"rendered":"<p>Puikus aksesuaras su kuriuo gal\u0117site ve\u017eioti savo mylim\u0105 \u017eaisliuk\u0105. Ve\u017eim\u0117lis puikiai tinkamas keliauti \u012f \u012fvairias keliones &nbsp; Pagaminta:\u00a0100% medviln\u0117s drob\u0117s, Sulankstoma konstrukcija ir ve\u017eim\u0117lis turintis guminius ratukus. I\u0161matavimai: 30&#215;56 cm. &nbsp; Visi GOMMU gaminiai pagaminti i\u0161 auk\u0161tos kokyb\u0117s med\u017eiag\u0173. Laikykit\u0117s toliau pateikt\u0173 prie\u017ei\u016bros nurodym\u0173, kad u\u017etikrintum\u0117te kuo ilgesn\u012f gaminio tarnavimo laik\u0105: Skalbti skalbimo ma\u0161inoje \u0161altoje [&hellip;]<\/p>\n","protected":false},"featured_media":8041,"template":"","meta":[],"product_brand":[],"product_cat":[186,66],"product_tag":[403,650,463,545,464],"class_list":{"0":"post-8092","1":"product","2":"type-product","3":"status-publish","4":"has-post-thumbnail","6":"product_cat-naujienos","7":"product_cat-zaislai","8":"product_tag-gommu","9":"product_tag-gommu-vezimelis","10":"product_tag-leliu-vezimelis","11":"product_tag-vezimelis","12":"product_tag-zaislu-vezimelis","13":"","15":"first","16":"instock","17":"taxable","18":"shipping-taxable","19":"purchasable","20":"product-type-simple"},"_links":{"self":[{"href":"https:\/\/secihouse.lt\/index.php\/wp-json\/wp\/v2\/product\/8092","targetHints":{"allow":["GET"]}}],"collection":[{"href":"https:\/\/secihouse.lt\/index.php\/wp-json\/wp\/v2\/product"}],"about":[{"href":"https:\/\/secihouse.lt\/index.php\/wp-json\/wp\/v2\/types\/product"}],"wp:featuredmedia":[{"embeddable":true,"href":"https:\/\/secihouse.lt\/index.php\/wp-json\/wp\/v2\/media\/8041"}],"wp:attachment":[{"href":"https:\/\/secihouse.lt\/index.php\/wp-json\/wp\/v2\/media?parent=8092"}],"wp:term":[{"taxonomy":"product_brand","embeddable":true,"href":"https:\/\/secihouse.lt\/index.php\/wp-json\/wp\/v2\/product_brand?post=8092"},{"taxonomy":"product_cat","embeddable":true,"href":"https:\/\/secihouse.lt\/index.php\/wp-json\/wp\/v2\/product_cat?post=8092"},{"taxonomy":"product_tag","embeddable":true,"href":"https:\/\/secihouse.lt\/index.php\/wp-json\/wp\/v2\/product_tag?post=8092"}],"curies":[{"name":"wp","href":"https:\/\/api.w.org\/{rel}","templated":true}]}}