{"id":8073,"date":"2024-04-20T15:08:34","date_gmt":"2024-04-20T13:08:34","guid":{"rendered":"https:\/\/secihouse.lt\/?post_type=product&#038;p=8073"},"modified":"2026-02-15T20:41:22","modified_gmt":"2026-02-15T18:41:22","slug":"gommu-maniezas-liberty","status":"publish","type":"product","link":"https:\/\/secihouse.lt\/index.php\/product\/gommu-maniezas-liberty\/","title":{"rendered":"Gommu manie\u017eas &#8211; Liberty"},"content":{"rendered":"<p>Manie\u017eiukas u\u017emigdyti \u017eaisliuk\u0105 ar palikti saugiai \u017eaisti \ud83d\ude42<\/p>\n<p>&nbsp;<\/p>\n<p><strong>Pagaminta:<\/strong> 100% medviln\u0117s drob\u0117s<\/p>\n<p><strong>I\u0161matavimai:<\/strong> 46cmx43cmx30cm.<\/p>\n<p>&nbsp;<\/p>\n<p>Visi GOMMU gaminiai pagaminti i\u0161 auk\u0161tos kokyb\u0117s med\u017eiag\u0173. Laikykit\u0117s toliau pateikt\u0173 prie\u017ei\u016bros nurodym\u0173, kad u\u017etikrintum\u0117te kuo ilgesn\u012f gaminio tarnavimo laik\u0105:<\/p>\n<ul>\n<li>Skalbti skalbimo ma\u0161inoje \u0161altoje temperat\u016broje<\/li>\n<li>Nebalinkite auk\u0161toje temperat\u016broje.<\/li>\n<li>Ned\u017eiovinkite d\u017eiovykl\u0117je<\/li>\n<li>Nevalyti cheminiu valymu<\/li>\n<li>Skalbkite su pana\u0161iomis spalvomis<\/li>\n<\/ul>\n<p>&nbsp;<\/p>\n","protected":false},"excerpt":{"rendered":"<p>Manie\u017eiukas u\u017emigdyti \u017eaisliuk\u0105 ar palikti saugiai \u017eaisti \ud83d\ude42 &nbsp; Pagaminta: 100% medviln\u0117s drob\u0117s I\u0161matavimai: 46cmx43cmx30cm. &nbsp; Visi GOMMU gaminiai pagaminti i\u0161 auk\u0161tos kokyb\u0117s med\u017eiag\u0173. Laikykit\u0117s toliau pateikt\u0173 prie\u017ei\u016bros nurodym\u0173, kad u\u017etikrintum\u0117te kuo ilgesn\u012f gaminio tarnavimo laik\u0105: Skalbti skalbimo ma\u0161inoje \u0161altoje temperat\u016broje Nebalinkite auk\u0161toje temperat\u016broje. Ned\u017eiovinkite d\u017eiovykl\u0117je Nevalyti cheminiu valymu Skalbkite su pana\u0161iomis spalvomis &nbsp;<\/p>\n","protected":false},"featured_media":8074,"template":"","meta":[],"product_brand":[],"product_cat":[186,66],"product_tag":[403,416,651,661,411,660,42],"class_list":{"0":"post-8073","1":"product","2":"type-product","3":"status-publish","4":"has-post-thumbnail","6":"product_cat-naujienos","7":"product_cat-zaislai","8":"product_tag-gommu","9":"product_tag-gommu-aksesuarai","10":"product_tag-gommu-baldai","11":"product_tag-gommu-baldai-zaislams","12":"product_tag-gommu-zaislai","13":"product_tag-maniezas","14":"product_tag-zaislai","15":"","17":"first","18":"instock","19":"taxable","20":"shipping-taxable","21":"purchasable","22":"product-type-simple"},"_links":{"self":[{"href":"https:\/\/secihouse.lt\/index.php\/wp-json\/wp\/v2\/product\/8073","targetHints":{"allow":["GET"]}}],"collection":[{"href":"https:\/\/secihouse.lt\/index.php\/wp-json\/wp\/v2\/product"}],"about":[{"href":"https:\/\/secihouse.lt\/index.php\/wp-json\/wp\/v2\/types\/product"}],"wp:featuredmedia":[{"embeddable":true,"href":"https:\/\/secihouse.lt\/index.php\/wp-json\/wp\/v2\/media\/8074"}],"wp:attachment":[{"href":"https:\/\/secihouse.lt\/index.php\/wp-json\/wp\/v2\/media?parent=8073"}],"wp:term":[{"taxonomy":"product_brand","embeddable":true,"href":"https:\/\/secihouse.lt\/index.php\/wp-json\/wp\/v2\/product_brand?post=8073"},{"taxonomy":"product_cat","embeddable":true,"href":"https:\/\/secihouse.lt\/index.php\/wp-json\/wp\/v2\/product_cat?post=8073"},{"taxonomy":"product_tag","embeddable":true,"href":"https:\/\/secihouse.lt\/index.php\/wp-json\/wp\/v2\/product_tag?post=8073"}],"curies":[{"name":"wp","href":"https:\/\/api.w.org\/{rel}","templated":true}]}}