{"id":8056,"date":"2024-05-02T14:22:28","date_gmt":"2024-05-02T12:22:28","guid":{"rendered":"https:\/\/secihouse.lt\/?post_type=product&#038;p=8056"},"modified":"2026-02-15T20:42:07","modified_gmt":"2026-02-15T18:42:07","slug":"gommu-vystymo-stalas-liberty","status":"publish","type":"product","link":"https:\/\/secihouse.lt\/index.php\/product\/gommu-vystymo-stalas-liberty\/","title":{"rendered":"Gommu vystymo stalas &#8211; Liberty"},"content":{"rendered":"<p>Vystymo staliukas, kad b\u016bt\u0173 lengviau vaiku\u010diui pri\u017ei\u016br\u0117ti savo mylim\u0105 \u017eaisliuk\u0105. Papras\u010diau bus aprengti, pamaitinti ir suteiks kambaryje jaukumo.<\/p>\n<p>&nbsp;<\/p>\n<p><strong>Pagaminta:<\/strong> 100% medviln\u0117s drob\u0117s<\/p>\n<p>Sulankstoma konstrukcija ir pagamintos ki\u0161en\u0117s \u0161one, kad gal\u0117t\u0173 vaikutis susid\u0117ti visus \u017eaisliuko b\u016btinus daiktus.<\/p>\n<p>I<strong>\u0161matavimai:<\/strong> 50x40x30 cm.<\/p>\n<p>&nbsp;<\/p>\n<p>Visi GOMMU gaminiai pagaminti i\u0161 auk\u0161tos kokyb\u0117s med\u017eiag\u0173. Laikykit\u0117s toliau pateikt\u0173 prie\u017ei\u016bros nurodym\u0173, kad u\u017etikrintum\u0117te kuo ilgesn\u012f gaminio tarnavimo laik\u0105:<\/p>\n<ul>\n<li>Skalbti skalbimo ma\u0161inoje \u0161altoje temperat\u016broje<\/li>\n<li>Nebalinkite auk\u0161toje temperat\u016broje.<\/li>\n<li>Ned\u017eiovinkite d\u017eiovykl\u0117je<\/li>\n<li>Nevalyti cheminiu valymu<\/li>\n<\/ul>\n<p>&nbsp;<\/p>\n","protected":false},"excerpt":{"rendered":"<p>Vystymo staliukas, kad b\u016bt\u0173 lengviau vaiku\u010diui pri\u017ei\u016br\u0117ti savo mylim\u0105 \u017eaisliuk\u0105. Papras\u010diau bus aprengti, pamaitinti ir suteiks kambaryje jaukumo. &nbsp; Pagaminta: 100% medviln\u0117s drob\u0117s Sulankstoma konstrukcija ir pagamintos ki\u0161en\u0117s \u0161one, kad gal\u0117t\u0173 vaikutis susid\u0117ti visus \u017eaisliuko b\u016btinus daiktus. I\u0161matavimai: 50x40x30 cm. &nbsp; Visi GOMMU gaminiai pagaminti i\u0161 auk\u0161tos kokyb\u0117s med\u017eiag\u0173. Laikykit\u0117s toliau pateikt\u0173 prie\u017ei\u016bros nurodym\u0173, kad [&hellip;]<\/p>\n","protected":false},"featured_media":8057,"template":"","meta":[],"product_brand":[],"product_cat":[186,66],"product_tag":[403,651,658,411,659,42],"class_list":{"0":"post-8056","1":"product","2":"type-product","3":"status-publish","4":"has-post-thumbnail","6":"product_cat-naujienos","7":"product_cat-zaislai","8":"product_tag-gommu","9":"product_tag-gommu-baldai","10":"product_tag-gommu-vystymo-staliukas","11":"product_tag-gommu-zaislai","12":"product_tag-vystymo-staliukas-lelei","13":"product_tag-zaislai","14":"","16":"first","17":"instock","18":"taxable","19":"shipping-taxable","20":"purchasable","21":"product-type-simple"},"_links":{"self":[{"href":"https:\/\/secihouse.lt\/index.php\/wp-json\/wp\/v2\/product\/8056","targetHints":{"allow":["GET"]}}],"collection":[{"href":"https:\/\/secihouse.lt\/index.php\/wp-json\/wp\/v2\/product"}],"about":[{"href":"https:\/\/secihouse.lt\/index.php\/wp-json\/wp\/v2\/types\/product"}],"wp:featuredmedia":[{"embeddable":true,"href":"https:\/\/secihouse.lt\/index.php\/wp-json\/wp\/v2\/media\/8057"}],"wp:attachment":[{"href":"https:\/\/secihouse.lt\/index.php\/wp-json\/wp\/v2\/media?parent=8056"}],"wp:term":[{"taxonomy":"product_brand","embeddable":true,"href":"https:\/\/secihouse.lt\/index.php\/wp-json\/wp\/v2\/product_brand?post=8056"},{"taxonomy":"product_cat","embeddable":true,"href":"https:\/\/secihouse.lt\/index.php\/wp-json\/wp\/v2\/product_cat?post=8056"},{"taxonomy":"product_tag","embeddable":true,"href":"https:\/\/secihouse.lt\/index.php\/wp-json\/wp\/v2\/product_tag?post=8056"}],"curies":[{"name":"wp","href":"https:\/\/api.w.org\/{rel}","templated":true}]}}