{"id":8036,"date":"2024-04-20T14:24:01","date_gmt":"2024-04-20T12:24:01","guid":{"rendered":"https:\/\/secihouse.lt\/?post_type=product&#038;p=8036"},"modified":"2026-02-15T20:40:24","modified_gmt":"2026-02-15T18:40:24","slug":"gommu-maiselis-liberty","status":"publish","type":"product","link":"https:\/\/secihouse.lt\/index.php\/product\/gommu-maiselis-liberty\/","title":{"rendered":"Gommu mai\u0161elis &#8211; Liberty"},"content":{"rendered":"<p>Puikus ma\u017eas mai\u0161elis &#8211; krep\u0161ys, kuriame galite laikyti ma\u017eus \u017eaislus ir aksesuarus, kad ir kur eitum\u0117te.<\/p>\n<p>&nbsp;<\/p>\n<p><strong>Pagaminta:<\/strong>100% medviln\u0117s drob\u0117s<\/p>\n<p>U\u017esegamas u\u017etrauktuku ir daug vidini\u0173 skyri\u0173.<\/p>\n<p><strong>I\u0161matavimai:<\/strong> 22cmx17cmx7cm.<\/p>\n","protected":false},"excerpt":{"rendered":"<p>Puikus ma\u017eas mai\u0161elis &#8211; krep\u0161ys, kuriame galite laikyti ma\u017eus \u017eaislus ir aksesuarus, kad ir kur eitum\u0117te. &nbsp; Pagaminta:100% medviln\u0117s drob\u0117s U\u017esegamas u\u017etrauktuku ir daug vidini\u0173 skyri\u0173. I\u0161matavimai: 22cmx17cmx7cm.<\/p>\n","protected":false},"featured_media":8037,"template":"","meta":[],"product_brand":[],"product_cat":[67,186],"product_tag":[403,648,647,645,646,649],"class_list":{"0":"post-8036","1":"product","2":"type-product","3":"status-publish","4":"has-post-thumbnail","6":"product_cat-apranga-aksesuarai","7":"product_cat-naujienos","8":"product_tag-gommu","9":"product_tag-gommu-lelytems-maiselis","10":"product_tag-gommu-maiselis","11":"product_tag-krepselis","12":"product_tag-maiselis","13":"product_tag-pouch-gommu","14":"","16":"first","17":"instock","18":"taxable","19":"shipping-taxable","20":"purchasable","21":"product-type-simple"},"_links":{"self":[{"href":"https:\/\/secihouse.lt\/index.php\/wp-json\/wp\/v2\/product\/8036","targetHints":{"allow":["GET"]}}],"collection":[{"href":"https:\/\/secihouse.lt\/index.php\/wp-json\/wp\/v2\/product"}],"about":[{"href":"https:\/\/secihouse.lt\/index.php\/wp-json\/wp\/v2\/types\/product"}],"wp:featuredmedia":[{"embeddable":true,"href":"https:\/\/secihouse.lt\/index.php\/wp-json\/wp\/v2\/media\/8037"}],"wp:attachment":[{"href":"https:\/\/secihouse.lt\/index.php\/wp-json\/wp\/v2\/media?parent=8036"}],"wp:term":[{"taxonomy":"product_brand","embeddable":true,"href":"https:\/\/secihouse.lt\/index.php\/wp-json\/wp\/v2\/product_brand?post=8036"},{"taxonomy":"product_cat","embeddable":true,"href":"https:\/\/secihouse.lt\/index.php\/wp-json\/wp\/v2\/product_cat?post=8036"},{"taxonomy":"product_tag","embeddable":true,"href":"https:\/\/secihouse.lt\/index.php\/wp-json\/wp\/v2\/product_tag?post=8036"}],"curies":[{"name":"wp","href":"https:\/\/api.w.org\/{rel}","templated":true}]}}