{"id":8022,"date":"2024-05-02T14:24:32","date_gmt":"2024-05-02T12:24:32","guid":{"rendered":"https:\/\/secihouse.lt\/?post_type=product&#038;p=8022"},"modified":"2025-04-28T08:37:57","modified_gmt":"2025-04-28T06:37:57","slug":"gommu-kuprine-stars","status":"publish","type":"product","link":"https:\/\/secihouse.lt\/index.php\/product\/gommu-kuprine-stars\/","title":{"rendered":"Gommu kuprin\u0117 &#8211; Stars"},"content":{"rendered":"<p>GOMMU KUPRIN\u0116! Puikus aksesuaras, kad gal\u0117tum\u0117te laikyti savo \u0161aunius daiktus ir tuo pat metu visur ne\u0161iotis leliuk\u0105 Gommu!.<\/p>\n<p>&nbsp;<\/p>\n<p><strong>Pagaminta: <\/strong>\u00a0100 % medviln\u0117s drob\u0117s<\/p>\n<p><strong>I\u0161matavimai:<\/strong> 28x31x5 cm.<\/p>\n","protected":false},"excerpt":{"rendered":"<p>GOMMU KUPRIN\u0116! Puikus aksesuaras, kad gal\u0117tum\u0117te laikyti savo \u0161aunius daiktus ir tuo pat metu visur ne\u0161iotis leliuk\u0105 Gommu!. &nbsp; Pagaminta: \u00a0100 % medviln\u0117s drob\u0117s I\u0161matavimai: 28x31x5 cm.<\/p>\n","protected":false},"featured_media":8023,"template":"","meta":[],"product_brand":[],"product_cat":[67,186],"product_tag":[224,46,644,641,403,416,643,490,642],"class_list":{"0":"post-8022","1":"product","2":"type-product","3":"status-publish","4":"has-post-thumbnail","6":"product_cat-apranga-aksesuarai","7":"product_cat-naujienos","8":"product_tag-aksesuarai","9":"product_tag-aksesuarai-vaikams","10":"product_tag-aprangos-dalis","11":"product_tag-backpack","12":"product_tag-gommu","13":"product_tag-gommu-aksesuarai","14":"product_tag-gommu-kuprine","15":"product_tag-kuprine","16":"product_tag-kuprine-lelei","17":"","19":"first","20":"instock","21":"taxable","22":"shipping-taxable","23":"purchasable","24":"product-type-simple"},"_links":{"self":[{"href":"https:\/\/secihouse.lt\/index.php\/wp-json\/wp\/v2\/product\/8022","targetHints":{"allow":["GET"]}}],"collection":[{"href":"https:\/\/secihouse.lt\/index.php\/wp-json\/wp\/v2\/product"}],"about":[{"href":"https:\/\/secihouse.lt\/index.php\/wp-json\/wp\/v2\/types\/product"}],"wp:featuredmedia":[{"embeddable":true,"href":"https:\/\/secihouse.lt\/index.php\/wp-json\/wp\/v2\/media\/8023"}],"wp:attachment":[{"href":"https:\/\/secihouse.lt\/index.php\/wp-json\/wp\/v2\/media?parent=8022"}],"wp:term":[{"taxonomy":"product_brand","embeddable":true,"href":"https:\/\/secihouse.lt\/index.php\/wp-json\/wp\/v2\/product_brand?post=8022"},{"taxonomy":"product_cat","embeddable":true,"href":"https:\/\/secihouse.lt\/index.php\/wp-json\/wp\/v2\/product_cat?post=8022"},{"taxonomy":"product_tag","embeddable":true,"href":"https:\/\/secihouse.lt\/index.php\/wp-json\/wp\/v2\/product_tag?post=8022"}],"curies":[{"name":"wp","href":"https:\/\/api.w.org\/{rel}","templated":true}]}}