{"id":7895,"date":"2024-03-17T09:40:48","date_gmt":"2024-03-17T07:40:48","guid":{"rendered":"https:\/\/secihouse.lt\/?post_type=product&#038;p=7895"},"modified":"2025-04-01T11:59:58","modified_gmt":"2025-04-01T09:59:58","slug":"dovanu-kuponas","status":"publish","type":"product","link":"https:\/\/secihouse.lt\/index.php\/product\/dovanu-kuponas\/","title":{"rendered":"DOVAN\u0172 KUPONAS"},"content":{"rendered":"<p>Ne\u017einote k\u0105 dovanoti ma\u017eyliui ?\u00a0Pagaliau galime pasid\u017eiaugti su Jumis !<\/p>\n<p><strong>SeciHouse parduotuv\u0117l\u0117je dabar galite \u012fsigyt\u012f dovan\u0173 kupon\u0105.<\/strong><\/p>\n<p>Pasirinkite tinkamiausi\u0105 sum\u0105 ir kokiu b\u016bdu nor\u0117tum\u0117te gauti: elektroniu pa\u0161tu, ar popieriniu variantu.<\/p>\n<p>(Nuotraukose parodome pavyzd\u012f, kaip atrodyt\u0173 ap\u010diuopiamas dovan\u0173 kuponas)<\/p>\n<p>Jeigu pasirinkote b\u016bda elektroniniu pa\u0161tu, b\u016btinai nurodykite tiksling\u0105 gav\u0117j\u0105, u\u017esakymo komentare.<\/p>\n<p>&nbsp;<\/p>\n<p><strong>Dovan\u0173 kuponas galioja 3 m\u0117nesius nuo \u012fsigijimo dienos.<\/strong><\/p>\n","protected":false},"excerpt":{"rendered":"<p>Ne\u017einote k\u0105 dovanoti ma\u017eyliui ?\u00a0Pagaliau galime pasid\u017eiaugti su Jumis ! SeciHouse parduotuv\u0117l\u0117je dabar galite \u012fsigyt\u012f dovan\u0173 kupon\u0105. Pasirinkite tinkamiausi\u0105 sum\u0105 ir kokiu b\u016bdu nor\u0117tum\u0117te gauti: elektroniu pa\u0161tu, ar popieriniu variantu. (Nuotraukose parodome pavyzd\u012f, kaip atrodyt\u0173 ap\u010diuopiamas dovan\u0173 kuponas) Jeigu pasirinkote b\u016bda elektroniniu pa\u0161tu, b\u016btinai nurodykite tiksling\u0105 gav\u0117j\u0105, u\u017esakymo komentare. &nbsp; Dovan\u0173 kuponas galioja 3 m\u0117nesius [&hellip;]<\/p>\n","protected":false},"featured_media":7896,"template":"","meta":[],"product_brand":[],"product_cat":[15],"product_tag":[],"class_list":{"0":"post-7895","1":"product","2":"type-product","3":"status-publish","4":"has-post-thumbnail","6":"product_cat-uncategorized","7":"","9":"first","10":"instock","11":"taxable","12":"shipping-taxable","13":"purchasable","14":"product-type-variable"},"_links":{"self":[{"href":"https:\/\/secihouse.lt\/index.php\/wp-json\/wp\/v2\/product\/7895","targetHints":{"allow":["GET"]}}],"collection":[{"href":"https:\/\/secihouse.lt\/index.php\/wp-json\/wp\/v2\/product"}],"about":[{"href":"https:\/\/secihouse.lt\/index.php\/wp-json\/wp\/v2\/types\/product"}],"wp:featuredmedia":[{"embeddable":true,"href":"https:\/\/secihouse.lt\/index.php\/wp-json\/wp\/v2\/media\/7896"}],"wp:attachment":[{"href":"https:\/\/secihouse.lt\/index.php\/wp-json\/wp\/v2\/media?parent=7895"}],"wp:term":[{"taxonomy":"product_brand","embeddable":true,"href":"https:\/\/secihouse.lt\/index.php\/wp-json\/wp\/v2\/product_brand?post=7895"},{"taxonomy":"product_cat","embeddable":true,"href":"https:\/\/secihouse.lt\/index.php\/wp-json\/wp\/v2\/product_cat?post=7895"},{"taxonomy":"product_tag","embeddable":true,"href":"https:\/\/secihouse.lt\/index.php\/wp-json\/wp\/v2\/product_tag?post=7895"}],"curies":[{"name":"wp","href":"https:\/\/api.w.org\/{rel}","templated":true}]}}