{"id":7774,"date":"2024-01-29T19:12:21","date_gmt":"2024-01-29T17:12:21","guid":{"rendered":"https:\/\/secihouse.lt\/?post_type=product&#038;p=7774"},"modified":"2026-02-15T21:09:43","modified_gmt":"2026-02-15T19:09:43","slug":"silly-silas-teddy-atviros-pedkelnes-peanut-blend","status":"publish","type":"product","link":"https:\/\/secihouse.lt\/index.php\/product\/silly-silas-teddy-atviros-pedkelnes-peanut-blend\/","title":{"rendered":"Silly Silas Teddy atviros p\u0117dkeln\u0117s &#8211; Peanut blend"},"content":{"rendered":"<p>P\u0117dkeln\u0117s su kuriomis J\u016bs\u0173 ma\u017eylis atrodys stilingai, o svarbiausia jausis be galo komforti\u0161kai ! \u0160ios p\u0117dkeln\u0117s yra duokl\u0117 vinta\u017ein\u0117s mados nostalgijai.<\/p>\n<p>Pagaminta su plataus briaunoto dizaino, prigludusiu me\u0161kiniu trikota\u017eu, itin patogus ir nuostabiai \u0161iltas.<\/p>\n<p>Pagaminta i\u0161 78% organin\u0117s medviln\u0117s, 18% perdirbto poliamido ir 4% elastano (LYCRA\u00ae pluo\u0161to).<\/p>\n<p>Teddy tekst\u016bra yra tik i\u0161or\u0117je, o viduje \u0161ilta ir mink\u0161ta apdaila.<\/p>\n<p>&nbsp;<\/p>\n<p>Pagaminta Europoje.<\/p>\n<p><strong>Rekomenduojama dyd\u017ei\u0173 lentel\u0117:<\/strong><\/p>\n<ul>\n<li>46-50 \/ 0-2M<\/li>\n<li>52-56 \/ \u00a03-6M<\/li>\n<li>62-68 \u00a0\/ 6-12M<\/li>\n<li>74-80 \u00a0\/ 1-2Y<\/li>\n<li>86-95 \/ \u00a02-3Y<\/li>\n<li>98-104 \/ 3-4Y<\/li>\n<\/ul>\n<p>&nbsp;<\/p>\n<p><strong>Svarbu:<\/strong><\/p>\n<p>Svarbu, kad j\u016bs\u0173 ma\u017eylis p\u0117dkelnes su petne\u0161omis visada d\u0117v\u0117t\u0173 teisingai (kaip parodyta visose m\u016bs\u0173 nuotraukose) \u2013 vien\u0105 petne\u0161\u0105 tvirtai u\u017ed\u0117jus ant kairiojo peties, o kit\u0105 \u2013 ant de\u0161iniojo peties, kad b\u016bt\u0173 i\u0161vengta \u012ftrynim\u0173.<\/p>\n<p>Petne\u0161os padeda ma\u017eiesiems nuotyki\u0173 ie\u0161kotojams laisvai jud\u0117ti \u017eaid\u017eiant ir tyrin\u0117jant pasaul\u012f, tod\u0117l juos visada reikia naudoti tinkamoje pad\u0117tyje.<\/p>\n<p>Tai n\u0117ra miego r\u016bb\u0173 gaminys, nepamir\u0161kite nepalikti vaiko be prie\u017ei\u016bros d\u0117vint p\u0117dkelnes su petne\u0161omis.<\/p>\n<p>&nbsp;<\/p>\n","protected":false},"excerpt":{"rendered":"<p>P\u0117dkeln\u0117s su kuriomis J\u016bs\u0173 ma\u017eylis atrodys stilingai, o svarbiausia jausis be galo komforti\u0161kai ! \u0160ios p\u0117dkeln\u0117s yra duokl\u0117 vinta\u017ein\u0117s mados nostalgijai. Pagaminta su plataus briaunoto dizaino, prigludusiu me\u0161kiniu trikota\u017eu, itin patogus ir nuostabiai \u0161iltas. Pagaminta i\u0161 78% organin\u0117s medviln\u0117s, 18% perdirbto poliamido ir 4% elastano (LYCRA\u00ae pluo\u0161to). Teddy tekst\u016bra yra tik i\u0161or\u0117je, o viduje \u0161ilta [&hellip;]<\/p>\n","protected":false},"featured_media":7775,"template":"","meta":[],"product_brand":[],"product_cat":[67,186],"product_tag":[244,287,377,633,635,634],"class_list":{"0":"post-7774","1":"product","2":"type-product","3":"status-publish","4":"has-post-thumbnail","6":"product_cat-apranga-aksesuarai","7":"product_cat-naujienos","8":"product_tag-apranga","9":"product_tag-drabuzis","10":"product_tag-pedkelnes","11":"product_tag-pedklenes-su-petnesomis","12":"product_tag-silly-silas","13":"product_tag-tights","14":"","16":"first","17":"instock","18":"taxable","19":"shipping-taxable","20":"purchasable","21":"product-type-variable"},"_links":{"self":[{"href":"https:\/\/secihouse.lt\/index.php\/wp-json\/wp\/v2\/product\/7774","targetHints":{"allow":["GET"]}}],"collection":[{"href":"https:\/\/secihouse.lt\/index.php\/wp-json\/wp\/v2\/product"}],"about":[{"href":"https:\/\/secihouse.lt\/index.php\/wp-json\/wp\/v2\/types\/product"}],"wp:featuredmedia":[{"embeddable":true,"href":"https:\/\/secihouse.lt\/index.php\/wp-json\/wp\/v2\/media\/7775"}],"wp:attachment":[{"href":"https:\/\/secihouse.lt\/index.php\/wp-json\/wp\/v2\/media?parent=7774"}],"wp:term":[{"taxonomy":"product_brand","embeddable":true,"href":"https:\/\/secihouse.lt\/index.php\/wp-json\/wp\/v2\/product_brand?post=7774"},{"taxonomy":"product_cat","embeddable":true,"href":"https:\/\/secihouse.lt\/index.php\/wp-json\/wp\/v2\/product_cat?post=7774"},{"taxonomy":"product_tag","embeddable":true,"href":"https:\/\/secihouse.lt\/index.php\/wp-json\/wp\/v2\/product_tag?post=7774"}],"curies":[{"name":"wp","href":"https:\/\/api.w.org\/{rel}","templated":true}]}}