{"id":7762,"date":"2024-01-29T18:57:51","date_gmt":"2024-01-29T16:57:51","guid":{"rendered":"https:\/\/secihouse.lt\/?post_type=product&#038;p=7762"},"modified":"2026-02-15T21:10:10","modified_gmt":"2026-02-15T19:10:10","slug":"silly-silas-atviros-pedkelnes-su-merino-vilna-ginger","status":"publish","type":"product","link":"https:\/\/secihouse.lt\/index.php\/product\/silly-silas-atviros-pedkelnes-su-merino-vilna-ginger\/","title":{"rendered":"Silly Silas Atviros p\u0117dkeln\u0117s su merino vilna &#8211; Ginger"},"content":{"rendered":"<p>P\u0117dkeln\u0117s su kuriomis J\u016bs\u0173 ma\u017eylis atrodys stilingai, o svarbiausia jausis be galo komforti\u0161kai !<\/p>\n<p>Silly Silas p\u0117dkeln\u0117s \u00a0pagamintos i\u0161 59% merino vilnos ir 41% organin\u0117s medviln\u0117s, kuri tinkanti ir k\u016bdikiams su jautriausia odele.\u00a0Merino vilna \u2013 tai itin smulkus, itin mink\u0161tas nat\u016bralus pluo\u0161tas, pralaidus orui ir padedantis reguliuoti k\u016bno temperat\u016br\u0105 tiek \u0161iltu, tiek \u0161altu oru. \u017diemos dienomis jis sugeria \u0161alt\u0105 or\u0105 ir cirkuliuoja \u0161ilum\u0105. Vasaros dienomis jis leid\u017eia k\u016bnui kv\u0117puoti, sugerdamas vanden\u012f i\u0161 j\u016bs\u0173 ma\u017eyli\u0173 odos.<\/p>\n<p>Pagaminta Europoje.<\/p>\n<p><strong>Rekomenduojama dyd\u017ei\u0173 lentel\u0117:<\/strong><\/p>\n<ul>\n<li>46-50 \/ 0-2M<\/li>\n<li>52-56 \/ \u00a03-6M<\/li>\n<li>62-68 \u00a0\/ 6-12M<\/li>\n<li>74-80 \u00a0\/ 1-2Y<\/li>\n<li>86-95 \/ \u00a02-3Y<\/li>\n<li>98-104 \/ 3-4Y<\/li>\n<\/ul>\n<p>&nbsp;<\/p>\n<p><strong>Svarbu:<\/strong><\/p>\n<p>Svarbu, kad j\u016bs\u0173 ma\u017eylis p\u0117dkelnes su petne\u0161omis visada d\u0117v\u0117t\u0173 teisingai (kaip parodyta visose m\u016bs\u0173 nuotraukose) \u2013 vien\u0105 petne\u0161\u0105 tvirtai u\u017ed\u0117jus ant kairiojo peties, o kit\u0105 \u2013 ant de\u0161iniojo peties, kad b\u016bt\u0173 i\u0161vengta \u012ftrynim\u0173.<\/p>\n<p>Petne\u0161os padeda ma\u017eiesiems nuotyki\u0173 ie\u0161kotojams laisvai jud\u0117ti \u017eaid\u017eiant ir tyrin\u0117jant pasaul\u012f, tod\u0117l juos visada reikia naudoti tinkamoje pad\u0117tyje.<\/p>\n<p>Tai n\u0117ra miego r\u016bb\u0173 gaminys, nepamir\u0161kite nepalikti vaiko be prie\u017ei\u016bros d\u0117vint p\u0117dkelnes su petne\u0161omis.<\/p>\n<p>&nbsp;<\/p>\n","protected":false},"excerpt":{"rendered":"<p>P\u0117dkeln\u0117s su kuriomis J\u016bs\u0173 ma\u017eylis atrodys stilingai, o svarbiausia jausis be galo komforti\u0161kai ! Silly Silas p\u0117dkeln\u0117s \u00a0pagamintos i\u0161 59% merino vilnos ir 41% organin\u0117s medviln\u0117s, kuri tinkanti ir k\u016bdikiams su jautriausia odele.\u00a0Merino vilna \u2013 tai itin smulkus, itin mink\u0161tas nat\u016bralus pluo\u0161tas, pralaidus orui ir padedantis reguliuoti k\u016bno temperat\u016br\u0105 tiek \u0161iltu, tiek \u0161altu oru. \u017diemos [&hellip;]<\/p>\n","protected":false},"featured_media":7763,"template":"","meta":[],"product_brand":[],"product_cat":[67,186],"product_tag":[244,287,377,633,635,634],"class_list":{"0":"post-7762","1":"product","2":"type-product","3":"status-publish","4":"has-post-thumbnail","6":"product_cat-apranga-aksesuarai","7":"product_cat-naujienos","8":"product_tag-apranga","9":"product_tag-drabuzis","10":"product_tag-pedkelnes","11":"product_tag-pedklenes-su-petnesomis","12":"product_tag-silly-silas","13":"product_tag-tights","14":"","16":"first","17":"instock","18":"taxable","19":"shipping-taxable","20":"purchasable","21":"product-type-variable"},"_links":{"self":[{"href":"https:\/\/secihouse.lt\/index.php\/wp-json\/wp\/v2\/product\/7762","targetHints":{"allow":["GET"]}}],"collection":[{"href":"https:\/\/secihouse.lt\/index.php\/wp-json\/wp\/v2\/product"}],"about":[{"href":"https:\/\/secihouse.lt\/index.php\/wp-json\/wp\/v2\/types\/product"}],"wp:featuredmedia":[{"embeddable":true,"href":"https:\/\/secihouse.lt\/index.php\/wp-json\/wp\/v2\/media\/7763"}],"wp:attachment":[{"href":"https:\/\/secihouse.lt\/index.php\/wp-json\/wp\/v2\/media?parent=7762"}],"wp:term":[{"taxonomy":"product_brand","embeddable":true,"href":"https:\/\/secihouse.lt\/index.php\/wp-json\/wp\/v2\/product_brand?post=7762"},{"taxonomy":"product_cat","embeddable":true,"href":"https:\/\/secihouse.lt\/index.php\/wp-json\/wp\/v2\/product_cat?post=7762"},{"taxonomy":"product_tag","embeddable":true,"href":"https:\/\/secihouse.lt\/index.php\/wp-json\/wp\/v2\/product_tag?post=7762"}],"curies":[{"name":"wp","href":"https:\/\/api.w.org\/{rel}","templated":true}]}}