{"id":7756,"date":"2024-02-02T09:04:12","date_gmt":"2024-02-02T07:04:12","guid":{"rendered":"https:\/\/secihouse.lt\/?post_type=product&#038;p=7756"},"modified":"2026-02-15T21:09:16","modified_gmt":"2026-02-15T19:09:16","slug":"silly-silas-medvilnines-pedkelnes-maple-leaf","status":"publish","type":"product","link":"https:\/\/secihouse.lt\/index.php\/product\/silly-silas-medvilnines-pedkelnes-maple-leaf\/","title":{"rendered":"Silly Silas Medvilnin\u0117s p\u0117dkeln\u0117s &#8211; Maple Leaf"},"content":{"rendered":"<p>P\u0117dkeln\u0117s su kuriomis J\u016bs\u0173 ma\u017eylis atrodys stilingai, o svarbiausia jausis be galo komforti\u0161kai !<\/p>\n<p>Silly Silas p\u0117dkeln\u0117s \u00a0pagamintos i\u0161 100% organin\u0117s medviln\u0117s, kuri tinkanti ir k\u016bdikiams su jautriausia odele.<\/p>\n<p>Pagaminta Europoje.<\/p>\n<p><strong>Rekomenduojama dyd\u017ei\u0173 lentel\u0117:<\/strong><\/p>\n<ul>\n<li>46-50 \/ 0-2M<\/li>\n<li>52-56 \/ \u00a03-6M<\/li>\n<li>62-68 \u00a0\/ 6-12M<\/li>\n<li>74-80 \u00a0\/ 1-2Y<\/li>\n<li>86-95 \/ \u00a02-3Y<\/li>\n<\/ul>\n<p>&nbsp;<\/p>\n<p><strong>Svarbu:<\/strong><\/p>\n<p>Svarbu, kad j\u016bs\u0173 ma\u017eylis p\u0117dkelnes su petne\u0161omis visada d\u0117v\u0117t\u0173 teisingai (kaip parodyta visose m\u016bs\u0173 nuotraukose) \u2013 vien\u0105 petne\u0161\u0105 tvirtai u\u017ed\u0117jus ant kairiojo peties, o kit\u0105 \u2013 ant de\u0161iniojo peties, kad b\u016bt\u0173 i\u0161vengta \u012ftrynim\u0173.<\/p>\n<p>Petne\u0161os padeda ma\u017eiesiems nuotyki\u0173 ie\u0161kotojams laisvai jud\u0117ti \u017eaid\u017eiant ir tyrin\u0117jant pasaul\u012f, tod\u0117l juos visada reikia naudoti tinkamoje pad\u0117tyje.<\/p>\n<p>Tai n\u0117ra miego r\u016bb\u0173 gaminys, nepamir\u0161kite nepalikti vaiko be prie\u017ei\u016bros d\u0117vint p\u0117dkelnes su petne\u0161omis.<\/p>\n<p>&nbsp;<\/p>\n","protected":false},"excerpt":{"rendered":"<p>P\u0117dkeln\u0117s su kuriomis J\u016bs\u0173 ma\u017eylis atrodys stilingai, o svarbiausia jausis be galo komforti\u0161kai ! Silly Silas p\u0117dkeln\u0117s \u00a0pagamintos i\u0161 100% organin\u0117s medviln\u0117s, kuri tinkanti ir k\u016bdikiams su jautriausia odele. Pagaminta Europoje. Rekomenduojama dyd\u017ei\u0173 lentel\u0117: 46-50 \/ 0-2M 52-56 \/ \u00a03-6M 62-68 \u00a0\/ 6-12M 74-80 \u00a0\/ 1-2Y 86-95 \/ \u00a02-3Y &nbsp; Svarbu: Svarbu, kad j\u016bs\u0173 ma\u017eylis [&hellip;]<\/p>\n","protected":false},"featured_media":7757,"template":"","meta":[],"product_brand":[],"product_cat":[67,186],"product_tag":[244,287,377,633,635,634],"class_list":{"0":"post-7756","1":"product","2":"type-product","3":"status-publish","4":"has-post-thumbnail","6":"product_cat-apranga-aksesuarai","7":"product_cat-naujienos","8":"product_tag-apranga","9":"product_tag-drabuzis","10":"product_tag-pedkelnes","11":"product_tag-pedklenes-su-petnesomis","12":"product_tag-silly-silas","13":"product_tag-tights","14":"","16":"first","17":"instock","18":"taxable","19":"shipping-taxable","20":"purchasable","21":"product-type-variable"},"_links":{"self":[{"href":"https:\/\/secihouse.lt\/index.php\/wp-json\/wp\/v2\/product\/7756","targetHints":{"allow":["GET"]}}],"collection":[{"href":"https:\/\/secihouse.lt\/index.php\/wp-json\/wp\/v2\/product"}],"about":[{"href":"https:\/\/secihouse.lt\/index.php\/wp-json\/wp\/v2\/types\/product"}],"wp:featuredmedia":[{"embeddable":true,"href":"https:\/\/secihouse.lt\/index.php\/wp-json\/wp\/v2\/media\/7757"}],"wp:attachment":[{"href":"https:\/\/secihouse.lt\/index.php\/wp-json\/wp\/v2\/media?parent=7756"}],"wp:term":[{"taxonomy":"product_brand","embeddable":true,"href":"https:\/\/secihouse.lt\/index.php\/wp-json\/wp\/v2\/product_brand?post=7756"},{"taxonomy":"product_cat","embeddable":true,"href":"https:\/\/secihouse.lt\/index.php\/wp-json\/wp\/v2\/product_cat?post=7756"},{"taxonomy":"product_tag","embeddable":true,"href":"https:\/\/secihouse.lt\/index.php\/wp-json\/wp\/v2\/product_tag?post=7756"}],"curies":[{"name":"wp","href":"https:\/\/api.w.org\/{rel}","templated":true}]}}