{"id":7719,"date":"2024-01-11T15:38:57","date_gmt":"2024-01-11T13:38:57","guid":{"rendered":"https:\/\/secihouse.lt\/?post_type=product&#038;p=7719"},"modified":"2025-04-06T16:28:32","modified_gmt":"2025-04-06T14:28:32","slug":"konges-slojd-medinis-traukiamsis-zaislas-bunny","status":"publish","type":"product","link":"https:\/\/secihouse.lt\/index.php\/product\/konges-slojd-medinis-traukiamsis-zaislas-bunny\/","title":{"rendered":"Konges Slojd medinis traukiamsis \u017eaislas &#8211; Bunny"},"content":{"rendered":"<p>I\u0161paskos keliauja ma\u017eas ki\u0161kutis, o kai skamba ksilofono muzika, dar daugiau juoko namuose pasigirsta.\u00a0Ki\u0161kutis groja ksilofonu, kai traukiama virvel\u0117.<\/p>\n<p>&nbsp;<\/p>\n<p><strong>Sud\u0117tis:<\/strong> 100% buko medienos, su medvilniniu si\u016blu.<br \/>\n<strong>Dydis:<\/strong>\u00a011,5 cm x 9,8 cm x 13 cm<\/p>\n<p>\u0160is gaminys pagamintas i\u0161 FSC\u2122 sertifikuotos buko medienos, licencijos numeris: FSC C177572.<\/p>\n<p><strong>Rekomenduojamas am\u017eius:<\/strong> 18 + m\u0117n.<\/p>\n","protected":false},"excerpt":{"rendered":"<p>I\u0161paskos keliauja ma\u017eas ki\u0161kutis, o kai skamba ksilofono muzika, dar daugiau juoko namuose pasigirsta.\u00a0Ki\u0161kutis groja ksilofonu, kai traukiama virvel\u0117. &nbsp; Sud\u0117tis: 100% buko medienos, su medvilniniu si\u016blu. Dydis:\u00a011,5 cm x 9,8 cm x 13 cm \u0160is gaminys pagamintas i\u0161 FSC\u2122 sertifikuotos buko medienos, licencijos numeris: FSC C177572. Rekomenduojamas am\u017eius: 18 + m\u0117n.<\/p>\n","protected":false},"featured_media":7720,"template":"","meta":[],"product_brand":[],"product_cat":[186,66],"product_tag":[236,491,441,590,594,632,631,42],"class_list":{"0":"post-7719","1":"product","2":"type-product","3":"status-publish","4":"has-post-thumbnail","6":"product_cat-naujienos","7":"product_cat-zaislai","8":"product_tag-konges-slojd","9":"product_tag-konges-slojd-muzikinis-zaislas","10":"product_tag-mediniai-zaislai","11":"product_tag-medinis","12":"product_tag-medinis-zaislas","13":"product_tag-muzikinis-zaislas","14":"product_tag-traukiamasis-zaislas","15":"product_tag-zaislai","16":"","18":"first","19":"instock","20":"taxable","21":"shipping-taxable","22":"purchasable","23":"product-type-simple"},"_links":{"self":[{"href":"https:\/\/secihouse.lt\/index.php\/wp-json\/wp\/v2\/product\/7719","targetHints":{"allow":["GET"]}}],"collection":[{"href":"https:\/\/secihouse.lt\/index.php\/wp-json\/wp\/v2\/product"}],"about":[{"href":"https:\/\/secihouse.lt\/index.php\/wp-json\/wp\/v2\/types\/product"}],"wp:featuredmedia":[{"embeddable":true,"href":"https:\/\/secihouse.lt\/index.php\/wp-json\/wp\/v2\/media\/7720"}],"wp:attachment":[{"href":"https:\/\/secihouse.lt\/index.php\/wp-json\/wp\/v2\/media?parent=7719"}],"wp:term":[{"taxonomy":"product_brand","embeddable":true,"href":"https:\/\/secihouse.lt\/index.php\/wp-json\/wp\/v2\/product_brand?post=7719"},{"taxonomy":"product_cat","embeddable":true,"href":"https:\/\/secihouse.lt\/index.php\/wp-json\/wp\/v2\/product_cat?post=7719"},{"taxonomy":"product_tag","embeddable":true,"href":"https:\/\/secihouse.lt\/index.php\/wp-json\/wp\/v2\/product_tag?post=7719"}],"curies":[{"name":"wp","href":"https:\/\/api.w.org\/{rel}","templated":true}]}}