{"id":7480,"date":"2023-11-25T00:50:02","date_gmt":"2023-11-24T22:50:02","guid":{"rendered":"https:\/\/secihouse.lt\/?post_type=product&#038;p=7480"},"modified":"2025-02-15T21:22:08","modified_gmt":"2025-02-15T19:22:08","slug":"maileg-arbatos-rinkinys-madam-blues-favorites","status":"publish","type":"product","link":"https:\/\/secihouse.lt\/index.php\/product\/maileg-arbatos-rinkinys-madam-blues-favorites\/","title":{"rendered":"MAILEG Arbatos rinkinys &#8211; Madam blue&#8217;s favorites"},"content":{"rendered":"<p>Miniati\u016brinis maisto ruo\u0161imo rinkinys su visais Madam Blue m\u0117gstamiausiais. Skardin\u0117 ir du puodeliai, puodas ir keptuv\u0117 su gard\u017eiais pyragai\u010diais \u2013 tradiciniu skandinavi\u0161ku gardumynu \u017eiemos metu. Visos \u0161ios dalys yra popierin\u0117je d\u0117\u017eut\u0117je, kuri atrodo kaip virykl\u0117.<\/p>\n<p>&nbsp;<\/p>\n<p><strong>Dydis: <\/strong>H7cm x 5,5cm<\/p>\n<p><strong>Rekomenduojamas am\u017eius: <\/strong>3+ met\u0173<\/p>\n<p>&nbsp;<\/p>\n","protected":false},"excerpt":{"rendered":"<p>Miniati\u016brinis maisto ruo\u0161imo rinkinys su visais Madam Blue m\u0117gstamiausiais. Skardin\u0117 ir du puodeliai, puodas ir keptuv\u0117 su gard\u017eiais pyragai\u010diais \u2013 tradiciniu skandinavi\u0161ku gardumynu \u017eiemos metu. Visos \u0161ios dalys yra popierin\u0117je d\u0117\u017eut\u0117je, kuri atrodo kaip virykl\u0117. &nbsp; Dydis: H7cm x 5,5cm Rekomenduojamas am\u017eius: 3+ met\u0173 &nbsp;<\/p>\n","protected":false},"featured_media":7481,"template":"","meta":[],"product_brand":[],"product_cat":[61,186],"product_tag":[43,107,625,626,69,72,76,81,624],"class_list":{"0":"post-7480","1":"product","2":"type-product","3":"status-publish","4":"has-post-thumbnail","6":"product_cat-maileg-kolekcija","7":"product_cat-naujienos","8":"product_tag-maileg","9":"product_tag-maileg-aksesuarai","10":"product_tag-maileg-arbatos","11":"product_tag-maileg-arbatos-rinkinys","12":"product_tag-maileg-baldai","13":"product_tag-maileg-kolekcija","14":"product_tag-maileg-maistas","15":"product_tag-maileg-zaislai","16":"product_tag-peliuku-aksesuarai","17":"","19":"first","20":"instock","21":"taxable","22":"shipping-taxable","23":"purchasable","24":"product-type-simple"},"_links":{"self":[{"href":"https:\/\/secihouse.lt\/index.php\/wp-json\/wp\/v2\/product\/7480","targetHints":{"allow":["GET"]}}],"collection":[{"href":"https:\/\/secihouse.lt\/index.php\/wp-json\/wp\/v2\/product"}],"about":[{"href":"https:\/\/secihouse.lt\/index.php\/wp-json\/wp\/v2\/types\/product"}],"wp:featuredmedia":[{"embeddable":true,"href":"https:\/\/secihouse.lt\/index.php\/wp-json\/wp\/v2\/media\/7481"}],"wp:attachment":[{"href":"https:\/\/secihouse.lt\/index.php\/wp-json\/wp\/v2\/media?parent=7480"}],"wp:term":[{"taxonomy":"product_brand","embeddable":true,"href":"https:\/\/secihouse.lt\/index.php\/wp-json\/wp\/v2\/product_brand?post=7480"},{"taxonomy":"product_cat","embeddable":true,"href":"https:\/\/secihouse.lt\/index.php\/wp-json\/wp\/v2\/product_cat?post=7480"},{"taxonomy":"product_tag","embeddable":true,"href":"https:\/\/secihouse.lt\/index.php\/wp-json\/wp\/v2\/product_tag?post=7480"}],"curies":[{"name":"wp","href":"https:\/\/api.w.org\/{rel}","templated":true}]}}