{"id":7478,"date":"2023-11-25T00:44:14","date_gmt":"2023-11-24T22:44:14","guid":{"rendered":"https:\/\/secihouse.lt\/?post_type=product&#038;p=7478"},"modified":"2025-11-28T14:46:11","modified_gmt":"2025-11-28T12:46:11","slug":"maileg-kaledinis-arbateles-laikas","status":"publish","type":"product","link":"https:\/\/secihouse.lt\/index.php\/product\/maileg-kaledinis-arbateles-laikas\/","title":{"rendered":"MAILEG Kal\u0117dinis arbat\u0117l\u0117s laikas"},"content":{"rendered":"<p>Papuo\u0161kite jauk\u0173 kal\u0117din\u012f arbatos stal\u0105 \u0161iuo nuostabiu rinkiniu. Gra\u017eioje dovan\u0173 d\u0117\u017eut\u0117je rasite metalin\u012f arbatos puod\u0105, du puodelius, l\u0117k\u0161t\u0119 ir skaniai dekoruot\u0105 pyrag\u0105 i\u0161 polirezino.<\/p>\n<p>&nbsp;<\/p>\n<p><strong>Dydis: <\/strong>H4,5cm x 7cm<\/p>\n<p><strong>Rekomenduojamas am\u017eius: <\/strong>3+ met\u0173<\/p>\n<p>&nbsp;<\/p>\n","protected":false},"excerpt":{"rendered":"<p>Papuo\u0161kite jauk\u0173 kal\u0117din\u012f arbatos stal\u0105 \u0161iuo nuostabiu rinkiniu. Gra\u017eioje dovan\u0173 d\u0117\u017eut\u0117je rasite metalin\u012f arbatos puod\u0105, du puodelius, l\u0117k\u0161t\u0119 ir skaniai dekoruot\u0105 pyrag\u0105 i\u0161 polirezino. &nbsp; Dydis: H4,5cm x 7cm Rekomenduojamas am\u017eius: 3+ met\u0173 &nbsp;<\/p>\n","protected":false},"featured_media":7479,"template":"","meta":[],"product_brand":[],"product_cat":[61,186],"product_tag":[43,107,625,626,69,72,76,81,624],"class_list":{"0":"post-7478","1":"product","2":"type-product","3":"status-publish","4":"has-post-thumbnail","6":"product_cat-maileg-kolekcija","7":"product_cat-naujienos","8":"product_tag-maileg","9":"product_tag-maileg-aksesuarai","10":"product_tag-maileg-arbatos","11":"product_tag-maileg-arbatos-rinkinys","12":"product_tag-maileg-baldai","13":"product_tag-maileg-kolekcija","14":"product_tag-maileg-maistas","15":"product_tag-maileg-zaislai","16":"product_tag-peliuku-aksesuarai","17":"","19":"first","20":"outofstock","21":"taxable","22":"shipping-taxable","23":"purchasable","24":"product-type-simple"},"_links":{"self":[{"href":"https:\/\/secihouse.lt\/index.php\/wp-json\/wp\/v2\/product\/7478","targetHints":{"allow":["GET"]}}],"collection":[{"href":"https:\/\/secihouse.lt\/index.php\/wp-json\/wp\/v2\/product"}],"about":[{"href":"https:\/\/secihouse.lt\/index.php\/wp-json\/wp\/v2\/types\/product"}],"wp:featuredmedia":[{"embeddable":true,"href":"https:\/\/secihouse.lt\/index.php\/wp-json\/wp\/v2\/media\/7479"}],"wp:attachment":[{"href":"https:\/\/secihouse.lt\/index.php\/wp-json\/wp\/v2\/media?parent=7478"}],"wp:term":[{"taxonomy":"product_brand","embeddable":true,"href":"https:\/\/secihouse.lt\/index.php\/wp-json\/wp\/v2\/product_brand?post=7478"},{"taxonomy":"product_cat","embeddable":true,"href":"https:\/\/secihouse.lt\/index.php\/wp-json\/wp\/v2\/product_cat?post=7478"},{"taxonomy":"product_tag","embeddable":true,"href":"https:\/\/secihouse.lt\/index.php\/wp-json\/wp\/v2\/product_tag?post=7478"}],"curies":[{"name":"wp","href":"https:\/\/api.w.org\/{rel}","templated":true}]}}