{"id":7456,"date":"2023-11-25T00:03:35","date_gmt":"2023-11-24T22:03:35","guid":{"rendered":"https:\/\/secihouse.lt\/?post_type=product&#038;p=7456"},"modified":"2025-11-11T16:35:23","modified_gmt":"2025-11-11T14:35:23","slug":"maileg-peliukas-slidininkas-big-brother","status":"publish","type":"product","link":"https:\/\/secihouse.lt\/index.php\/product\/maileg-peliukas-slidininkas-big-brother\/","title":{"rendered":"MAILEG Peliukas slidininkas &#8211; Big brother"},"content":{"rendered":"<p>Pelyt\u0117, pasiruo\u0161usi valand\u0173 valandas linksmintis \u0161laituose \u0161alt\u0105 \u017eiem\u0105. Kiekviename \u017eaidimo rinkinyje yra \u0161iltai apsirengusi pelyt\u0117 su slid\u0117mis ir lazdomis, kuri atne\u0161 daug g\u0117rio \u012f J\u016bs\u0173 namu\u010dius.<\/p>\n<p>&nbsp;<\/p>\n<p><strong>Dydis: <\/strong>H15cm<\/p>\n<p><strong>Rekomenduojamas am\u017eius: <\/strong>3+ met\u0173<\/p>\n<p><strong>Prie\u017ei\u016bra:\u00a0<\/strong>Skalbti 30\u00b0C<\/p>\n<p><strong>Med\u017eiaga:\u00a0<\/strong>Medviln\u0117<\/p>\n<p><strong>U\u017epildas:\u00a0<\/strong>Perdirbtas poliesteris, Plastiko granul\u0117s<\/p>\n","protected":false},"excerpt":{"rendered":"<p>Pelyt\u0117, pasiruo\u0161usi valand\u0173 valandas linksmintis \u0161laituose \u0161alt\u0105 \u017eiem\u0105. Kiekviename \u017eaidimo rinkinyje yra \u0161iltai apsirengusi pelyt\u0117 su slid\u0117mis ir lazdomis, kuri atne\u0161 daug g\u0117rio \u012f J\u016bs\u0173 namu\u010dius. &nbsp; Dydis: H15cm Rekomenduojamas am\u017eius: 3+ met\u0173 Prie\u017ei\u016bra:\u00a0Skalbti 30\u00b0C Med\u017eiaga:\u00a0Medviln\u0117 U\u017epildas:\u00a0Perdirbtas poliesteris, Plastiko granul\u0117s<\/p>\n","protected":false},"featured_media":7457,"template":"","meta":[],"product_brand":[],"product_cat":[61,186],"product_tag":[43,621,72,144,96,623,81,145,622],"class_list":{"0":"post-7456","1":"product","2":"type-product","3":"status-publish","4":"has-post-thumbnail","6":"product_cat-maileg-kolekcija","7":"product_cat-naujienos","8":"product_tag-maileg","9":"product_tag-maileg-gyvunai","10":"product_tag-maileg-kolekcija","11":"product_tag-maileg-peliukai","12":"product_tag-maileg-peliukas","13":"product_tag-maileg-pelytes","14":"product_tag-maileg-zaislai","15":"product_tag-peliukai","16":"product_tag-pelytes","17":"","19":"first","20":"instock","21":"taxable","22":"shipping-taxable","23":"purchasable","24":"product-type-simple"},"_links":{"self":[{"href":"https:\/\/secihouse.lt\/index.php\/wp-json\/wp\/v2\/product\/7456","targetHints":{"allow":["GET"]}}],"collection":[{"href":"https:\/\/secihouse.lt\/index.php\/wp-json\/wp\/v2\/product"}],"about":[{"href":"https:\/\/secihouse.lt\/index.php\/wp-json\/wp\/v2\/types\/product"}],"wp:featuredmedia":[{"embeddable":true,"href":"https:\/\/secihouse.lt\/index.php\/wp-json\/wp\/v2\/media\/7457"}],"wp:attachment":[{"href":"https:\/\/secihouse.lt\/index.php\/wp-json\/wp\/v2\/media?parent=7456"}],"wp:term":[{"taxonomy":"product_brand","embeddable":true,"href":"https:\/\/secihouse.lt\/index.php\/wp-json\/wp\/v2\/product_brand?post=7456"},{"taxonomy":"product_cat","embeddable":true,"href":"https:\/\/secihouse.lt\/index.php\/wp-json\/wp\/v2\/product_cat?post=7456"},{"taxonomy":"product_tag","embeddable":true,"href":"https:\/\/secihouse.lt\/index.php\/wp-json\/wp\/v2\/product_tag?post=7456"}],"curies":[{"name":"wp","href":"https:\/\/api.w.org\/{rel}","templated":true}]}}