{"id":7395,"date":"2023-11-12T01:11:59","date_gmt":"2023-11-11T23:11:59","guid":{"rendered":"https:\/\/secihouse.lt\/?post_type=product&#038;p=7395"},"modified":"2024-11-29T22:50:58","modified_gmt":"2024-11-29T20:50:58","slug":"konges-slojd-dantuku-dezute","status":"publish","type":"product","link":"https:\/\/secihouse.lt\/index.php\/product\/konges-slojd-dantuku-dezute\/","title":{"rendered":"Konges Slojd dantuk\u0173 d\u0117\u017eut\u0117"},"content":{"rendered":"<p>Dantuk\u0173 d\u0117\u017eut\u0117, kurioje saugiai padedame pirmuosius i\u0161kritusius ma\u017eylio dantukus, kad f\u0117ja ar pelyt\u0117 rast\u0173 ir saugiai parsine\u0161t\u0173 \u012f savo karalyst\u0119.<\/p>\n<p>&nbsp;<\/p>\n<p><strong>Sud\u0117tis:<\/strong> Pagaminta i\u0161 100% akmens med\u017eiagos<\/p>\n<p><strong>Valymo instrukcijos:<\/strong><br \/>\nNeplaukite.<br \/>\nNuvalykite dr\u0117gna \u0161luoste .<\/p>\n<p><strong>Dydis:<\/strong>\u00a09 cm<\/p>\n<p><strong>\u012eSP\u0116JIMAI:<\/strong><br \/>\nTai TIK papuo\u0161imui ir NE \u017eaislas.<\/p>\n<p>&nbsp;<\/p>\n<p>&nbsp;<\/p>\n<p>&nbsp;<\/p>\n","protected":false},"excerpt":{"rendered":"<p>Dantuk\u0173 d\u0117\u017eut\u0117, kurioje saugiai padedame pirmuosius i\u0161kritusius ma\u017eylio dantukus, kad f\u0117ja ar pelyt\u0117 rast\u0173 ir saugiai parsine\u0161t\u0173 \u012f savo karalyst\u0119. &nbsp; Sud\u0117tis: Pagaminta i\u0161 100% akmens med\u017eiagos Valymo instrukcijos: Neplaukite. Nuvalykite dr\u0117gna \u0161luoste . Dydis:\u00a09 cm \u012eSP\u0116JIMAI: Tai TIK papuo\u0161imui ir NE \u017eaislas. &nbsp; &nbsp; &nbsp;<\/p>\n","protected":false},"featured_media":7205,"template":"","meta":[],"product_brand":[],"product_cat":[186,243],"product_tag":[556,236,555,557],"class_list":{"0":"post-7395","1":"product","2":"type-product","3":"status-publish","4":"has-post-thumbnail","6":"product_cat-naujienos","7":"product_cat-vaiku-kambarys","8":"product_tag-dantuku-dezute","9":"product_tag-konges-slojd","10":"product_tag-konges-slojd-dantuku-dezute","11":"product_tag-vaiko-kambarys","12":"","14":"first","15":"instock","16":"taxable","17":"shipping-taxable","18":"purchasable","19":"product-type-simple"},"_links":{"self":[{"href":"https:\/\/secihouse.lt\/index.php\/wp-json\/wp\/v2\/product\/7395","targetHints":{"allow":["GET"]}}],"collection":[{"href":"https:\/\/secihouse.lt\/index.php\/wp-json\/wp\/v2\/product"}],"about":[{"href":"https:\/\/secihouse.lt\/index.php\/wp-json\/wp\/v2\/types\/product"}],"wp:featuredmedia":[{"embeddable":true,"href":"https:\/\/secihouse.lt\/index.php\/wp-json\/wp\/v2\/media\/7205"}],"wp:attachment":[{"href":"https:\/\/secihouse.lt\/index.php\/wp-json\/wp\/v2\/media?parent=7395"}],"wp:term":[{"taxonomy":"product_brand","embeddable":true,"href":"https:\/\/secihouse.lt\/index.php\/wp-json\/wp\/v2\/product_brand?post=7395"},{"taxonomy":"product_cat","embeddable":true,"href":"https:\/\/secihouse.lt\/index.php\/wp-json\/wp\/v2\/product_cat?post=7395"},{"taxonomy":"product_tag","embeddable":true,"href":"https:\/\/secihouse.lt\/index.php\/wp-json\/wp\/v2\/product_tag?post=7395"}],"curies":[{"name":"wp","href":"https:\/\/api.w.org\/{rel}","templated":true}]}}