{"id":7393,"date":"2023-11-12T01:10:45","date_gmt":"2023-11-11T23:10:45","guid":{"rendered":"https:\/\/secihouse.lt\/?post_type=product&#038;p=7393"},"modified":"2023-11-16T23:21:54","modified_gmt":"2023-11-16T21:21:54","slug":"konges-slojd-plauku-lankelis","status":"publish","type":"product","link":"https:\/\/secihouse.lt\/index.php\/product\/konges-slojd-plauku-lankelis\/","title":{"rendered":"Konges Slojd plauk\u0173 lankelis"},"content":{"rendered":"<p>Kiekviena mergyt\u0117 m\u0117gsta pasipuo\u0161ti, bet vienos daugiau, o kitos ma\u017eiau. \u0160is lankelis tiks visoms mergait\u0117ms, net ir toms, kurios nem\u0117gsta puo\u0161tis, nes jis \u0161velnaus tono spalvos, visur puikiai der\u0117s ir plauku\u010diai nekris \u012f akytes.<\/p>\n<p>&nbsp;<\/p>\n<p><strong>Sud\u0117tis:<\/strong> Pagaminta i\u0161 100% medviln\u0117s<\/p>\n","protected":false},"excerpt":{"rendered":"<p>Kiekviena mergyt\u0117 m\u0117gsta pasipuo\u0161ti, bet vienos daugiau, o kitos ma\u017eiau. \u0160is lankelis tiks visoms mergait\u0117ms, net ir toms, kurios nem\u0117gsta puo\u0161tis, nes jis \u0161velnaus tono spalvos, visur puikiai der\u0117s ir plauku\u010diai nekris \u012f akytes. &nbsp; Sud\u0117tis: Pagaminta i\u0161 100% medviln\u0117s<\/p>\n","protected":false},"featured_media":7215,"template":"","meta":[],"product_brand":[],"product_cat":[67,186],"product_tag":[562,236,559,561,560],"class_list":{"0":"post-7393","1":"product","2":"type-product","3":"status-publish","4":"has-post-thumbnail","6":"product_cat-apranga-aksesuarai","7":"product_cat-naujienos","8":"product_tag-aksesuarai-plaukams","9":"product_tag-konges-slojd","10":"product_tag-konges-slojd-lankelis","11":"product_tag-plaukams-aksesuarai","12":"product_tag-plauku-lankelis","13":"","15":"first","16":"instock","17":"taxable","18":"shipping-taxable","19":"purchasable","20":"product-type-simple"},"_links":{"self":[{"href":"https:\/\/secihouse.lt\/index.php\/wp-json\/wp\/v2\/product\/7393","targetHints":{"allow":["GET"]}}],"collection":[{"href":"https:\/\/secihouse.lt\/index.php\/wp-json\/wp\/v2\/product"}],"about":[{"href":"https:\/\/secihouse.lt\/index.php\/wp-json\/wp\/v2\/types\/product"}],"wp:featuredmedia":[{"embeddable":true,"href":"https:\/\/secihouse.lt\/index.php\/wp-json\/wp\/v2\/media\/7215"}],"wp:attachment":[{"href":"https:\/\/secihouse.lt\/index.php\/wp-json\/wp\/v2\/media?parent=7393"}],"wp:term":[{"taxonomy":"product_brand","embeddable":true,"href":"https:\/\/secihouse.lt\/index.php\/wp-json\/wp\/v2\/product_brand?post=7393"},{"taxonomy":"product_cat","embeddable":true,"href":"https:\/\/secihouse.lt\/index.php\/wp-json\/wp\/v2\/product_cat?post=7393"},{"taxonomy":"product_tag","embeddable":true,"href":"https:\/\/secihouse.lt\/index.php\/wp-json\/wp\/v2\/product_tag?post=7393"}],"curies":[{"name":"wp","href":"https:\/\/api.w.org\/{rel}","templated":true}]}}