{"id":7391,"date":"2023-11-12T01:08:46","date_gmt":"2023-11-11T23:08:46","guid":{"rendered":"https:\/\/secihouse.lt\/?post_type=product&#038;p=7391"},"modified":"2025-01-08T11:48:49","modified_gmt":"2025-01-08T09:48:49","slug":"konges-slojd-mamos-krepsys-caramel","status":"publish","type":"product","link":"https:\/\/secihouse.lt\/index.php\/product\/konges-slojd-mamos-krepsys-caramel\/","title":{"rendered":"Konges Slojd mamos krep\u0161ys &#8211; Caramel"},"content":{"rendered":"<p>Vanden\u012f atstumiantis ir funkcionalus mamos krep\u0161ys. \u012evairaus dyd\u017eio elastin\u0117s vidin\u0117s ki\u0161en\u0117s, \u012fskaitant izoliuot\u0105 buteliuko laikikl\u012f, palengvina b\u016btiniausi\u0173 daikt\u0173 laikym\u0105 ir tvarkym\u0105. I\u0161or\u0117je yra du ki\u0161eniniai skyreliai, vienas specialiai sukurtas dr\u0117gnoms servet\u0117l\u0117ms. Krep\u0161yje yra nuimamas pamink\u0161tintas persirengimo kilim\u0117lis. Krep\u0161ys turi didel\u0119 talp\u0105 ir gali b\u016bti naudojamas kaip savaitgalio krep\u0161ys. Jame yra nuimamas ir reguliuojamas pe\u010di\u0173 dir\u017eelis, taip pat paimama rankena.<br \/>\nViskas, ko jums reikia, krep\u0161ys u\u017esisega u\u017etrauktuku ir turi D formos \u017eiedus kiekvienoje pus\u0117je, kurie pritvirtinami prie ve\u017eim\u0117lio ranken\u0173 arba r\u0117mo su ve\u017eim\u0117lio kabliukais. Kokyb\u0117 yra mink\u0161ta ir atstumianti ne\u0161varumus.<\/p>\n<p>Ve\u017eim\u0117lio kabliukai \u012f komplektacij\u0105 ne\u012feina.<\/p>\n<p><strong>Sud\u0117tis<\/strong>: 100% poliesteris<\/p>\n<p><strong>Valymo instrukcijos:<\/strong><br \/>\nKrep\u0161\u012f skalbkite atskirai i\u0161vertus su u\u017etrauktukais, skalbimo mai\u0161elyje.<br \/>\nLengvai nuvalyti dr\u0117gna \u0161luoste.<br \/>\nSkalbti 30 laipsni\u0173 C temperat\u016broje.<br \/>\nPrie\u0161 skalbdami i\u0161imkite plastikin\u0119 plok\u0161t\u0119 viduje.<\/p>\n<p><strong>Dydis:<\/strong><br \/>\nAuk\u0161tis: 30 cm<br \/>\nIlgis: 39 cm<br \/>\nGylis: 25 cm<\/p>\n","protected":false},"excerpt":{"rendered":"<p>Vanden\u012f atstumiantis ir funkcionalus mamos krep\u0161ys. \u012evairaus dyd\u017eio elastin\u0117s vidin\u0117s ki\u0161en\u0117s, \u012fskaitant izoliuot\u0105 buteliuko laikikl\u012f, palengvina b\u016btiniausi\u0173 daikt\u0173 laikym\u0105 ir tvarkym\u0105. I\u0161or\u0117je yra du ki\u0161eniniai skyreliai, vienas specialiai sukurtas dr\u0117gnoms servet\u0117l\u0117ms. Krep\u0161yje yra nuimamas pamink\u0161tintas persirengimo kilim\u0117lis. Krep\u0161ys turi didel\u0119 talp\u0105 ir gali b\u016bti naudojamas kaip savaitgalio krep\u0161ys. Jame yra nuimamas ir reguliuojamas pe\u010di\u0173 dir\u017eelis, [&hellip;]<\/p>\n","protected":false},"featured_media":7224,"template":"","meta":[],"product_brand":[],"product_cat":[59,186],"product_tag":[236,567,566],"class_list":{"0":"post-7391","1":"product","2":"type-product","3":"status-publish","4":"has-post-thumbnail","6":"product_cat-miegas-prieziura","7":"product_cat-naujienos","8":"product_tag-konges-slojd","9":"product_tag-konges-slojd-mamos-krepsys","10":"product_tag-mamos-krepsys","11":"","13":"first","14":"instock","15":"taxable","16":"shipping-taxable","17":"purchasable","18":"product-type-simple"},"_links":{"self":[{"href":"https:\/\/secihouse.lt\/index.php\/wp-json\/wp\/v2\/product\/7391","targetHints":{"allow":["GET"]}}],"collection":[{"href":"https:\/\/secihouse.lt\/index.php\/wp-json\/wp\/v2\/product"}],"about":[{"href":"https:\/\/secihouse.lt\/index.php\/wp-json\/wp\/v2\/types\/product"}],"wp:featuredmedia":[{"embeddable":true,"href":"https:\/\/secihouse.lt\/index.php\/wp-json\/wp\/v2\/media\/7224"}],"wp:attachment":[{"href":"https:\/\/secihouse.lt\/index.php\/wp-json\/wp\/v2\/media?parent=7391"}],"wp:term":[{"taxonomy":"product_brand","embeddable":true,"href":"https:\/\/secihouse.lt\/index.php\/wp-json\/wp\/v2\/product_brand?post=7391"},{"taxonomy":"product_cat","embeddable":true,"href":"https:\/\/secihouse.lt\/index.php\/wp-json\/wp\/v2\/product_cat?post=7391"},{"taxonomy":"product_tag","embeddable":true,"href":"https:\/\/secihouse.lt\/index.php\/wp-json\/wp\/v2\/product_tag?post=7391"}],"curies":[{"name":"wp","href":"https:\/\/api.w.org\/{rel}","templated":true}]}}